{"id":123,"date":"2024-02-16T07:59:03","date_gmt":"2024-02-16T06:59:03","guid":{"rendered":"https:\/\/eager-benz.45-82-188-209.plesk.page\/winkelwagen\/"},"modified":"2024-02-16T07:59:03","modified_gmt":"2024-02-16T06:59:03","slug":"winkelwagen","status":"publish","type":"page","link":"https:\/\/sealife-cameras.eu\/cs\/winkelwagen\/","title":{"rendered":"N\u00e1kupn\u00ed ko\u0161\u00edk"},"content":{"rendered":"<div data-block-name=\"woocommerce\/cart\" class=\"wp-block-woocommerce-cart alignwide is-loading\">\n<div data-block-name=\"woocommerce\/filled-cart-block\" class=\"wp-block-woocommerce-filled-cart-block\">\n<div data-block-name=\"woocommerce\/cart-items-block\" class=\"wp-block-woocommerce-cart-items-block\">\n<div data-block-name=\"woocommerce\/cart-line-items-block\" class=\"wp-block-woocommerce-cart-line-items-block\"><\/div>\n\n\n\n<div data-block-name=\"woocommerce\/cart-cross-sells-block\" class=\"wp-block-woocommerce-cart-cross-sells-block\">\n<h2 class=\"wp-block-heading has-large-font-size\">Mohlo by v\u00e1s zaj\u00edmat...<\/h2>\n\n\n\n<div data-block-name=\"woocommerce\/cart-cross-sells-products-block\" class=\"wp-block-woocommerce-cart-cross-sells-products-block\"><\/div>\n<\/div>\n<\/div>\n\n\n\n<div data-block-name=\"woocommerce\/cart-totals-block\" class=\"wp-block-woocommerce-cart-totals-block\">\n<div data-block-name=\"woocommerce\/cart-order-summary-block\" class=\"wp-block-woocommerce-cart-order-summary-block\">\n<div data-block-name=\"woocommerce\/cart-order-summary-heading-block\" class=\"wp-block-woocommerce-cart-order-summary-heading-block\"><\/div><div data-block-name=\"woocommerce\/cart-order-summary-coupon-form-block\" class=\"wp-block-woocommerce-cart-order-summary-coupon-form-block\"><\/div><div data-block-name=\"woocommerce\/cart-order-summary-totals-block\" class=\"wp-block-woocommerce-cart-order-summary-totals-block\">\n<div data-block-name=\"woocommerce\/cart-order-summary-subtotal-block\" class=\"wp-block-woocommerce-cart-order-summary-subtotal-block\"><\/div>\n<div data-block-name=\"woocommerce\/cart-order-summary-discount-block\" class=\"wp-block-woocommerce-cart-order-summary-discount-block\"><\/div>\n<div data-block-name=\"woocommerce\/cart-order-summary-fee-block\" class=\"wp-block-woocommerce-cart-order-summary-fee-block\"><\/div>\n<div data-block-name=\"woocommerce\/cart-order-summary-shipping-block\" class=\"wp-block-woocommerce-cart-order-summary-shipping-block\"><\/div>\n<div data-block-name=\"woocommerce\/cart-order-summary-taxes-block\" class=\"wp-block-woocommerce-cart-order-summary-taxes-block\"><\/div><\/div>\n<\/div>\n\n\n\n<div data-block-name=\"woocommerce\/cart-express-payment-block\" class=\"wp-block-woocommerce-cart-express-payment-block\"><\/div>\n\n\n\n<div data-block-name=\"woocommerce\/proceed-to-checkout-block\" class=\"wp-block-woocommerce-proceed-to-checkout-block\"><\/div>\n\n\n\n<div data-block-name=\"woocommerce\/cart-accepted-payment-methods-block\" class=\"wp-block-woocommerce-cart-accepted-payment-methods-block\"><\/div>\n<\/div>\n<\/div>\n\n\n\n<div data-block-name=\"woocommerce\/empty-cart-block\" class=\"wp-block-woocommerce-empty-cart-block\">\n<h2 class=\"wp-block-heading has-text-align-center with-empty-cart-icon wc-block-cart__empty-cart__title\">V\u00e1\u0161 ko\u0161\u00edk je moment\u00e1ln\u011b pr\u00e1zdn\u00fd!<\/h2>\n\n\n\n<hr class=\"wp-block-separator has-alpha-channel-opacity is-style-dots\"\/>\n\n\n\n<h2 class=\"wp-block-heading has-text-align-center\">Novinky v obchod\u011b<\/h2>\n\n\n<div data-block-name=\"woocommerce\/product-new\" data-columns=\"4\" data-rows=\"1\" class=\"wc-block-grid wp-block-product-new wp-block-woocommerce-product-new wc-block-product-new has-4-columns\"><ul class=\"wc-block-grid__products\"><li class=\"wc-block-grid__product\">\n\t\t\t\t<a href=\"https:\/\/sealife-cameras.eu\/cs\/produkt\/roestvrijstalen-1-4-20-scharnieren-d-ring-2\/\" class=\"wc-block-grid__product-link\">\n\t\t\t\t\t\n\t\t\t\t\t<div class=\"wc-block-grid__product-image\"><img fetchpriority=\"high\" decoding=\"async\" width=\"300\" height=\"300\" src=\"https:\/\/sealife-cameras.eu\/wp-content\/uploads\/2024\/05\/Sealife_Benelux_Stainless_Steel_1_4_20_Hinged_D_Ring_SL9981-300x300.jpg\" class=\"attachment-woocommerce_thumbnail size-woocommerce_thumbnail\" alt=\"Roestvrijstalen 1\/4-20 Scharnieren D-Ring\" srcset=\"https:\/\/sealife-cameras.eu\/wp-content\/uploads\/2024\/05\/Sealife_Benelux_Stainless_Steel_1_4_20_Hinged_D_Ring_SL9981-300x300.jpg 300w, https:\/\/sealife-cameras.eu\/wp-content\/uploads\/2024\/05\/Sealife_Benelux_Stainless_Steel_1_4_20_Hinged_D_Ring_SL9981-100x100.jpg 100w, https:\/\/sealife-cameras.eu\/wp-content\/uploads\/2024\/05\/Sealife_Benelux_Stainless_Steel_1_4_20_Hinged_D_Ring_SL9981-150x150.jpg 150w\" sizes=\"(max-width: 300px) 100vw, 300px\" \/><\/div>\n\t\t\t\t\t<div class=\"wc-block-grid__product-title\">Z\u00e1v\u011bsy z nerezov\u00e9 oceli 1\/4-20 D-krou\u017eek<\/div>\n\t\t\t\t<\/a>\n\t\t\t\t<div class=\"wc-block-grid__product-price price\"><\/div>\n\t\t\t\t\n\t\t\t\t<div class=\"wp-block-button wc-block-grid__product-add-to-cart\"><a href=\"https:\/\/sealife-cameras.eu\/cs\/produkt\/roestvrijstalen-1-4-20-scharnieren-d-ring-2\/\" aria-label=\"P\u0159e\u010dt\u011bte si v\u00edce o &quot;Roestvrijstalen 1\/4-20 Scharnieren D-Ring&quot;\" data-quantity=\"1\" data-product_id=\"3570\" data-product_sku=\"\" data-price=\"0\" rel=\"nofollow\" class=\"wp-block-button__link  add_to_cart_button\" data-no-translation=\"\" data-trp-gettext=\"\" data-no-translation-aria-label=\"\">P\u0159e\u010dt\u011bte si v\u00edce<\/a><\/div>\n\t\t\t<\/li><li class=\"wc-block-grid__product\">\n\t\t\t\t<a href=\"https:\/\/sealife-cameras.eu\/cs\/produkt\/sea-dragon-mini-1200-kit\/\" class=\"wc-block-grid__product-link\">\n\t\t\t\t\t\n\t\t\t\t\t<div class=\"wc-block-grid__product-image\"><img decoding=\"async\" width=\"300\" height=\"300\" src=\"https:\/\/sealife-cameras.eu\/wp-content\/uploads\/2025\/08\/SLKIT12-Infographic-web-300x300.png\" class=\"attachment-woocommerce_thumbnail size-woocommerce_thumbnail\" alt=\"Sea Dragon Mini 1200 KIT\" srcset=\"https:\/\/sealife-cameras.eu\/wp-content\/uploads\/2025\/08\/SLKIT12-Infographic-web-300x300.png 300w, https:\/\/sealife-cameras.eu\/wp-content\/uploads\/2025\/08\/SLKIT12-Infographic-web-1024x1024.png 1024w, https:\/\/sealife-cameras.eu\/wp-content\/uploads\/2025\/08\/SLKIT12-Infographic-web-150x150.png 150w, https:\/\/sealife-cameras.eu\/wp-content\/uploads\/2025\/08\/SLKIT12-Infographic-web-768x768.png 768w, https:\/\/sealife-cameras.eu\/wp-content\/uploads\/2025\/08\/SLKIT12-Infographic-web-12x12.png 12w, https:\/\/sealife-cameras.eu\/wp-content\/uploads\/2025\/08\/SLKIT12-Infographic-web-650x650.png 650w, https:\/\/sealife-cameras.eu\/wp-content\/uploads\/2025\/08\/SLKIT12-Infographic-web-600x600.png 600w, https:\/\/sealife-cameras.eu\/wp-content\/uploads\/2025\/08\/SLKIT12-Infographic-web-100x100.png 100w, https:\/\/sealife-cameras.eu\/wp-content\/uploads\/2025\/08\/SLKIT12-Infographic-web.png 1200w\" sizes=\"(max-width: 300px) 100vw, 300px\" \/><\/div>\n\t\t\t\t\t<div class=\"wc-block-grid__product-title\">Sada Sea Dragon Mini 1200 KIT<\/div>\n\t\t\t\t<\/a>\n\t\t\t\t<div class=\"wc-block-grid__product-price price\"><\/div>\n\t\t\t\t\n\t\t\t\t<div class=\"wp-block-button wc-block-grid__product-add-to-cart\"><a href=\"https:\/\/sealife-cameras.eu\/cs\/produkt\/sea-dragon-mini-1200-kit\/\" aria-label=\"P\u0159e\u010dt\u011bte si v\u00edce o &quot;Sea Dragon Mini 1200 KIT&quot;\" data-quantity=\"1\" data-product_id=\"3491\" data-product_sku=\"\" data-price=\"0\" rel=\"nofollow\" class=\"wp-block-button__link  add_to_cart_button\" data-no-translation=\"\" data-trp-gettext=\"\" data-no-translation-aria-label=\"\">P\u0159e\u010dt\u011bte si v\u00edce<\/a><\/div>\n\t\t\t<\/li><li class=\"wc-block-grid__product\">\n\t\t\t\t<a href=\"https:\/\/sealife-cameras.eu\/cs\/produkt\/sea-dragon-mini-1600-kit\/\" class=\"wc-block-grid__product-link\">\n\t\t\t\t\t\n\t\t\t\t\t<div class=\"wc-block-grid__product-image\"><img decoding=\"async\" width=\"300\" height=\"300\" src=\"https:\/\/sealife-cameras.eu\/wp-content\/uploads\/2025\/08\/SLKIT13-Infographic-web-300x300.png\" class=\"attachment-woocommerce_thumbnail size-woocommerce_thumbnail\" alt=\"Sea Dragon Mini 1600 KIT\" srcset=\"https:\/\/sealife-cameras.eu\/wp-content\/uploads\/2025\/08\/SLKIT13-Infographic-web-300x300.png 300w, https:\/\/sealife-cameras.eu\/wp-content\/uploads\/2025\/08\/SLKIT13-Infographic-web-1024x1024.png 1024w, https:\/\/sealife-cameras.eu\/wp-content\/uploads\/2025\/08\/SLKIT13-Infographic-web-150x150.png 150w, https:\/\/sealife-cameras.eu\/wp-content\/uploads\/2025\/08\/SLKIT13-Infographic-web-768x768.png 768w, https:\/\/sealife-cameras.eu\/wp-content\/uploads\/2025\/08\/SLKIT13-Infographic-web-12x12.png 12w, https:\/\/sealife-cameras.eu\/wp-content\/uploads\/2025\/08\/SLKIT13-Infographic-web-650x650.png 650w, https:\/\/sealife-cameras.eu\/wp-content\/uploads\/2025\/08\/SLKIT13-Infographic-web-600x600.png 600w, https:\/\/sealife-cameras.eu\/wp-content\/uploads\/2025\/08\/SLKIT13-Infographic-web-100x100.png 100w, https:\/\/sealife-cameras.eu\/wp-content\/uploads\/2025\/08\/SLKIT13-Infographic-web.png 1200w\" sizes=\"(max-width: 300px) 100vw, 300px\" \/><\/div>\n\t\t\t\t\t<div class=\"wc-block-grid__product-title\">Sada Sea Dragon Mini 1600 KIT<\/div>\n\t\t\t\t<\/a>\n\t\t\t\t<div class=\"wc-block-grid__product-price price\"><\/div>\n\t\t\t\t\n\t\t\t\t<div class=\"wp-block-button wc-block-grid__product-add-to-cart\"><a href=\"https:\/\/sealife-cameras.eu\/cs\/produkt\/sea-dragon-mini-1600-kit\/\" aria-label=\"P\u0159e\u010dt\u011bte si v\u00edce o &quot;Sea Dragon Mini 1600 KIT&quot;\" data-quantity=\"1\" data-product_id=\"3486\" data-product_sku=\"\" data-price=\"0\" rel=\"nofollow\" class=\"wp-block-button__link  add_to_cart_button\" data-no-translation=\"\" data-trp-gettext=\"\" data-no-translation-aria-label=\"\">P\u0159e\u010dt\u011bte si v\u00edce<\/a><\/div>\n\t\t\t<\/li><li class=\"wc-block-grid__product\">\n\t\t\t\t<a href=\"https:\/\/sealife-cameras.eu\/cs\/produkt\/sea-dragon-mini-1600\/\" class=\"wc-block-grid__product-link\">\n\t\t\t\t\t\n\t\t\t\t\t<div class=\"wc-block-grid__product-image\"><img loading=\"lazy\" decoding=\"async\" width=\"300\" height=\"300\" src=\"https:\/\/sealife-cameras.eu\/wp-content\/uploads\/2025\/07\/SL658-Sea-Dragon-Mini-1600S-web-300x300.png\" class=\"attachment-woocommerce_thumbnail size-woocommerce_thumbnail\" alt=\"Sea Dragon Mini 1600\" srcset=\"https:\/\/sealife-cameras.eu\/wp-content\/uploads\/2025\/07\/SL658-Sea-Dragon-Mini-1600S-web-300x300.png 300w, https:\/\/sealife-cameras.eu\/wp-content\/uploads\/2025\/07\/SL658-Sea-Dragon-Mini-1600S-web-1024x1024.png 1024w, https:\/\/sealife-cameras.eu\/wp-content\/uploads\/2025\/07\/SL658-Sea-Dragon-Mini-1600S-web-150x150.png 150w, https:\/\/sealife-cameras.eu\/wp-content\/uploads\/2025\/07\/SL658-Sea-Dragon-Mini-1600S-web-768x768.png 768w, https:\/\/sealife-cameras.eu\/wp-content\/uploads\/2025\/07\/SL658-Sea-Dragon-Mini-1600S-web-12x12.png 12w, https:\/\/sealife-cameras.eu\/wp-content\/uploads\/2025\/07\/SL658-Sea-Dragon-Mini-1600S-web-650x650.png 650w, https:\/\/sealife-cameras.eu\/wp-content\/uploads\/2025\/07\/SL658-Sea-Dragon-Mini-1600S-web-600x600.png 600w, https:\/\/sealife-cameras.eu\/wp-content\/uploads\/2025\/07\/SL658-Sea-Dragon-Mini-1600S-web-100x100.png 100w, https:\/\/sealife-cameras.eu\/wp-content\/uploads\/2025\/07\/SL658-Sea-Dragon-Mini-1600S-web.png 1200w\" sizes=\"(max-width: 300px) 100vw, 300px\" \/><\/div>\n\t\t\t\t\t<div class=\"wc-block-grid__product-title\">Sea Dragon Mini 1600<\/div>\n\t\t\t\t<\/a>\n\t\t\t\t<div class=\"wc-block-grid__product-price price\"><\/div>\n\t\t\t\t\n\t\t\t\t<div class=\"wp-block-button wc-block-grid__product-add-to-cart\"><a href=\"https:\/\/sealife-cameras.eu\/cs\/produkt\/sea-dragon-mini-1600\/\" aria-label=\"P\u0159e\u010dt\u011bte si v\u00edce o &quot;Sea Dragon Mini 1600&quot;\" data-quantity=\"1\" data-product_id=\"3467\" data-product_sku=\"\" data-price=\"0\" rel=\"nofollow\" class=\"wp-block-button__link  add_to_cart_button\" data-no-translation=\"\" data-trp-gettext=\"\" data-no-translation-aria-label=\"\">P\u0159e\u010dt\u011bte si v\u00edce<\/a><\/div>\n\t\t\t<\/li><\/ul><\/div><\/div>\n<\/div>","protected":false},"excerpt":{"rendered":"","protected":false},"author":1,"featured_media":0,"parent":0,"menu_order":0,"comment_status":"closed","ping_status":"closed","template":"","meta":{"_acf_changed":false,"footnotes":""},"class_list":["post-123","page","type-page","status-publish","hentry"],"acf":[],"_links":{"self":[{"href":"https:\/\/sealife-cameras.eu\/cs\/wp-json\/wp\/v2\/pages\/123","targetHints":{"allow":["GET"]}}],"collection":[{"href":"https:\/\/sealife-cameras.eu\/cs\/wp-json\/wp\/v2\/pages"}],"about":[{"href":"https:\/\/sealife-cameras.eu\/cs\/wp-json\/wp\/v2\/types\/page"}],"author":[{"embeddable":true,"href":"https:\/\/sealife-cameras.eu\/cs\/wp-json\/wp\/v2\/users\/1"}],"replies":[{"embeddable":true,"href":"https:\/\/sealife-cameras.eu\/cs\/wp-json\/wp\/v2\/comments?post=123"}],"version-history":[{"count":0,"href":"https:\/\/sealife-cameras.eu\/cs\/wp-json\/wp\/v2\/pages\/123\/revisions"}],"wp:attachment":[{"href":"https:\/\/sealife-cameras.eu\/cs\/wp-json\/wp\/v2\/media?parent=123"}],"curies":[{"name":"wp","href":"https:\/\/api.w.org\/{rel}","templated":true}]}}