{"id":2015,"date":"2024-05-13T03:07:28","date_gmt":"2024-05-13T01:07:28","guid":{"rendered":"https:\/\/modest-cartwright.45-82-188-209.plesk.page\/?page_id=2015"},"modified":"2024-05-13T03:08:46","modified_gmt":"2024-05-13T01:08:46","slug":"bestelproces","status":"publish","type":"page","link":"https:\/\/sealife-cameras.eu\/cs\/bestelproces\/","title":{"rendered":"Proces objedn\u00e1v\u00e1n\u00ed"},"content":{"rendered":"<div data-elementor-type=\"wp-page\" data-elementor-id=\"2015\" class=\"elementor elementor-2015\" data-elementor-post-type=\"page\">\n\t\t\t\t\t\t<section class=\"has_ae_slider elementor-section elementor-top-section elementor-element elementor-element-456eb1e elementor-section-boxed elementor-section-height-default elementor-section-height-default ae-bg-gallery-type-default\" data-id=\"456eb1e\" data-element_type=\"section\" data-e-type=\"section\" data-settings=\"{&quot;background_background&quot;:&quot;classic&quot;}\">\n\t\t\t\t\t\t<div class=\"elementor-container elementor-column-gap-default\">\n\t\t\t\t\t<div class=\"has_ae_slider elementor-column elementor-col-100 elementor-top-column elementor-element elementor-element-3a59111 ae-bg-gallery-type-default\" data-id=\"3a59111\" data-element_type=\"column\" data-e-type=\"column\" data-settings=\"{&quot;background_background&quot;:&quot;classic&quot;}\">\n\t\t\t<div class=\"elementor-widget-wrap elementor-element-populated\">\n\t\t\t\t\t\t<div class=\"elementor-element elementor-element-0bccd0e elementor-widget elementor-widget-heading\" data-id=\"0bccd0e\" data-element_type=\"widget\" data-e-type=\"widget\" data-widget_type=\"heading.default\">\n\t\t\t\t<div class=\"elementor-widget-container\">\n\t\t\t\t\t<h2 class=\"elementor-heading-title elementor-size-default\">Proces objedn\u00e1v\u00e1n\u00ed<\/h2>\t\t\t\t<\/div>\n\t\t\t\t<\/div>\n\t\t\t\t<div class=\"elementor-element elementor-element-05f8c46 elementor-widget__width-initial list elementor-widget elementor-widget-text-editor\" data-id=\"05f8c46\" data-element_type=\"widget\" data-e-type=\"widget\" data-widget_type=\"text-editor.default\">\n\t\t\t\t<div class=\"elementor-widget-container\">\n\t\t\t\t\t\t\t\t\t<p class=\"p1\">Hled\u00e1te konkr\u00e9tn\u00ed produkt, ale nem\u016f\u017eete ho naj\u00edt? Nev\u00e1hejte n\u00e1s kontaktovat a my v\u00e1m r\u00e1di pom\u016f\u017eeme.<span class=\"Apple-converted-space\">\u00a0<\/span><\/p><p class=\"p1\"><b>Stav z\u00e1sob<\/b><br \/>Zbo\u017e\u00ed, kter\u00e9 je skladem, m\u016f\u017ee b\u00fdt doru\u010deno n\u00e1sleduj\u00edc\u00ed pracovn\u00ed den, pokud je objedn\u00e1no do 15:00 (to plat\u00ed pro z\u00e1silky v Nizozemsku). Z\u00e1silky zas\u00edl\u00e1me od pond\u011bl\u00ed do p\u00e1tku prost\u0159ednictv\u00edm spole\u010dnosti GLS. Pokud v\u00fdrobek nen\u00ed skladem, je uvedena odhadovan\u00e1 doba dod\u00e1n\u00ed. Tato doba dod\u00e1n\u00ed je t\u00e9m\u011b\u0159 v\u017edy spr\u00e1vn\u00e1, ale nem\u016f\u017eeme ji zaru\u010dit. Pokud bude doru\u010den\u00ed objedn\u00e1vky trvat d\u00e9le, d\u00e1me v\u00e1m v\u011bd\u011bt. Objedn\u00e1vku pak m\u016f\u017eete bezplatn\u011b zru\u0161it. Pokud chcete zn\u00e1t p\u0159esnou dobu dod\u00e1n\u00ed p\u0159edem, nap\u0159\u00edklad v souvislosti s pot\u00e1p\u011b\u010dskou dovolenou, kontaktujte n\u00e1s.<b><\/b><\/p><p><b>Zad\u00e1n\u00ed objedn\u00e1vky<\/b><\/p><ol><li><b><\/b>P\u0159idejte po\u017eadovan\u00e9 polo\u017eky do n\u00e1kupn\u00edho ko\u0161\u00edku a stiskn\u011bte tla\u010d\u00edtko objednat;<\/li><li><b><\/b>Zkontrolujte ko\u0161\u00edk a stiskn\u011bte tla\u010d\u00edtko pokra\u010dovat v objedn\u00e1vce;<\/li><li><b><\/b>V p\u0159\u00edpad\u011b pot\u0159eby vypl\u0148te sv\u00e9 jm\u00e9no a adresu. Va\u0161e adresa se kontroluje v NL na z\u00e1klad\u011b PS\u010c a \u010d\u00edsla domu;<\/li><li><b><\/b>M\u016f\u017eete uv\u00e9st alternativn\u00ed adresu pro doru\u010den\u00ed;<\/li><li><b><\/b>Zvolte zp\u016fsob platby;<\/li><li><b><\/b>Zkontrolujte po\u0159ad\u00ed;<\/li><li><b><\/b>V p\u0159\u00edpad\u011b pot\u0159eby p\u0159idejte koment\u00e1\u0159;<\/li><li><b><\/b>Objedn\u00e1vku dokon\u010dete stisknut\u00edm tla\u010d\u00edtka koupit. Objedn\u00e1vka je p\u0159ipravena!<\/li><li><b><\/b>Provedeme dal\u0161\u00ed manipulaci a bal\u00ed\u010dek ode\u0161leme.<\/li><\/ol><p class=\"p1\"><b>Zm\u011bna nebo zru\u0161en\u00ed objedn\u00e1vky<br \/><\/b>Chcete zm\u011bnit nebo zru\u0161it objedn\u00e1vku? Kontaktujte n\u00e1s pros\u00edm co nejd\u0159\u00edve, abychom mohli prov\u00e9st zm\u011bnu je\u0161t\u011b p\u0159ed odesl\u00e1n\u00edm z\u00e1silky po\u0161tou.<\/p>\t\t\t\t\t\t\t\t<\/div>\n\t\t\t\t<\/div>\n\t\t\t\t\t<\/div>\n\t\t<\/div>\n\t\t\t\t\t<\/div>\n\t\t<\/section>\n\t\t\t\t<\/div>","protected":false},"excerpt":{"rendered":"<p>Bestelproces Bent u opzoek naar een bepaald product, maar komt u er niet helemaal uit. Neem gerust contact met ons op en [&hellip;]<\/p>\n","protected":false},"author":1,"featured_media":0,"parent":0,"menu_order":0,"comment_status":"closed","ping_status":"closed","template":"","meta":{"_acf_changed":false,"footnotes":""},"class_list":["post-2015","page","type-page","status-publish","hentry"],"acf":[],"_links":{"self":[{"href":"https:\/\/sealife-cameras.eu\/cs\/wp-json\/wp\/v2\/pages\/2015","targetHints":{"allow":["GET"]}}],"collection":[{"href":"https:\/\/sealife-cameras.eu\/cs\/wp-json\/wp\/v2\/pages"}],"about":[{"href":"https:\/\/sealife-cameras.eu\/cs\/wp-json\/wp\/v2\/types\/page"}],"author":[{"embeddable":true,"href":"https:\/\/sealife-cameras.eu\/cs\/wp-json\/wp\/v2\/users\/1"}],"replies":[{"embeddable":true,"href":"https:\/\/sealife-cameras.eu\/cs\/wp-json\/wp\/v2\/comments?post=2015"}],"version-history":[{"count":4,"href":"https:\/\/sealife-cameras.eu\/cs\/wp-json\/wp\/v2\/pages\/2015\/revisions"}],"predecessor-version":[{"id":2022,"href":"https:\/\/sealife-cameras.eu\/cs\/wp-json\/wp\/v2\/pages\/2015\/revisions\/2022"}],"wp:attachment":[{"href":"https:\/\/sealife-cameras.eu\/cs\/wp-json\/wp\/v2\/media?parent=2015"}],"curies":[{"name":"wp","href":"https:\/\/api.w.org\/{rel}","templated":true}]}}