{"id":21,"date":"2024-01-18T19:56:45","date_gmt":"2024-01-18T19:56:45","guid":{"rendered":"https:\/\/eager-benz.45-82-188-209.plesk.page\/?page_id=21"},"modified":"2024-05-07T12:18:02","modified_gmt":"2024-05-07T10:18:02","slug":"garantie","status":"publish","type":"page","link":"https:\/\/sealife-cameras.eu\/cs\/garantie\/","title":{"rendered":"Z\u00e1ruka"},"content":{"rendered":"<div data-elementor-type=\"wp-page\" data-elementor-id=\"21\" class=\"elementor elementor-21\" data-elementor-post-type=\"page\">\n\t\t\t\t\t\t<section class=\"has_ae_slider elementor-section elementor-top-section elementor-element elementor-element-4a8e963 elementor-section-boxed elementor-section-height-default elementor-section-height-default ae-bg-gallery-type-default\" data-id=\"4a8e963\" data-element_type=\"section\" data-e-type=\"section\" data-settings=\"{&quot;background_background&quot;:&quot;classic&quot;}\">\n\t\t\t\t\t\t<div class=\"elementor-container elementor-column-gap-default\">\n\t\t\t\t\t<div class=\"has_ae_slider elementor-column elementor-col-100 elementor-top-column elementor-element elementor-element-9e749f1 ae-bg-gallery-type-default\" data-id=\"9e749f1\" data-element_type=\"column\" data-e-type=\"column\" data-settings=\"{&quot;background_background&quot;:&quot;classic&quot;}\">\n\t\t\t<div class=\"elementor-widget-wrap elementor-element-populated\">\n\t\t\t\t\t\t<div class=\"elementor-element elementor-element-ac78edf elementor-widget elementor-widget-heading\" data-id=\"ac78edf\" data-element_type=\"widget\" data-e-type=\"widget\" data-widget_type=\"heading.default\">\n\t\t\t\t<div class=\"elementor-widget-container\">\n\t\t\t\t\t<h2 class=\"elementor-heading-title elementor-size-default\">Z\u00e1ruka<\/h2>\t\t\t\t<\/div>\n\t\t\t\t<\/div>\n\t\t\t\t<div class=\"elementor-element elementor-element-60f294c elementor-widget elementor-widget-text-editor\" data-id=\"60f294c\" data-element_type=\"widget\" data-e-type=\"widget\" data-widget_type=\"text-editor.default\">\n\t\t\t\t<div class=\"elementor-widget-container\">\n\t\t\t\t\t\t\t\t\t<p>Ve v\u00fdjime\u010dn\u00e9m p\u0159\u00edpad\u011b, kdy je t\u0159eba uplatnit z\u00e1ru\u010dn\u00ed reklamaci, bude vynalo\u017eeno \u00fasil\u00ed, aby byla vy\u0159\u00edzena co nejd\u0159\u00edve.<br \/>Doty\u010dn\u00fd p\u0159edm\u011bt spolu s dokladem o koupi (ru\u010dn\u011b psan\u00e9 \u00fa\u010dtenky nebudou akceptov\u00e1ny) a oran\u017eov\u00fdm (pln\u011b vypln\u011bn\u00fdm) z\u00e1ru\u010dn\u00edm listem je t\u0159eba vr\u00e1tit na adresu n\u00e1kupu. Pokud nen\u00ed p\u0159edlo\u017een doklad o koupi a z\u00e1ru\u010dn\u00ed list, nem\u016f\u017ee b\u00fdt z\u00e1ruka poskytnuta. Zbo\u017e\u00ed bude pova\u017eov\u00e1no za opravu.<br \/>Nezapome\u0148te uv\u00e9st jasn\u00fd popis z\u00e1vady. Urychl\u00edte t\u00edm proces vy\u0159\u00edzen\u00ed. Prodejce se postar\u00e1 o dal\u0161\u00ed vy\u0159\u00edzen\u00ed z\u00e1ruky.<\/p><p>Opravy v\u00fdrobk\u016f Sealife lze odevzdat u kter\u00e9hokoli prodejce Sealife. Na opravy je v\u017edy p\u0159edem vypracov\u00e1na cenov\u00e1 nab\u00eddka. V p\u0159\u00edpad\u011b opravy jsou v\u017edy \u00fa\u010dtov\u00e1ny n\u00e1klady na prohl\u00eddku. Tyto n\u00e1klady na prohl\u00eddku jsou zahrnuty v cen\u011b nab\u00eddky opravy. V p\u0159\u00edpad\u011b vr\u00e1cen\u00ed opraven\u00fdch v\u00fdrobk\u016f je tato \u010d\u00e1stka \u00fa\u010dtov\u00e1na zvl\u00e1\u0161\u0165.<\/p><p>Z\u00e1ru\u010dn\u00ed reklamace nebo opravy nen\u00ed mo\u017en\u00e9 pod\u00e1vat p\u0159\u00edmo spole\u010dnosti Sealife Benelux B.V..<\/p>\t\t\t\t\t\t\t\t<\/div>\n\t\t\t\t<\/div>\n\t\t\t\t\t<\/div>\n\t\t<\/div>\n\t\t\t\t\t<\/div>\n\t\t<\/section>\n\t\t\t\t<\/div>","protected":false},"excerpt":{"rendered":"<p>Garantie In het uitzonderlijke geval dat er aanspraak gemaakt moet worden op garantie zal getracht worden dit zo spoedig mogelijk te verzorgen.Het [&hellip;]<\/p>\n","protected":false},"author":1,"featured_media":0,"parent":0,"menu_order":0,"comment_status":"closed","ping_status":"closed","template":"","meta":{"_acf_changed":false,"footnotes":""},"class_list":["post-21","page","type-page","status-publish","hentry"],"acf":[],"_links":{"self":[{"href":"https:\/\/sealife-cameras.eu\/cs\/wp-json\/wp\/v2\/pages\/21","targetHints":{"allow":["GET"]}}],"collection":[{"href":"https:\/\/sealife-cameras.eu\/cs\/wp-json\/wp\/v2\/pages"}],"about":[{"href":"https:\/\/sealife-cameras.eu\/cs\/wp-json\/wp\/v2\/types\/page"}],"author":[{"embeddable":true,"href":"https:\/\/sealife-cameras.eu\/cs\/wp-json\/wp\/v2\/users\/1"}],"replies":[{"embeddable":true,"href":"https:\/\/sealife-cameras.eu\/cs\/wp-json\/wp\/v2\/comments?post=21"}],"version-history":[{"count":16,"href":"https:\/\/sealife-cameras.eu\/cs\/wp-json\/wp\/v2\/pages\/21\/revisions"}],"predecessor-version":[{"id":1692,"href":"https:\/\/sealife-cameras.eu\/cs\/wp-json\/wp\/v2\/pages\/21\/revisions\/1692"}],"wp:attachment":[{"href":"https:\/\/sealife-cameras.eu\/cs\/wp-json\/wp\/v2\/media?parent=21"}],"curies":[{"name":"wp","href":"https:\/\/api.w.org\/{rel}","templated":true}]}}