{"id":2278,"date":"2024-05-13T09:25:11","date_gmt":"2024-05-13T07:25:11","guid":{"rendered":"https:\/\/modest-cartwright.45-82-188-209.plesk.page\/?post_type=product&#038;p=2278"},"modified":"2024-08-20T12:42:51","modified_gmt":"2024-08-20T10:42:51","slug":"mounting-screw-flash-base-1-accessory-0625","status":"publish","type":"product","link":"https:\/\/sealife-cameras.eu\/cs\/produkt\/mounting-screw-flash-base-1-accessory-0625\/","title":{"rendered":"Mont\u00e1\u017en\u00ed \u0161roub\/podstavec blesku, 1 p\u0159\u00edslu\u0161enstv\u00ed (0,625\u2033)"},"content":{"rendered":"","protected":false},"excerpt":{"rendered":"","protected":false},"featured_media":2302,"comment_status":"closed","ping_status":"closed","template":"","meta":{"_acf_changed":false},"product_brand":[],"product_cat":[360,343],"product_tag":[],"class_list":{"0":"post-2278","1":"product","2":"type-product","3":"status-publish","4":"has-post-thumbnail","6":"product_cat-external-flash-parts","7":"product_cat-spare-parts","8":"product_shipping_class-pakket","10":"first","11":"instock","12":"purchasable","13":"product-type-simple"},"acf":[],"_links":{"self":[{"href":"https:\/\/sealife-cameras.eu\/cs\/wp-json\/wp\/v2\/product\/2278","targetHints":{"allow":["GET"]}}],"collection":[{"href":"https:\/\/sealife-cameras.eu\/cs\/wp-json\/wp\/v2\/product"}],"about":[{"href":"https:\/\/sealife-cameras.eu\/cs\/wp-json\/wp\/v2\/types\/product"}],"replies":[{"embeddable":true,"href":"https:\/\/sealife-cameras.eu\/cs\/wp-json\/wp\/v2\/comments?post=2278"}],"wp:featuredmedia":[{"embeddable":true,"href":"https:\/\/sealife-cameras.eu\/cs\/wp-json\/wp\/v2\/media\/2302"}],"wp:attachment":[{"href":"https:\/\/sealife-cameras.eu\/cs\/wp-json\/wp\/v2\/media?parent=2278"}],"wp:term":[{"taxonomy":"product_brand","embeddable":true,"href":"https:\/\/sealife-cameras.eu\/cs\/wp-json\/wp\/v2\/product_brand?post=2278"},{"taxonomy":"product_cat","embeddable":true,"href":"https:\/\/sealife-cameras.eu\/cs\/wp-json\/wp\/v2\/product_cat?post=2278"},{"taxonomy":"product_tag","embeddable":true,"href":"https:\/\/sealife-cameras.eu\/cs\/wp-json\/wp\/v2\/product_tag?post=2278"}],"curies":[{"name":"wp","href":"https:\/\/api.w.org\/{rel}","templated":true}]}}