{"id":2343,"date":"2024-05-13T09:25:36","date_gmt":"2024-05-13T07:25:36","guid":{"rendered":"https:\/\/modest-cartwright.45-82-188-209.plesk.page\/?post_type=product&#038;p=2343"},"modified":"2025-01-10T10:46:47","modified_gmt":"2025-01-10T09:46:47","slug":"sea-dragon-3000-auto","status":"publish","type":"product","link":"https:\/\/sealife-cameras.eu\/cs\/produkt\/sea-dragon-3000-auto\/","title":{"rendered":"Sea Dragon 3000 Auto"},"content":{"rendered":"<p><em>Sea Dragon 3000 Auto<br \/>\n\u010c\u00edslo v\u00fdrobku SL678<\/em><\/p>\n<p>TATO POLO\u017dKA JE V OMEZEN\u00c9M MNO\u017dSTV\u00cd.<\/p>\n<p><em><br \/>\nSv\u00edtilna Sea Dragon 3000 Auto poskytuje 3000 lumen\u016f s plynul\u00fdm a rovnom\u011brn\u00fdm \u00fahlem vyza\u0159ov\u00e1n\u00ed p\u0159es 120\u00b0 bez hork\u00fdch m\u00edst. Dv\u011b \u010derven\u00e9 diody LED vyza\u0159uj\u00ed 88\u00b0 \u0161irok\u00fd paprsek v re\u017eimu \"stealth\", kter\u00fd nepla\u0161\u00ed no\u010dn\u00ed mo\u0159sk\u00e9 \u017eivo\u010dichy a zachov\u00e1v\u00e1 p\u0159irozen\u00e9 no\u010dn\u00ed vid\u011bn\u00ed va\u0161ich o\u010d\u00ed. Sv\u011btlo je nap\u00e1jeno dob\u00edjec\u00ed 25Wh lithium-iontovou bateri\u00ed a p\u0159i v\u00fdkonu 100% ho\u0159\u00ed hodinu s konstantn\u00edm jasem d\u00edky nov\u00e9mu \u00fahlu vyza\u0159ov\u00e1n\u00ed COB LED 120\u00b0. Re\u017eim automatick\u00e9 detekce z\u00e1blesku Sea Dragon 3000 Auto vypne sv\u011btlo na jednu sekundu p\u0159i detekci extern\u00edho blesku. T\u00edm je zaji\u0161t\u011bna dobr\u00e1 expozice sn\u00edmku a nedoch\u00e1z\u00ed k tvorb\u011b st\u00edn\u016f na sn\u00edmc\u00edch. Vyberte re\u017eim automatick\u00e9ho jasu a sv\u011bteln\u00fd senzor fotobu\u0148ky lampy 3000 automaticky reguluje jas na z\u00e1klad\u011b bl\u00edzkosti objektu v 10 stupn\u00edch jasu. Sou\u010d\u00e1st\u00ed balen\u00ed je jednoduch\u00fd z\u00e1sobn\u00edk Flex-Connect, grip a adapt\u00e9r pro kameru GoPro\u00ae.<\/em><\/p>\n<p>Specifikace<\/p>\n<p>V\u00fdkonn\u00e1 lampa COB LED se sv\u011bteln\u00fdm tokem 3000 lumen\u016f<br \/>\nAutomatick\u00fd re\u017eim jasu<br \/>\nRe\u017eim automatick\u00e9 detekce blesku<br \/>\nHloubka vyhodnocen\u00e1 do 330 stop \/ 100 m<br \/>\n120\u00b0 \u0161irok\u00fd \u00fahel vyza\u0159ov\u00e1n\u00ed<br \/>\nV\u010detn\u011b rukojeti a jedn\u00e9 z\u00e1suvky<br \/>\nK dispozici tak\u00e9 pouze jako sv\u011bteln\u00e1 hlava<\/p>","protected":false},"excerpt":{"rendered":"<p>Sea Dragon 3000 Auto Product Nr. SL678 DIT ITEM IS BEPERKT LEVERBAAR. De Sea Dragon 3000 Auto levert 3000 lumen met een [&hellip;]<\/p>\n","protected":false},"featured_media":2372,"comment_status":"closed","ping_status":"closed","template":"","meta":{"_acf_changed":false},"product_brand":[],"product_cat":[142],"product_tag":[152,282,146,213,168,252,377,378,379,237,380],"class_list":{"0":"post-2343","1":"product","2":"type-product","3":"status-publish","4":"has-post-thumbnail","6":"product_cat-foto-en-videolampen","7":"product_tag-camera","8":"product_tag-diving","9":"product_tag-fotografie","10":"product_tag-light","11":"product_tag-onderwater","12":"product_tag-onderwaterwereld","13":"product_tag-photography","14":"product_tag-sea-dragon","15":"product_tag-sealife","16":"product_tag-underwater","17":"product_tag-universal","18":"product_shipping_class-pakket","20":"first","21":"instock","22":"product-type-simple"},"acf":[],"_links":{"self":[{"href":"https:\/\/sealife-cameras.eu\/cs\/wp-json\/wp\/v2\/product\/2343","targetHints":{"allow":["GET"]}}],"collection":[{"href":"https:\/\/sealife-cameras.eu\/cs\/wp-json\/wp\/v2\/product"}],"about":[{"href":"https:\/\/sealife-cameras.eu\/cs\/wp-json\/wp\/v2\/types\/product"}],"replies":[{"embeddable":true,"href":"https:\/\/sealife-cameras.eu\/cs\/wp-json\/wp\/v2\/comments?post=2343"}],"wp:featuredmedia":[{"embeddable":true,"href":"https:\/\/sealife-cameras.eu\/cs\/wp-json\/wp\/v2\/media\/2372"}],"wp:attachment":[{"href":"https:\/\/sealife-cameras.eu\/cs\/wp-json\/wp\/v2\/media?parent=2343"}],"wp:term":[{"taxonomy":"product_brand","embeddable":true,"href":"https:\/\/sealife-cameras.eu\/cs\/wp-json\/wp\/v2\/product_brand?post=2343"},{"taxonomy":"product_cat","embeddable":true,"href":"https:\/\/sealife-cameras.eu\/cs\/wp-json\/wp\/v2\/product_cat?post=2343"},{"taxonomy":"product_tag","embeddable":true,"href":"https:\/\/sealife-cameras.eu\/cs\/wp-json\/wp\/v2\/product_tag?post=2343"}],"curies":[{"name":"wp","href":"https:\/\/api.w.org\/{rel}","templated":true}]}}