{"id":2348,"date":"2024-05-13T09:25:36","date_gmt":"2024-05-13T07:25:36","guid":{"rendered":"https:\/\/modest-cartwright.45-82-188-209.plesk.page\/?post_type=product&#038;p=2348"},"modified":"2024-08-20T12:42:50","modified_gmt":"2024-08-20T10:42:50","slug":"sea-dragon-duo-6000-set","status":"publish","type":"product","link":"https:\/\/sealife-cameras.eu\/cs\/produkt\/sea-dragon-duo-6000-set\/","title":{"rendered":"Sada Sea Dragon Duo 6000"},"content":{"rendered":"<p><em>Sada Sea Dragon Duo 6000<br \/>\n\u010c\u00edslo v\u00fdrobku SL691<\/em><\/p>\n<p>VEZM\u011aTE PROS\u00cdM NA V\u011aDOM\u00cd, \u017dE TENTO PRODUKT JE V OMEZEN\u00c9M MNO\u017dSTV\u00cd.<\/p>\n<p>Sada podvodn\u00edho osv\u011btlen\u00ed Sea Dragon Duo 6000 m\u00e1 v\u00fdkon 6000 lumen\u016f a dv\u011b sv\u011btla Sea Dragon 3000 COB LED namontovan\u00e1 na dvojit\u00e9m z\u00e1sobn\u00edku Flex-Connect\u00ae. Ergonomick\u00e9 rukojeti zvy\u0161uj\u00ed stabilitu kamery, zat\u00edmco du\u00e1ln\u00ed osv\u011btlen\u00ed d\u00e1le zvy\u0161uje \u00fahel vyza\u0159ov\u00e1n\u00ed. Sou\u010d\u00e1st\u00ed je adapt\u00e9r pro kameru GoPro\u00ae.<\/p>\n<p>Specifikace<\/p>\n<p>Dv\u011b v\u00fdkonn\u00e1 sv\u011btla LED se sv\u00edtivost\u00ed 3000 lumen\u016f<br \/>\n120\u00b0 \u0161irok\u00fd \u00fahel vyza\u0159ov\u00e1n\u00ed<br \/>\nHloubka vyhodnocen\u00e1 do 330 stop \/ 100 m<br \/>\nHlavy sv\u00edtilen odoln\u00e9 proti korozi<\/p>","protected":false},"excerpt":{"rendered":"<p>Sea Dragon Duo 6000 Set Product Nr. SL691 LET OP DIT PRODUCT IS BEPERKT LEVERBAAR. De Sea Dragon Duo 6000 onderwaterverlichtings set [&hellip;]<\/p>\n","protected":false},"featured_media":2789,"comment_status":"closed","ping_status":"closed","template":"","meta":{"_acf_changed":false},"product_brand":[],"product_cat":[142],"product_tag":[152,282,146,213,168,252,377,378,379,57,237,380],"class_list":{"0":"post-2348","1":"product","2":"type-product","3":"status-publish","4":"has-post-thumbnail","6":"product_cat-foto-en-videolampen","7":"product_tag-camera","8":"product_tag-diving","9":"product_tag-fotografie","10":"product_tag-light","11":"product_tag-onderwater","12":"product_tag-onderwaterwereld","13":"product_tag-photography","14":"product_tag-sea-dragon","15":"product_tag-sealife","16":"product_tag-set","17":"product_tag-underwater","18":"product_tag-universal","19":"product_shipping_class-pakket","21":"first","22":"instock","23":"product-type-simple"},"acf":[],"_links":{"self":[{"href":"https:\/\/sealife-cameras.eu\/cs\/wp-json\/wp\/v2\/product\/2348","targetHints":{"allow":["GET"]}}],"collection":[{"href":"https:\/\/sealife-cameras.eu\/cs\/wp-json\/wp\/v2\/product"}],"about":[{"href":"https:\/\/sealife-cameras.eu\/cs\/wp-json\/wp\/v2\/types\/product"}],"replies":[{"embeddable":true,"href":"https:\/\/sealife-cameras.eu\/cs\/wp-json\/wp\/v2\/comments?post=2348"}],"wp:featuredmedia":[{"embeddable":true,"href":"https:\/\/sealife-cameras.eu\/cs\/wp-json\/wp\/v2\/media\/2789"}],"wp:attachment":[{"href":"https:\/\/sealife-cameras.eu\/cs\/wp-json\/wp\/v2\/media?parent=2348"}],"wp:term":[{"taxonomy":"product_brand","embeddable":true,"href":"https:\/\/sealife-cameras.eu\/cs\/wp-json\/wp\/v2\/product_brand?post=2348"},{"taxonomy":"product_cat","embeddable":true,"href":"https:\/\/sealife-cameras.eu\/cs\/wp-json\/wp\/v2\/product_cat?post=2348"},{"taxonomy":"product_tag","embeddable":true,"href":"https:\/\/sealife-cameras.eu\/cs\/wp-json\/wp\/v2\/product_tag?post=2348"}],"curies":[{"name":"wp","href":"https:\/\/api.w.org\/{rel}","templated":true}]}}