{"id":2391,"date":"2024-05-13T09:26:02","date_gmt":"2024-05-13T07:26:02","guid":{"rendered":"https:\/\/modest-cartwright.45-82-188-209.plesk.page\/?post_type=product&#038;p=2391"},"modified":"2025-07-10T15:12:06","modified_gmt":"2025-07-10T13:12:06","slug":"sea-dragon-mini-900s","status":"publish","type":"product","link":"https:\/\/sealife-cameras.eu\/cs\/produkt\/sea-dragon-mini-900s\/","title":{"rendered":"Sea Dragon Mini 900S"},"content":{"rendered":"<p><em>Sea Dragon Mini 900S<br \/>\n\u010c\u00edslo v\u00fdrobku SL653<\/em><\/p>\n<p>TATO POLO\u017dKA JE V OMEZEN\u00c9M MNO\u017dSTV\u00cd.<\/p>\n<p>Kompaktn\u00ed pot\u00e1p\u011b\u010dsk\u00e9 sv\u011btlo Sea Dragon Mini 900 se sv\u00edtivost\u00ed 900 lumen\u016f nab\u00edz\u00ed u\u017eivatel\u016fm obrovsk\u00fd jas a bodov\u00fd paprsek s velk\u00fdm dosahem. V\u0161echny funkce sv\u011btla jsou snadno dostupn\u00e9 d\u00edky ovl\u00e1d\u00e1n\u00ed jednou rukou, kter\u00e9 umo\u017e\u0148uje p\u0159ep\u00ednat mezi p\u011bti re\u017eimy sv\u011btla: pln\u00fd v\u00fdkon, polovi\u010dn\u00ed v\u00fdkon, \u010dtvrtinov\u00fd v\u00fdkon; jednosekundov\u00fd z\u00e1bleskov\u00fd sign\u00e1l a nouzov\u00fd sign\u00e1l SOS, oba p\u0159i pln\u00e9m v\u00fdkonu. K dispozici je voliteln\u00fd adapt\u00e9r pro mont\u00e1\u017e YS pro zpracov\u00e1n\u00ed obrazu (polo\u017eka SL98104).<\/p>\n<p>Specifikace<\/p>\n<p>V\u00fdkonn\u00e9 sv\u011btlo 900 lumen\u016f<br \/>\nHloubka testov\u00e1na do 330 stop \/ 100 m<br \/>\n14\u00b0 \u00fazk\u00fd \u00fahel vyza\u0159ov\u00e1n\u00ed<br \/>\nP\u011bt sv\u011bteln\u00fdch re\u017eim\u016f<br \/>\nPouzdro z eloxovan\u00e9ho hlin\u00edku<br \/>\nDoba provozu a\u017e 8 hodin<\/p>","protected":false},"excerpt":{"rendered":"<p>Sea Dragon Mini 900S Product Nr. SL653 DIT ITEM IS BEPERKT LEVERBAAR. De compacte Sea Dragon Mini 900 duiklamp met 900 lumen [&hellip;]<\/p>\n","protected":false},"featured_media":2769,"comment_status":"closed","ping_status":"closed","template":"","meta":{"_acf_changed":false},"product_brand":[],"product_cat":[44],"product_tag":[152,282,146,213,168,252,377,378,379,237,380],"class_list":{"0":"post-2391","1":"product","2":"type-product","3":"status-publish","4":"has-post-thumbnail","6":"product_cat-duiklampen","7":"product_tag-camera","8":"product_tag-diving","9":"product_tag-fotografie","10":"product_tag-light","11":"product_tag-onderwater","12":"product_tag-onderwaterwereld","13":"product_tag-photography","14":"product_tag-sea-dragon","15":"product_tag-sealife","16":"product_tag-underwater","17":"product_tag-universal","18":"product_shipping_class-pakket","20":"first","21":"instock","22":"product-type-simple"},"acf":[],"_links":{"self":[{"href":"https:\/\/sealife-cameras.eu\/cs\/wp-json\/wp\/v2\/product\/2391","targetHints":{"allow":["GET"]}}],"collection":[{"href":"https:\/\/sealife-cameras.eu\/cs\/wp-json\/wp\/v2\/product"}],"about":[{"href":"https:\/\/sealife-cameras.eu\/cs\/wp-json\/wp\/v2\/types\/product"}],"replies":[{"embeddable":true,"href":"https:\/\/sealife-cameras.eu\/cs\/wp-json\/wp\/v2\/comments?post=2391"}],"wp:featuredmedia":[{"embeddable":true,"href":"https:\/\/sealife-cameras.eu\/cs\/wp-json\/wp\/v2\/media\/2769"}],"wp:attachment":[{"href":"https:\/\/sealife-cameras.eu\/cs\/wp-json\/wp\/v2\/media?parent=2391"}],"wp:term":[{"taxonomy":"product_brand","embeddable":true,"href":"https:\/\/sealife-cameras.eu\/cs\/wp-json\/wp\/v2\/product_brand?post=2391"},{"taxonomy":"product_cat","embeddable":true,"href":"https:\/\/sealife-cameras.eu\/cs\/wp-json\/wp\/v2\/product_cat?post=2391"},{"taxonomy":"product_tag","embeddable":true,"href":"https:\/\/sealife-cameras.eu\/cs\/wp-json\/wp\/v2\/product_tag?post=2391"}],"curies":[{"name":"wp","href":"https:\/\/api.w.org\/{rel}","templated":true}]}}