{"id":2392,"date":"2024-05-13T09:26:02","date_gmt":"2024-05-13T07:26:02","guid":{"rendered":"https:\/\/modest-cartwright.45-82-188-209.plesk.page\/?post_type=product&#038;p=2392"},"modified":"2025-07-10T15:12:30","modified_gmt":"2025-07-10T13:12:30","slug":"sea-dragon-mini-900s-power-kit-slkit06","status":"publish","type":"product","link":"https:\/\/sealife-cameras.eu\/cs\/produkt\/sea-dragon-mini-900s-power-kit-slkit06\/","title":{"rendered":"Nap\u00e1jec\u00ed sada Sea Dragon Mini 900S"},"content":{"rendered":"<p><em>Sada Sea Dragon Mini 900S KIT<br \/>\n\u010c\u00edslo produktu SLKIT06<\/em><\/p>\n<p>TATO POLO\u017dKA JE V OMEZEN\u00c9M MNO\u017dSTV\u00cd.<\/p>\n<p>Sada Sea Dragon Mini 900 Power Kit kombinuje pot\u00e1p\u011b\u010dsk\u00e9 sv\u011btlo Mini 900 s 2600mAh dob\u00edjec\u00ed lithium-iontovou bateri\u00ed 18650 a kompaktn\u00ed USB nab\u00edje\u010dkou, tak\u017ee m\u00e1te v\u0161e, co pot\u0159ebujete k nap\u00e1jen\u00ed Sea Dragon 900 a osv\u011btlen\u00ed va\u0161eho ponoru. K dispozici je voliteln\u00fd adapt\u00e9r pro mont\u00e1\u017e YS pro zobrazov\u00e1n\u00ed (polo\u017eka SL98104).<\/p>\n<p>Specifikace<\/p>\n<p>V\u00fdkonn\u00e9 sv\u011btlo 900 lumen\u016f<br \/>\nHloubka testov\u00e1na do 330 stop \/ 100 m<br \/>\n14\u00b0 \u00fazk\u00fd \u00fahel vyza\u0159ov\u00e1n\u00ed<br \/>\nP\u011bt sv\u011bteln\u00fdch re\u017eim\u016f<br \/>\nPouzdro z eloxovan\u00e9ho hlin\u00edku<br \/>\nDoba provozu a\u017e 8 hodin<br \/>\nSada obsahuje baterii a nab\u00edje\u010dku<\/p>","protected":false},"excerpt":{"rendered":"<p>Sea Dragon Mini 900S KIT Product Nr. SLKIT06 DIT ITEM IS BEPERKT LEVERBAAR. De Sea Dragon Mini 900 Power Kit combineert de [&hellip;]<\/p>\n","protected":false},"featured_media":2766,"comment_status":"closed","ping_status":"closed","template":"","meta":{"_acf_changed":false},"product_brand":[],"product_cat":[44],"product_tag":[152,282,146,292,213,168,252,377,378,379,237,380],"class_list":{"0":"post-2392","1":"product","2":"type-product","3":"status-publish","4":"has-post-thumbnail","6":"product_cat-duiklampen","7":"product_tag-camera","8":"product_tag-diving","9":"product_tag-fotografie","10":"product_tag-kit","11":"product_tag-light","12":"product_tag-onderwater","13":"product_tag-onderwaterwereld","14":"product_tag-photography","15":"product_tag-sea-dragon","16":"product_tag-sealife","17":"product_tag-underwater","18":"product_tag-universal","19":"product_shipping_class-pakket","21":"first","22":"instock","23":"product-type-simple"},"acf":[],"_links":{"self":[{"href":"https:\/\/sealife-cameras.eu\/cs\/wp-json\/wp\/v2\/product\/2392","targetHints":{"allow":["GET"]}}],"collection":[{"href":"https:\/\/sealife-cameras.eu\/cs\/wp-json\/wp\/v2\/product"}],"about":[{"href":"https:\/\/sealife-cameras.eu\/cs\/wp-json\/wp\/v2\/types\/product"}],"replies":[{"embeddable":true,"href":"https:\/\/sealife-cameras.eu\/cs\/wp-json\/wp\/v2\/comments?post=2392"}],"wp:featuredmedia":[{"embeddable":true,"href":"https:\/\/sealife-cameras.eu\/cs\/wp-json\/wp\/v2\/media\/2766"}],"wp:attachment":[{"href":"https:\/\/sealife-cameras.eu\/cs\/wp-json\/wp\/v2\/media?parent=2392"}],"wp:term":[{"taxonomy":"product_brand","embeddable":true,"href":"https:\/\/sealife-cameras.eu\/cs\/wp-json\/wp\/v2\/product_brand?post=2392"},{"taxonomy":"product_cat","embeddable":true,"href":"https:\/\/sealife-cameras.eu\/cs\/wp-json\/wp\/v2\/product_cat?post=2392"},{"taxonomy":"product_tag","embeddable":true,"href":"https:\/\/sealife-cameras.eu\/cs\/wp-json\/wp\/v2\/product_tag?post=2392"}],"curies":[{"name":"wp","href":"https:\/\/api.w.org\/{rel}","templated":true}]}}