{"id":2394,"date":"2024-05-13T09:26:02","date_gmt":"2024-05-13T07:26:02","guid":{"rendered":"https:\/\/modest-cartwright.45-82-188-209.plesk.page\/?post_type=product&#038;p=2394"},"modified":"2025-07-10T15:10:52","modified_gmt":"2025-07-10T13:10:52","slug":"micro-3-0-pro-3000-set","status":"publish","type":"product","link":"https:\/\/sealife-cameras.eu\/cs\/produkt\/micro-3-0-pro-3000-set\/","title":{"rendered":"Sada Micro 3.0 Pro 3000"},"content":{"rendered":"<p><em>Sada Micro 3.0 Pro 3000<br \/>\n\u010c\u00edslo v\u00fdrobku SL552<\/em><\/p>\n<p>TATO POLO\u017dKA JE V OMEZEN\u00c9M MNO\u017dSTV\u00cd.<\/p>\n<p>Kdy\u017e zkombinujete v\u00fdkonn\u00fd fotoapar\u00e1t Sea Dragon 3000F Auto s kamerou Micro 3.0, vytvo\u0159\u00edte dokonal\u00e9 duo. Jasn\u00e1, ale z\u00e1rove\u0148 tepl\u00e1 a barevn\u011b p\u0159\u00edv\u011btiv\u00e1 videolampa Sea Dragon m\u00e1 \u0161irok\u00fd a rovnom\u011brn\u00fd paprsek, kter\u00fd dob\u0159e pokr\u00fdv\u00e1 \u00fahel sn\u00edm\u00e1n\u00ed kamery Micro 3.0. Sea Dragon 3000 Flood nab\u00edz\u00ed funkci \"Auto\", kter\u00e1 po zapnut\u00ed automaticky upravuje sv\u011bteln\u00fd v\u00fdkon na z\u00e1klad\u011b vzd\u00e1lenosti od objektu. Sada obsahuje jednoduchou z\u00e1kladovou desku a rukoje\u0165 Flex-Connect a umo\u017e\u0148uje snadn\u00e9 roz\u0161\u00ed\u0159en\u00ed o dal\u0161\u00ed mo\u017enosti osv\u011btlen\u00ed.<\/p>","protected":false},"excerpt":{"rendered":"<p>Micro 3.0 Pro 3000 Set Product Nr. SL552 DIT ITEM IS BEPERKT LEVERBAAR. Wanneer je de krachtige Sea Dragon 3000F Auto combineert [&hellip;]<\/p>\n","protected":false},"featured_media":2440,"comment_status":"closed","ping_status":"closed","template":"","meta":{"_acf_changed":false},"product_brand":[],"product_cat":[387],"product_tag":[391,152,282,146,389,390,168,252,377,169,378,379,57,237],"class_list":{"0":"post-2394","1":"product","2":"type-product","3":"status-publish","4":"has-post-thumbnail","6":"product_cat-cameras-en-behuizing","7":"product_tag-391","8":"product_tag-camera","9":"product_tag-diving","10":"product_tag-fotografie","11":"product_tag-micro","12":"product_tag-micro-3-0","13":"product_tag-onderwater","14":"product_tag-onderwaterwereld","15":"product_tag-photography","16":"product_tag-pro","17":"product_tag-sea-dragon","18":"product_tag-sealife","19":"product_tag-set","20":"product_tag-underwater","21":"product_shipping_class-pakket","23":"first","24":"instock","25":"product-type-simple"},"acf":[],"_links":{"self":[{"href":"https:\/\/sealife-cameras.eu\/cs\/wp-json\/wp\/v2\/product\/2394","targetHints":{"allow":["GET"]}}],"collection":[{"href":"https:\/\/sealife-cameras.eu\/cs\/wp-json\/wp\/v2\/product"}],"about":[{"href":"https:\/\/sealife-cameras.eu\/cs\/wp-json\/wp\/v2\/types\/product"}],"replies":[{"embeddable":true,"href":"https:\/\/sealife-cameras.eu\/cs\/wp-json\/wp\/v2\/comments?post=2394"}],"wp:featuredmedia":[{"embeddable":true,"href":"https:\/\/sealife-cameras.eu\/cs\/wp-json\/wp\/v2\/media\/2440"}],"wp:attachment":[{"href":"https:\/\/sealife-cameras.eu\/cs\/wp-json\/wp\/v2\/media?parent=2394"}],"wp:term":[{"taxonomy":"product_brand","embeddable":true,"href":"https:\/\/sealife-cameras.eu\/cs\/wp-json\/wp\/v2\/product_brand?post=2394"},{"taxonomy":"product_cat","embeddable":true,"href":"https:\/\/sealife-cameras.eu\/cs\/wp-json\/wp\/v2\/product_cat?post=2394"},{"taxonomy":"product_tag","embeddable":true,"href":"https:\/\/sealife-cameras.eu\/cs\/wp-json\/wp\/v2\/product_tag?post=2394"}],"curies":[{"name":"wp","href":"https:\/\/api.w.org\/{rel}","templated":true}]}}