{"id":2470,"date":"2024-05-13T09:26:55","date_gmt":"2024-05-13T07:26:55","guid":{"rendered":"https:\/\/modest-cartwright.45-82-188-209.plesk.page\/?post_type=product&#038;p=2470"},"modified":"2024-08-20T12:42:45","modified_gmt":"2024-08-20T10:42:45","slug":"flex-connect-adapter-voor-gopro-camera","status":"publish","type":"product","link":"https:\/\/sealife-cameras.eu\/cs\/produkt\/flex-connect-adapter-voor-gopro-camera\/","title":{"rendered":"Adapt\u00e9r Flex-Connect pro kameru GoPro\u00ae"},"content":{"rendered":"<p><em>Adapt\u00e9r Flex-Connect pro kameru GoPro\u00ae<br \/>\n\u010c\u00edslo v\u00fdrobku SL996<\/em><\/p>\n<p>Tento adapt\u00e9r slou\u017e\u00ed k p\u0159ipojen\u00ed kamery GoPro\u00ae k dr\u017e\u00e1ku Flex-Connect Cold Shoe Mount, gripu, z\u00e1sobn\u00edku nebo ramenu Flex Arm. Ide\u00e1ln\u00ed pro upevn\u011bn\u00ed kamery GoPro\u00ae p\u0159\u00edmo nad DC1400 nebo jinou podvodn\u00ed kameru pomoc\u00ed dr\u017e\u00e1ku Flex-Connect Cold Shoe Mount. V\u010detn\u011b \u017ealudov\u00e9 matice.<\/p>","protected":false},"excerpt":{"rendered":"<p>Flex-Connect Adapter voor GoPro\u00ae Camera Product Nr. SL996 Gebruik deze adapter om uw GoPro\u00ae camera op de Flex-Connect Cold Shoe Mount, Grip, [&hellip;]<\/p>\n","protected":false},"featured_media":2500,"comment_status":"closed","ping_status":"closed","template":"","meta":{"_acf_changed":false},"product_brand":[],"product_cat":[406],"product_tag":[402,152,282,407,146,417,168,252,377,379,237],"class_list":{"0":"post-2470","1":"product","2":"type-product","3":"status-publish","4":"has-post-thumbnail","6":"product_cat-flex-connect-accessoires","7":"product_tag-adapter","8":"product_tag-camera","9":"product_tag-diving","10":"product_tag-flex-connect","11":"product_tag-fotografie","12":"product_tag-go-pro","13":"product_tag-onderwater","14":"product_tag-onderwaterwereld","15":"product_tag-photography","16":"product_tag-sealife","17":"product_tag-underwater","18":"product_shipping_class-pakket","20":"first","21":"instock","22":"product-type-simple"},"acf":[],"_links":{"self":[{"href":"https:\/\/sealife-cameras.eu\/cs\/wp-json\/wp\/v2\/product\/2470","targetHints":{"allow":["GET"]}}],"collection":[{"href":"https:\/\/sealife-cameras.eu\/cs\/wp-json\/wp\/v2\/product"}],"about":[{"href":"https:\/\/sealife-cameras.eu\/cs\/wp-json\/wp\/v2\/types\/product"}],"replies":[{"embeddable":true,"href":"https:\/\/sealife-cameras.eu\/cs\/wp-json\/wp\/v2\/comments?post=2470"}],"wp:featuredmedia":[{"embeddable":true,"href":"https:\/\/sealife-cameras.eu\/cs\/wp-json\/wp\/v2\/media\/2500"}],"wp:attachment":[{"href":"https:\/\/sealife-cameras.eu\/cs\/wp-json\/wp\/v2\/media?parent=2470"}],"wp:term":[{"taxonomy":"product_brand","embeddable":true,"href":"https:\/\/sealife-cameras.eu\/cs\/wp-json\/wp\/v2\/product_brand?post=2470"},{"taxonomy":"product_cat","embeddable":true,"href":"https:\/\/sealife-cameras.eu\/cs\/wp-json\/wp\/v2\/product_cat?post=2470"},{"taxonomy":"product_tag","embeddable":true,"href":"https:\/\/sealife-cameras.eu\/cs\/wp-json\/wp\/v2\/product_tag?post=2470"}],"curies":[{"name":"wp","href":"https:\/\/api.w.org\/{rel}","templated":true}]}}