{"id":2473,"date":"2024-05-13T09:26:55","date_gmt":"2024-05-13T07:26:55","guid":{"rendered":"https:\/\/modest-cartwright.45-82-188-209.plesk.page\/?post_type=product&#038;p=2473"},"modified":"2024-08-20T12:42:47","modified_gmt":"2024-08-20T10:42:47","slug":"sealife-micro-camera-mount-voor-gopro-accessories","status":"publish","type":"product","link":"https:\/\/sealife-cameras.eu\/cs\/produkt\/sealife-micro-camera-mount-voor-gopro-accessories\/","title":{"rendered":"Dr\u017e\u00e1k kamery SeaLife Micro pro p\u0159\u00edslu\u0161enstv\u00ed GoPro\u00ae"},"content":{"rendered":"<p><em>Dr\u017e\u00e1k kamery SeaLife Micro pro p\u0159\u00edslu\u0161enstv\u00ed GoPro\u00ae<br \/>\n\u010c\u00edslo produktu SL9818<\/p>\n<p>P\u0159ipojte kameru Micro 2.0 nebo jakoukoli jinou kameru se standardn\u00edm stativov\u00fdm dr\u017e\u00e1kem 1\/4-20 k p\u0159\u00edslu\u0161enstv\u00ed GoPro\u00ae.<br \/>\nAdapt\u00e9r jednodu\u0161e na\u0161roubujte do stativov\u00e9ho dr\u017e\u00e1ku kamery a p\u0159ipojte jej k p\u0159\u00edslu\u0161enstv\u00ed GoPro\u00ae pomoc\u00ed tla\u010d\u00edtka a \u0161roubu GoPro\u00ae.<\/p>","protected":false},"excerpt":{"rendered":"<p>SeaLife Micro Camera Mount voor GoPro\u00ae Accessories Product Nr. SL9818 Sluit de Micro 2.0-camera of een andere camera met een standaard 1 [&hellip;]<\/p>\n","protected":false},"featured_media":2503,"comment_status":"closed","ping_status":"closed","template":"","meta":{"_acf_changed":false},"product_brand":[],"product_cat":[419,418],"product_tag":[251,152,282,146,417,422,168,252,377,379,237],"class_list":{"0":"post-2473","1":"product","2":"type-product","3":"status-publish","4":"has-post-thumbnail","6":"product_cat-accessoires","7":"product_cat-camera-accessoires","8":"product_tag-accessoires","9":"product_tag-camera","10":"product_tag-diving","11":"product_tag-fotografie","12":"product_tag-go-pro","13":"product_tag-mount","14":"product_tag-onderwater","15":"product_tag-onderwaterwereld","16":"product_tag-photography","17":"product_tag-sealife","18":"product_tag-underwater","19":"product_shipping_class-pakket","21":"first","22":"instock","23":"product-type-simple"},"acf":[],"_links":{"self":[{"href":"https:\/\/sealife-cameras.eu\/cs\/wp-json\/wp\/v2\/product\/2473","targetHints":{"allow":["GET"]}}],"collection":[{"href":"https:\/\/sealife-cameras.eu\/cs\/wp-json\/wp\/v2\/product"}],"about":[{"href":"https:\/\/sealife-cameras.eu\/cs\/wp-json\/wp\/v2\/types\/product"}],"replies":[{"embeddable":true,"href":"https:\/\/sealife-cameras.eu\/cs\/wp-json\/wp\/v2\/comments?post=2473"}],"wp:featuredmedia":[{"embeddable":true,"href":"https:\/\/sealife-cameras.eu\/cs\/wp-json\/wp\/v2\/media\/2503"}],"wp:attachment":[{"href":"https:\/\/sealife-cameras.eu\/cs\/wp-json\/wp\/v2\/media?parent=2473"}],"wp:term":[{"taxonomy":"product_brand","embeddable":true,"href":"https:\/\/sealife-cameras.eu\/cs\/wp-json\/wp\/v2\/product_brand?post=2473"},{"taxonomy":"product_cat","embeddable":true,"href":"https:\/\/sealife-cameras.eu\/cs\/wp-json\/wp\/v2\/product_cat?post=2473"},{"taxonomy":"product_tag","embeddable":true,"href":"https:\/\/sealife-cameras.eu\/cs\/wp-json\/wp\/v2\/product_tag?post=2473"}],"curies":[{"name":"wp","href":"https:\/\/api.w.org\/{rel}","templated":true}]}}