{"id":2477,"date":"2024-05-13T09:26:55","date_gmt":"2024-05-13T07:26:55","guid":{"rendered":"https:\/\/modest-cartwright.45-82-188-209.plesk.page\/?post_type=product&#038;p=2477"},"modified":"2024-08-20T12:42:44","modified_gmt":"2024-08-20T10:42:44","slug":"roestvrijstalen-1-4-20-scharnieren-d-ring","status":"publish","type":"product","link":"https:\/\/sealife-cameras.eu\/cs\/produkt\/roestvrijstalen-1-4-20-scharnieren-d-ring\/","title":{"rendered":"Z\u00e1v\u011bsy z nerezov\u00e9 oceli 1\/4-20 D-krou\u017eek"},"content":{"rendered":"<p><em>Z\u00e1v\u011bsy z nerezov\u00e9 oceli 1\/4-20 D-krou\u017eek<br \/>\n\u010c\u00edslo v\u00fdrobku SL9981<\/p>\n<p>Kloubov\u00fd D-krou\u017eek 1\/4-20 se \u0161roubuje do jak\u00e9hokoli standardn\u00edho stativov\u00e9ho dr\u017e\u00e1ku pro p\u0159ipevn\u011bn\u00ed \u0161\u0148\u016frky nebo \u0159em\u00ednku na z\u00e1p\u011bst\u00ed. Je ide\u00e1ln\u00ed pro p\u0159ipevn\u011bn\u00ed \u0161\u0148\u016frky k rukojeti Flex-Connect, z\u00e1sobn\u00edku Flex-Connect, Micro 2.0 nebo jak\u00e9mukoli za\u0159\u00edzen\u00ed se standardn\u00edm dr\u017e\u00e1kem \u00bc-20 na stativ. Vyrobeno z konstrukce z nerezov\u00e9 oceli 316.<\/p>","protected":false},"excerpt":{"rendered":"<p>Roestvrijstalen 1\/4-20 Scharnieren D-Ring Product Nr. SL9981 De 1 \/ 4-20 scharnierende D-ring schroeven in elke standaard statiefbevestiging voor het bevestigen van [&hellip;]<\/p>\n","protected":false},"featured_media":2510,"comment_status":"closed","ping_status":"closed","template":"","meta":{"_acf_changed":false},"product_brand":[],"product_cat":[419,418],"product_tag":[251,152,426,282,146,168,252,377,379,237],"class_list":{"0":"post-2477","1":"product","2":"type-product","3":"status-publish","4":"has-post-thumbnail","6":"product_cat-accessoires","7":"product_cat-camera-accessoires","8":"product_tag-accessoires","9":"product_tag-camera","10":"product_tag-d-ringen","11":"product_tag-diving","12":"product_tag-fotografie","13":"product_tag-onderwater","14":"product_tag-onderwaterwereld","15":"product_tag-photography","16":"product_tag-sealife","17":"product_tag-underwater","18":"product_shipping_class-pakket","20":"first","21":"instock","22":"product-type-simple"},"acf":[],"_links":{"self":[{"href":"https:\/\/sealife-cameras.eu\/cs\/wp-json\/wp\/v2\/product\/2477","targetHints":{"allow":["GET"]}}],"collection":[{"href":"https:\/\/sealife-cameras.eu\/cs\/wp-json\/wp\/v2\/product"}],"about":[{"href":"https:\/\/sealife-cameras.eu\/cs\/wp-json\/wp\/v2\/types\/product"}],"replies":[{"embeddable":true,"href":"https:\/\/sealife-cameras.eu\/cs\/wp-json\/wp\/v2\/comments?post=2477"}],"wp:featuredmedia":[{"embeddable":true,"href":"https:\/\/sealife-cameras.eu\/cs\/wp-json\/wp\/v2\/media\/2510"}],"wp:attachment":[{"href":"https:\/\/sealife-cameras.eu\/cs\/wp-json\/wp\/v2\/media?parent=2477"}],"wp:term":[{"taxonomy":"product_brand","embeddable":true,"href":"https:\/\/sealife-cameras.eu\/cs\/wp-json\/wp\/v2\/product_brand?post=2477"},{"taxonomy":"product_cat","embeddable":true,"href":"https:\/\/sealife-cameras.eu\/cs\/wp-json\/wp\/v2\/product_cat?post=2477"},{"taxonomy":"product_tag","embeddable":true,"href":"https:\/\/sealife-cameras.eu\/cs\/wp-json\/wp\/v2\/product_tag?post=2477"}],"curies":[{"name":"wp","href":"https:\/\/api.w.org\/{rel}","templated":true}]}}