{"id":2478,"date":"2024-05-13T09:26:55","date_gmt":"2024-05-13T07:26:55","guid":{"rendered":"https:\/\/modest-cartwright.45-82-188-209.plesk.page\/?post_type=product&#038;p=2478"},"modified":"2024-08-20T12:42:44","modified_gmt":"2024-08-20T10:42:44","slug":"drijvende-riem-met-clip","status":"publish","type":"product","link":"https:\/\/sealife-cameras.eu\/cs\/produkt\/drijvende-riem-met-clip\/","title":{"rendered":"Plovouc\u00ed p\u00e1sek s klipem"},"content":{"rendered":"<p><em>Plovouc\u00ed p\u00e1sek s klipem<br \/>\n\u010c\u00edslo produktu SL920<\/em><\/p>\n<p>Univerz\u00e1ln\u00ed plov\u00e1kov\u00fd popruh SeaLife je ur\u010den k nadn\u00e1\u0161en\u00ed podvodn\u00edch kamer, sv\u011btel a dal\u0161\u00edch vodot\u011bsn\u00fdch za\u0159\u00edzen\u00ed mnoha zna\u010dek. Popruh Float Strap je d\u016fle\u017eit\u00fd zejm\u00e9na pro kamery Micro HD, HD+ a Micro 2.0 kv\u016fli jejich negativn\u00edmu vztlaku.<\/p>","protected":false},"excerpt":{"rendered":"<p>Drijvende riem met clip Product Nr. SL920 De universele SeaLife Float Strap is ontworpen om vele merken onderwatercamera&#8217;s, verlichting en andere waterdichte [&hellip;]<\/p>\n","protected":false},"featured_media":2511,"comment_status":"closed","ping_status":"closed","template":"","meta":{"_acf_changed":false},"product_brand":[],"product_cat":[419,418],"product_tag":[251,152,282,427,146,168,252,377,379,237],"class_list":{"0":"post-2478","1":"product","2":"type-product","3":"status-publish","4":"has-post-thumbnail","6":"product_cat-accessoires","7":"product_cat-camera-accessoires","8":"product_tag-accessoires","9":"product_tag-camera","10":"product_tag-diving","11":"product_tag-floated-strap","12":"product_tag-fotografie","13":"product_tag-onderwater","14":"product_tag-onderwaterwereld","15":"product_tag-photography","16":"product_tag-sealife","17":"product_tag-underwater","18":"product_shipping_class-pakket","20":"first","21":"instock","22":"product-type-simple"},"acf":[],"_links":{"self":[{"href":"https:\/\/sealife-cameras.eu\/cs\/wp-json\/wp\/v2\/product\/2478","targetHints":{"allow":["GET"]}}],"collection":[{"href":"https:\/\/sealife-cameras.eu\/cs\/wp-json\/wp\/v2\/product"}],"about":[{"href":"https:\/\/sealife-cameras.eu\/cs\/wp-json\/wp\/v2\/types\/product"}],"replies":[{"embeddable":true,"href":"https:\/\/sealife-cameras.eu\/cs\/wp-json\/wp\/v2\/comments?post=2478"}],"wp:featuredmedia":[{"embeddable":true,"href":"https:\/\/sealife-cameras.eu\/cs\/wp-json\/wp\/v2\/media\/2511"}],"wp:attachment":[{"href":"https:\/\/sealife-cameras.eu\/cs\/wp-json\/wp\/v2\/media?parent=2478"}],"wp:term":[{"taxonomy":"product_brand","embeddable":true,"href":"https:\/\/sealife-cameras.eu\/cs\/wp-json\/wp\/v2\/product_brand?post=2478"},{"taxonomy":"product_cat","embeddable":true,"href":"https:\/\/sealife-cameras.eu\/cs\/wp-json\/wp\/v2\/product_cat?post=2478"},{"taxonomy":"product_tag","embeddable":true,"href":"https:\/\/sealife-cameras.eu\/cs\/wp-json\/wp\/v2\/product_tag?post=2478"}],"curies":[{"name":"wp","href":"https:\/\/api.w.org\/{rel}","templated":true}]}}