{"id":2481,"date":"2024-05-13T09:26:55","date_gmt":"2024-05-13T07:26:55","guid":{"rendered":"https:\/\/modest-cartwright.45-82-188-209.plesk.page\/?post_type=product&#038;p=2481"},"modified":"2024-08-20T12:42:45","modified_gmt":"2024-08-20T10:42:45","slug":"usb-batterijlader-voor-dc2000-batterij","status":"publish","type":"product","link":"https:\/\/sealife-cameras.eu\/cs\/produkt\/usb-batterijlader-voor-dc2000-batterij\/","title":{"rendered":"USB nab\u00edje\u010dka pro baterii DC2000"},"content":{"rendered":"<p><em>USB nab\u00edje\u010dka pro baterii DC2000<br \/>\n\u010c\u00edslo produktu SL7405<\/em><\/p>\n<p>VEZM\u011aTE PROS\u00cdM NA V\u011aDOM\u00cd, \u017dE TENTO PRODUKT JE V OMEZEN\u00c9M MNO\u017dSTV\u00cd.<\/p>\n<p>Nab\u00edj\u00ed Li-Ion baterii SeaLife DC2000. Je vybaven podsv\u00edcen\u00fdm LCD indik\u00e1torem stavu baterie. Funguje s jakoukoli USB 5V s\u00ed\u0165ovou nab\u00edje\u010dkou nebo USB portem.<\/p>\n<p>Specifikace<br \/>\nVstup: 5V DC, 1-2A, 10W<br \/>\nV\u00fdstup: 4,2 V DC, 0,6 A, 2,5 W.<br \/>\nDoba nab\u00edjen\u00ed: p\u0159ibli\u017en\u011b 3 hodiny<\/p>","protected":false},"excerpt":{"rendered":"<p>USB-batterijlader voor DC2000 batterij Product Nr. SL7405 LET OP DIT PRODUCT IS BEPERKT LEVERBAAR. Laadt SeaLife DC2000 Li-Ion batterij op. Beschikt over [&hellip;]<\/p>\n","protected":false},"featured_media":2514,"comment_status":"closed","ping_status":"closed","template":"","meta":{"_acf_changed":false},"product_brand":[],"product_cat":[419,418],"product_tag":[251,152,431,398,282,146,168,252,432,377,379,237],"class_list":{"0":"post-2481","1":"product","2":"type-product","3":"status-publish","4":"has-post-thumbnail","6":"product_cat-accessoires","7":"product_cat-camera-accessoires","8":"product_tag-accessoires","9":"product_tag-camera","10":"product_tag-charger","11":"product_tag-dc2000","12":"product_tag-diving","13":"product_tag-fotografie","14":"product_tag-onderwater","15":"product_tag-onderwaterwereld","16":"product_tag-oplader","17":"product_tag-photography","18":"product_tag-sealife","19":"product_tag-underwater","20":"product_shipping_class-pakket","22":"first","23":"instock","24":"product-type-simple"},"acf":[],"_links":{"self":[{"href":"https:\/\/sealife-cameras.eu\/cs\/wp-json\/wp\/v2\/product\/2481","targetHints":{"allow":["GET"]}}],"collection":[{"href":"https:\/\/sealife-cameras.eu\/cs\/wp-json\/wp\/v2\/product"}],"about":[{"href":"https:\/\/sealife-cameras.eu\/cs\/wp-json\/wp\/v2\/types\/product"}],"replies":[{"embeddable":true,"href":"https:\/\/sealife-cameras.eu\/cs\/wp-json\/wp\/v2\/comments?post=2481"}],"wp:featuredmedia":[{"embeddable":true,"href":"https:\/\/sealife-cameras.eu\/cs\/wp-json\/wp\/v2\/media\/2514"}],"wp:attachment":[{"href":"https:\/\/sealife-cameras.eu\/cs\/wp-json\/wp\/v2\/media?parent=2481"}],"wp:term":[{"taxonomy":"product_brand","embeddable":true,"href":"https:\/\/sealife-cameras.eu\/cs\/wp-json\/wp\/v2\/product_brand?post=2481"},{"taxonomy":"product_cat","embeddable":true,"href":"https:\/\/sealife-cameras.eu\/cs\/wp-json\/wp\/v2\/product_cat?post=2481"},{"taxonomy":"product_tag","embeddable":true,"href":"https:\/\/sealife-cameras.eu\/cs\/wp-json\/wp\/v2\/product_tag?post=2481"}],"curies":[{"name":"wp","href":"https:\/\/api.w.org\/{rel}","templated":true}]}}