{"id":2491,"date":"2024-05-13T09:26:55","date_gmt":"2024-05-13T07:26:55","guid":{"rendered":"https:\/\/modest-cartwright.45-82-188-209.plesk.page\/?post_type=product&#038;p=2491"},"modified":"2024-08-20T12:42:46","modified_gmt":"2024-08-20T10:42:46","slug":"ac-laadset-voor-sea-dragon-4500-5000","status":"publish","type":"product","link":"https:\/\/sealife-cameras.eu\/cs\/produkt\/ac-laadset-voor-sea-dragon-4500-5000\/","title":{"rendered":"Sada nab\u00edje\u010dky pro Sea Dragon 4500, 5000"},"content":{"rendered":"<p><em>Sada nab\u00edje\u010dky pro Sea Dragon 4500, 5000<br \/>\n\u010c\u00edslo produktu SLKIT09<\/em><\/p>\n<p>M\u011bjte n\u00e1hradn\u00ed akumul\u00e1tor pro Sea Dragon 4500F Auto nebo 5000F Auto nabit\u00fd a p\u0159ipraven\u00fd k pou\u017eit\u00ed.<br \/>\nSada obsahuje s\u00ed\u0165ov\u00fd adapt\u00e9r (USA), nab\u00edjec\u00ed z\u00e1sobn\u00edk a mezin\u00e1rodn\u00ed z\u00e1str\u010dkov\u00e9 adapt\u00e9ry (EU, UK, AU) pro modely Sea Dragon 4500F Auto a 5000F Auto.<\/p>","protected":false},"excerpt":{"rendered":"<p>AC-laadset voor Sea Dragon 4500, 5000 Product Nr. SLKIT09 Houd een reservebatterij opgeladen en klaar voor gebruik voor uw Sea Dragon 4500F [&hellip;]<\/p>\n","protected":false},"featured_media":2890,"comment_status":"closed","ping_status":"closed","template":"","meta":{"_acf_changed":false},"product_brand":[],"product_cat":[156],"product_tag":[251,429,430,152,431,282,146,168,252,432,377,439,379,237],"class_list":{"0":"post-2491","1":"product","2":"type-product","3":"status-publish","4":"has-post-thumbnail","6":"product_cat-seadragon-accessoires","7":"product_tag-accessoires","8":"product_tag-accu","9":"product_tag-batterij","10":"product_tag-camera","11":"product_tag-charger","12":"product_tag-diving","13":"product_tag-fotografie","14":"product_tag-onderwater","15":"product_tag-onderwaterwereld","16":"product_tag-oplader","17":"product_tag-photography","18":"product_tag-sea-dragon-lampen","19":"product_tag-sealife","20":"product_tag-underwater","21":"product_shipping_class-pakket","23":"first","24":"instock","25":"product-type-simple"},"acf":[],"_links":{"self":[{"href":"https:\/\/sealife-cameras.eu\/cs\/wp-json\/wp\/v2\/product\/2491","targetHints":{"allow":["GET"]}}],"collection":[{"href":"https:\/\/sealife-cameras.eu\/cs\/wp-json\/wp\/v2\/product"}],"about":[{"href":"https:\/\/sealife-cameras.eu\/cs\/wp-json\/wp\/v2\/types\/product"}],"replies":[{"embeddable":true,"href":"https:\/\/sealife-cameras.eu\/cs\/wp-json\/wp\/v2\/comments?post=2491"}],"wp:featuredmedia":[{"embeddable":true,"href":"https:\/\/sealife-cameras.eu\/cs\/wp-json\/wp\/v2\/media\/2890"}],"wp:attachment":[{"href":"https:\/\/sealife-cameras.eu\/cs\/wp-json\/wp\/v2\/media?parent=2491"}],"wp:term":[{"taxonomy":"product_brand","embeddable":true,"href":"https:\/\/sealife-cameras.eu\/cs\/wp-json\/wp\/v2\/product_brand?post=2491"},{"taxonomy":"product_cat","embeddable":true,"href":"https:\/\/sealife-cameras.eu\/cs\/wp-json\/wp\/v2\/product_cat?post=2491"},{"taxonomy":"product_tag","embeddable":true,"href":"https:\/\/sealife-cameras.eu\/cs\/wp-json\/wp\/v2\/product_tag?post=2491"}],"curies":[{"name":"wp","href":"https:\/\/api.w.org\/{rel}","templated":true}]}}