{"id":2496,"date":"2024-05-13T09:26:56","date_gmt":"2024-05-13T07:26:56","guid":{"rendered":"https:\/\/modest-cartwright.45-82-188-209.plesk.page\/?post_type=product&#038;p=2496"},"modified":"2024-08-20T12:42:44","modified_gmt":"2024-08-20T10:42:44","slug":"o-ring-voor-sea-dragon-1200-3000-lampen","status":"publish","type":"product","link":"https:\/\/sealife-cameras.eu\/cs\/produkt\/o-ring-voor-sea-dragon-1200-3000-lampen\/","title":{"rendered":"O-krou\u017eek pro lampy Sea Dragon 1200-3000"},"content":{"rendered":"<p><em>O-krou\u017eek pro lampy Sea Dragon 1200-3000<br \/>\n\u010c\u00edslo produktu SL98303<\/em><\/p>\n<p>Sada n\u00e1hradn\u00edch O-krou\u017ek\u016f pro lampy Sea Dragon 1200-3000 lumen\u016f.<\/p>","protected":false},"excerpt":{"rendered":"<p>O-krou\u017eek pro lampy Sea Dragon 1200-3000 \u010c\u00edslo v\u00fdrobku SL98303 Sada n\u00e1hradn\u00edch O-krou\u017ek\u016f pro lampy Sea Dragon 1200-3000 Lumen.<\/p>","protected":false},"featured_media":2554,"comment_status":"closed","ping_status":"closed","template":"","meta":{"_acf_changed":false},"product_brand":[],"product_cat":[156],"product_tag":[448,391,251,152,282,146,213,441,168,252,377,378,379,237],"class_list":{"0":"post-2496","1":"product","2":"type-product","3":"status-publish","4":"has-post-thumbnail","6":"product_cat-seadragon-accessoires","7":"product_tag-448","8":"product_tag-391","9":"product_tag-accessoires","10":"product_tag-camera","11":"product_tag-diving","12":"product_tag-fotografie","13":"product_tag-light","14":"product_tag-o-ringen","15":"product_tag-onderwater","16":"product_tag-onderwaterwereld","17":"product_tag-photography","18":"product_tag-sea-dragon","19":"product_tag-sealife","20":"product_tag-underwater","21":"product_shipping_class-pakket","23":"first","24":"instock","25":"product-type-simple"},"acf":[],"_links":{"self":[{"href":"https:\/\/sealife-cameras.eu\/cs\/wp-json\/wp\/v2\/product\/2496","targetHints":{"allow":["GET"]}}],"collection":[{"href":"https:\/\/sealife-cameras.eu\/cs\/wp-json\/wp\/v2\/product"}],"about":[{"href":"https:\/\/sealife-cameras.eu\/cs\/wp-json\/wp\/v2\/types\/product"}],"replies":[{"embeddable":true,"href":"https:\/\/sealife-cameras.eu\/cs\/wp-json\/wp\/v2\/comments?post=2496"}],"wp:featuredmedia":[{"embeddable":true,"href":"https:\/\/sealife-cameras.eu\/cs\/wp-json\/wp\/v2\/media\/2554"}],"wp:attachment":[{"href":"https:\/\/sealife-cameras.eu\/cs\/wp-json\/wp\/v2\/media?parent=2496"}],"wp:term":[{"taxonomy":"product_brand","embeddable":true,"href":"https:\/\/sealife-cameras.eu\/cs\/wp-json\/wp\/v2\/product_brand?post=2496"},{"taxonomy":"product_cat","embeddable":true,"href":"https:\/\/sealife-cameras.eu\/cs\/wp-json\/wp\/v2\/product_cat?post=2496"},{"taxonomy":"product_tag","embeddable":true,"href":"https:\/\/sealife-cameras.eu\/cs\/wp-json\/wp\/v2\/product_tag?post=2496"}],"curies":[{"name":"wp","href":"https:\/\/api.w.org\/{rel}","templated":true}]}}