{"id":2534,"date":"2024-05-13T09:27:27","date_gmt":"2024-05-13T07:27:27","guid":{"rendered":"https:\/\/modest-cartwright.45-82-188-209.plesk.page\/?post_type=product&#038;p=2534"},"modified":"2024-08-20T12:42:44","modified_gmt":"2024-08-20T10:42:44","slug":"sealife-compact-gear-retractor","status":"publish","type":"product","link":"https:\/\/sealife-cameras.eu\/cs\/produkt\/sealife-compact-gear-retractor\/","title":{"rendered":"Sealife Compact Gear Retractor"},"content":{"rendered":"<p>Zatahovac\u00ed za\u0159\u00edzen\u00ed Sealife Gear<br \/>\n\u010c\u00edslo v\u00fdrobku SL925<\/p>\n<p>Zatahovac\u00ed za\u0159\u00edzen\u00ed SeaLife Gear je ide\u00e1ln\u00ed pro kompaktn\u00ed fotoapar\u00e1ty do velikosti Micro 3.0 a mal\u00e1 kompaktn\u00ed sv\u011btla, jako je Sea Dragon Mini 900 nebo 1300. Zatahova\u010d nab\u00edz\u00ed funkci rychl\u00e9ho uvoln\u011bn\u00ed klipu, kter\u00e1 umo\u017e\u0148uje rychl\u00e9 vyjmut\u00ed z p\u0159ipojen\u00e9ho za\u0159\u00edzen\u00ed, prodlu\u017euje se na 81 cm (32\") a m\u00e1 s\u00edlu zata\u017een\u00ed 255 g (9 oz.). Zatahovac\u00ed \u0161\u0148\u016fra m\u00e1 s\u00edlu p\u0159etr\u017een\u00ed 27,2 kg (60 lb.). Zatahovac\u00ed syst\u00e9m je samoproplachovac\u00ed; jedinou nutnou \u00fadr\u017ebou je d\u016fkladn\u00e9 omyt\u00ed ve sladk\u00e9 vod\u011b.<\/p>\n<p>V horn\u00ed \u010d\u00e1sti retraktoru je velk\u00fd \"BC klip pro p\u0159ipevn\u011bn\u00ed k va\u0161emu BC, opasku nebo vest\u011b.<\/p>","protected":false},"excerpt":{"rendered":"<p>Sealife Gear Retractor Artikel nr. SL925 De SeaLife Gear Retractor is perfect voor compactcamera&#8217;s tot de grootte van Micro 3.0 en kleine [&hellip;]<\/p>\n","protected":false},"featured_media":2564,"comment_status":"closed","ping_status":"closed","template":"","meta":{"_acf_changed":false},"product_brand":[],"product_cat":[385],"product_tag":[251,152,282,146,168,252,377,379,237,380],"class_list":{"0":"post-2534","1":"product","2":"type-product","3":"status-publish","4":"has-post-thumbnail","6":"product_cat-overige-accessoires","7":"product_tag-accessoires","8":"product_tag-camera","9":"product_tag-diving","10":"product_tag-fotografie","11":"product_tag-onderwater","12":"product_tag-onderwaterwereld","13":"product_tag-photography","14":"product_tag-sealife","15":"product_tag-underwater","16":"product_tag-universal","17":"product_shipping_class-pakket","19":"first","20":"instock","21":"shipping-taxable","22":"product-type-simple"},"acf":[],"_links":{"self":[{"href":"https:\/\/sealife-cameras.eu\/cs\/wp-json\/wp\/v2\/product\/2534","targetHints":{"allow":["GET"]}}],"collection":[{"href":"https:\/\/sealife-cameras.eu\/cs\/wp-json\/wp\/v2\/product"}],"about":[{"href":"https:\/\/sealife-cameras.eu\/cs\/wp-json\/wp\/v2\/types\/product"}],"replies":[{"embeddable":true,"href":"https:\/\/sealife-cameras.eu\/cs\/wp-json\/wp\/v2\/comments?post=2534"}],"wp:featuredmedia":[{"embeddable":true,"href":"https:\/\/sealife-cameras.eu\/cs\/wp-json\/wp\/v2\/media\/2564"}],"wp:attachment":[{"href":"https:\/\/sealife-cameras.eu\/cs\/wp-json\/wp\/v2\/media?parent=2534"}],"wp:term":[{"taxonomy":"product_brand","embeddable":true,"href":"https:\/\/sealife-cameras.eu\/cs\/wp-json\/wp\/v2\/product_brand?post=2534"},{"taxonomy":"product_cat","embeddable":true,"href":"https:\/\/sealife-cameras.eu\/cs\/wp-json\/wp\/v2\/product_cat?post=2534"},{"taxonomy":"product_tag","embeddable":true,"href":"https:\/\/sealife-cameras.eu\/cs\/wp-json\/wp\/v2\/product_tag?post=2534"}],"curies":[{"name":"wp","href":"https:\/\/api.w.org\/{rel}","templated":true}]}}