{"id":2535,"date":"2024-05-13T09:27:28","date_gmt":"2024-05-13T07:27:28","guid":{"rendered":"https:\/\/modest-cartwright.45-82-188-209.plesk.page\/?post_type=product&#038;p=2535"},"modified":"2024-08-20T12:42:43","modified_gmt":"2024-08-20T10:42:43","slug":"sealife-close-up-lens-voor-micro-series-rm-4k","status":"publish","type":"product","link":"https:\/\/sealife-cameras.eu\/cs\/produkt\/sealife-close-up-lens-voor-micro-series-rm-4k\/","title":{"rendered":"Objektiv Sealife pro bl\u00edzk\u00e9 z\u00e1b\u011bry pro \u0159adu Micro a RM-4K"},"content":{"rendered":"<p>Objektiv Sealife pro bl\u00edzk\u00e9 z\u00e1b\u011bry pro \u0159adu Micro a RM-4K<br \/>\n\u010c\u00edslo v\u00fdrobku SL572<\/p>\n<p>Po\u0159izujte detailn\u00ed sn\u00edmky a videa pomoc\u00ed kamer Micro HD, Micro 2.0, Micro 3.0 a RM-4K.<\/p>\n<p>Objektiv +10 Close Up poskytuje kamer\u00e1m Micro HD, HD+, 2.0, 3.0 nebo RM-4K rozsah zaost\u0159en\u00ed od 6 do 24 palc\u016f (15 a\u017e 60 cm) pod vodou a od 3 do 6 palc\u016f (8 a\u017e 15 cm) na sou\u0161i, co\u017e umo\u017e\u0148uje po\u0159izovat fotografie a videa pod vodou na kr\u00e1tkou vzd\u00e1lenost. Budete tak moci odhalit detaily drobn\u00e9 kor\u00e1lov\u00e9 krevety nebo drobn\u00e9 sasanky.<\/p>\n<p>Objektiv je vybaven odoln\u00fdm gumov\u00fdm n\u00e1stavcem pro rychl\u00e9 a p\u0159esn\u00e9 upevn\u011bn\u00ed. Lze jej snadno nasadit a sejmout z fotoapar\u00e1tu pod vodou a je vybaven malou \u0161\u0148\u016frkou pro upevn\u011bn\u00ed k fotoapar\u00e1tu b\u011bhem pou\u017e\u00edv\u00e1n\u00ed.<\/p>\n<p>Vhodn\u00e9 pro v\u0161echny modely \u0159ady Micro a fotoapar\u00e1ty RM-4K.<\/p>","protected":false},"excerpt":{"rendered":"<p>Sealife Close Up Lens voor Micro-Series &amp; RM-4K Product nr. SL572 Leg close-up afbeeldingen en video vast met de Micro HD, Micro [&hellip;]<\/p>\n","protected":false},"featured_media":2837,"comment_status":"closed","ping_status":"closed","template":"","meta":{"_acf_changed":false},"product_brand":[],"product_cat":[171],"product_tag":[251,152,282,146,400,53,389,168,252,377,379,237,380,170],"class_list":{"0":"post-2535","1":"product","2":"type-product","3":"status-publish","4":"has-post-thumbnail","6":"product_cat-lenzen","7":"product_tag-accessoires","8":"product_tag-camera","9":"product_tag-diving","10":"product_tag-fotografie","11":"product_tag-lenses","12":"product_tag-macro","13":"product_tag-micro","14":"product_tag-onderwater","15":"product_tag-onderwaterwereld","16":"product_tag-photography","17":"product_tag-sealife","18":"product_tag-underwater","19":"product_tag-universal","20":"product_tag-wide-angle","21":"product_shipping_class-pakket","23":"first","24":"instock","25":"shipping-taxable","26":"product-type-simple"},"acf":[],"_links":{"self":[{"href":"https:\/\/sealife-cameras.eu\/cs\/wp-json\/wp\/v2\/product\/2535","targetHints":{"allow":["GET"]}}],"collection":[{"href":"https:\/\/sealife-cameras.eu\/cs\/wp-json\/wp\/v2\/product"}],"about":[{"href":"https:\/\/sealife-cameras.eu\/cs\/wp-json\/wp\/v2\/types\/product"}],"replies":[{"embeddable":true,"href":"https:\/\/sealife-cameras.eu\/cs\/wp-json\/wp\/v2\/comments?post=2535"}],"wp:featuredmedia":[{"embeddable":true,"href":"https:\/\/sealife-cameras.eu\/cs\/wp-json\/wp\/v2\/media\/2837"}],"wp:attachment":[{"href":"https:\/\/sealife-cameras.eu\/cs\/wp-json\/wp\/v2\/media?parent=2535"}],"wp:term":[{"taxonomy":"product_brand","embeddable":true,"href":"https:\/\/sealife-cameras.eu\/cs\/wp-json\/wp\/v2\/product_brand?post=2535"},{"taxonomy":"product_cat","embeddable":true,"href":"https:\/\/sealife-cameras.eu\/cs\/wp-json\/wp\/v2\/product_cat?post=2535"},{"taxonomy":"product_tag","embeddable":true,"href":"https:\/\/sealife-cameras.eu\/cs\/wp-json\/wp\/v2\/product_tag?post=2535"}],"curies":[{"name":"wp","href":"https:\/\/api.w.org\/{rel}","templated":true}]}}