{"id":2536,"date":"2024-05-13T09:27:28","date_gmt":"2024-05-13T07:27:28","guid":{"rendered":"https:\/\/modest-cartwright.45-82-188-209.plesk.page\/?post_type=product&#038;p=2536"},"modified":"2025-07-10T15:08:04","modified_gmt":"2025-07-10T13:08:04","slug":"sealife-sportdiver-smartphone-behuizing","status":"publish","type":"product","link":"https:\/\/sealife-cameras.eu\/cs\/produkt\/sealife-sportdiver-smartphone-behuizing\/","title":{"rendered":"Pouzdro Sealife SportDiver pro chytr\u00e9 telefony"},"content":{"rendered":"<p>Sealife SportDiver<br \/>\n\u010c\u00edslo v\u00fdrobku SL400-U<\/p>\n<p>TENTO PRODUKT JI\u017d NEN\u00cd K DISPOZICI<\/p>\n<p>Podvodn\u00ed pouzdro SeaLife SportDiver pro Smartphone\u00ae<\/p>\n<p>S t\u00edmto pouzdrem SeaLife SportDiver mohou pot\u00e1p\u011b\u010di, \u0161norchla\u0159i nebo plavci po\u0159izovat jedine\u010dn\u00e9 podvodn\u00ed fotografie a videa pomoc\u00ed vlastn\u00edho chytr\u00e9ho telefonu! Doma v baz\u00e9nu na zahrad\u011b, na pl\u00e1\u017ei nebo na m\u00edst\u011b pot\u00e1p\u011bn\u00ed na hr\u00e1zi. Ale ur\u010dit\u011b tak\u00e9 v m\u00edst\u011b va\u0161\u00ed dovolen\u00e9, kde m\u016f\u017eete po\u0159\u00eddit ty nejkr\u00e1sn\u011bj\u0161\u00ed sn\u00edmky v hloubce a\u017e 40 metr\u016f.<\/p>\n<p>Vhodn\u00e9 pro:<br \/>\nSportDiver lze pou\u017e\u00edvat v kombinaci s chytr\u00fdmi telefony r\u016fzn\u00fdch zna\u010dek. Nejlep\u0161\u00ed je ov\u011b\u0159it si na webov\u00fdch str\u00e1nk\u00e1ch, zda je v\u00e1\u0161 telefon do pouzdra vhodn\u00fd: <a href=\"https:\/\/www.sealife-cameras.com\/sportdiver-compatibility\/\">https:\/\/www.sealife-cameras.com\/sportdiver-compatibility\/<\/a><\/p>\n<p>Odoln\u00e9:<br \/>\nRobustn\u00ed kryt je vyroben z polykarbon\u00e1tu, nerezov\u00e9 oceli, hlin\u00edku a optick\u00e9ho skla. A p\u0159esto\u017ee je pouzdro SportDiver ozna\u010deno jako \"Heavy Duty\", nen\u00ed t\u011b\u017ek\u00e9 - v\u00e1\u017e\u00ed pouh\u00fdch 641 gram\u016f. Je lehk\u00e9 pro cestov\u00e1n\u00ed a m\u00e1 t\u00e9m\u011b\u0159 neutr\u00e1ln\u00ed vztlak ve vod\u011b, v z\u00e1vislosti na tom, kter\u00fd model smartphonu je pou\u017eit.<\/p>\n<p>Chytr\u00fd telefon jako kreativn\u00ed fotoapar\u00e1t:<br \/>\nSportDiver se pevn\u011b dr\u017e\u00ed a snadno pou\u017e\u00edv\u00e1. M\u00e1 velk\u00e9 tla\u010d\u00edtko spou\u0161t\u011b a p\u0159\u00edstupn\u00e1 ovl\u00e1dac\u00ed tla\u010d\u00edtka na zadn\u00ed stran\u011b pro snadn\u00e9 ovl\u00e1d\u00e1n\u00ed i v pot\u00e1p\u011b\u010dsk\u00fdch rukavic\u00edch. Kreativn\u00ed \u0161norchla\u0159i a pot\u00e1p\u011b\u010di mohou p\u0159i po\u0159izov\u00e1n\u00ed sv\u00fdch fotografi\u00ed nebo vide\u00ed vyu\u017e\u00edt voliteln\u00e1 pokro\u010dil\u00e1 nastaven\u00ed aplikace fotoapar\u00e1tu. Nap\u0159\u00edklad: zoom, expozice (EV), automatick\u00e9\/ru\u010dn\u00ed ost\u0159en\u00ed, vyv\u00e1\u017een\u00ed b\u00edl\u00e9, barevn\u00fd t\u00f3n, v\u00fdb\u011br objektivu, re\u017eim RAW + JPEG, \u017eiv\u00e9 fotografie a rozost\u0159en\u00ed pozad\u00ed (u dostupn\u00fdch model\u016f smartphonu).<\/p>\n<p>\u017d\u00e1dn\u00e9 riziko, dvojn\u00e1sobn\u00e1 bezpe\u010dnost:<br \/>\nBezpe\u010dnost telefonu nade v\u0161e! SportDiver je vybaven DVOJIT\u00ddM alarmem net\u011bsnosti, v\u010detn\u011b vnit\u0159n\u00edho alarmu vlhkosti A alarmu podtlaku, kter\u00fd v\u00e1s upozorn\u00ed pomoc\u00ed displeje na obrazovce, zvukov\u00e9ho a LED sign\u00e1lu v nepravd\u011bpodobn\u00e9m p\u0159\u00edpad\u011b, \u017ee pouzdro vykazuje n\u011bjakou formu net\u011bsnosti a je v n\u011bm zji\u0161t\u011bna vlhkost nebo pokud dojde ke ztr\u00e1t\u011b tlaku v pouzd\u0159e. Pomoc\u00ed p\u0159ilo\u017een\u00e9 vakuov\u00e9 pumpy provedete podtlak v krytu. Vestav\u011bn\u00fd tlakom\u011br v krytu d\u00e1v\u00e1 na displeji smartphonu najevo, \u017ee jste kryt uvedli do spr\u00e1vn\u00e9ho podtlaku. Pot\u00e9 sta\u010d\u00ed jen velmi kr\u00e1tce po\u010dkat, ne\u017e vakuov\u00fd syst\u00e9m ozn\u00e1m\u00ed, \u017ee nedo\u0161lo ke zm\u011bn\u011b tlaku, a vy tak v\u00edte, \u017ee si sadu m\u016f\u017eete bez obav vz\u00edt s sebou pod vodu. Pouzdro je ut\u011bsn\u011bno O-krou\u017ekem z TPE a robustn\u00ed t\u011bsnic\u00ed z\u00e1padkou cam-lock, kter\u00e1 snadno a bezpe\u010dn\u011b uzav\u0159e vodot\u011bsn\u00e1 dv\u00ed\u0159ka. Aby se zabr\u00e1nilo zaml\u017eov\u00e1n\u00ed vnit\u0159ku pouzdra vlivem vlhkosti, doporu\u010dujeme pou\u017e\u00edt kapsli proti zaml\u017eov\u00e1n\u00ed \"Moisture Muncher\", kter\u00e1 minimalizuje vlhkost a t\u00edm co nejv\u00edce zabra\u0148uje vnit\u0159n\u00ed kondenzaci.<\/p>\n<p>Bezplatn\u00e1 aplikace SportDiver:<br \/>\nPouzdro SportDiver se pou\u017e\u00edv\u00e1 ve spojen\u00ed s bezplatnou aplikac\u00ed SeaLife SportDiver. &lt; Aplikace: (Na rozd\u00edl od jin\u00fdch aplikac\u00ed pro chytr\u00e9 telefony zde nejsou \u017e\u00e1dn\u00e9 otravn\u00e9 n\u00e1kupy v aplikaci ani reklamy). M\u016f\u017eete snadno p\u0159ep\u00ednat mezi fotografick\u00fdm a video re\u017eimem. Aplikace SportDiver vyu\u017e\u00edv\u00e1 technologii kamery smartphonu, kter\u00e1 je sou\u010d\u00e1st\u00ed ka\u017ed\u00e9ho modelu smartphonu. Aplikace je k dispozici pro telefony se syst\u00e9mem IOS i Android.<\/p>\n<p>Fotografie a videa jsou snadno dostupn\u00e9:<br \/>\nRe\u017eim p\u0159ehr\u00e1v\u00e1n\u00ed aplikace zobrazuje fotografie a videa v pln\u00e9 velikosti se svisl\u00fdm pruhem miniatur pro snadn\u00e9 proch\u00e1zen\u00ed sn\u00edmk\u016f. Videa se p\u0159ehr\u00e1vaj\u00ed automaticky po v\u00fdb\u011bru. V\u0161echny soubory se tak\u00e9 ukl\u00e1daj\u00ed do role film\u016f. Pouzdro SportDiver se automaticky p\u0159ipoj\u00ed k va\u0161emu smartphonu a aplikaci SportDiver prost\u0159ednictv\u00edm bezdr\u00e1tov\u00e9 technologie Bluetooth\u00ae Low Energy (LE) 5. K telefonu se nep\u0159ipojuj\u00ed \u017e\u00e1dn\u00e9 kabely ani tla\u010d\u00edtka. Kamera SportDiver m\u00e1 extr\u00e9mn\u011b n\u00edzkou spot\u0159ebu energie telefonu i pouzdra, kter\u00e9 je nap\u00e1jeno dv\u011bma bateriemi AAA s v\u00fddr\u017e\u00ed v\u00edce ne\u017e 50 hodin p\u0159i nep\u0159etr\u017eit\u00e9m pou\u017e\u00edv\u00e1n\u00ed.<\/p>\n<p>Filtr pro korekci barev je sou\u010d\u00e1st\u00ed balen\u00ed:<br \/>\nPro lep\u0161\u00ed obrazov\u00e9 v\u00fdsledky v tropick\u00e9 modr\u00e9 vod\u011b je kamera SportDiver vybavena vym\u011bniteln\u00fdm filtrem pro korekci barev, kter\u00fd obnovuje p\u0159irozen\u00e9 barvy pod vodou. Filtr lze pod vodou snadno nasadit nebo sejmout a je vybaven bezpe\u010dnostn\u00ed \u0161\u0148\u016frkou, kter\u00e1 zabra\u0148uje jeho ztr\u00e1t\u011b.<\/p>\n<p>Voliteln\u00e1 extern\u00ed expozice:<br \/>\nPouzdro SportDiver m\u00e1 t\u0159i \u00fachyty 1\/4-20 pro stativ, kter\u00e9 lze namontovat na jakoukoli lampu nebo z\u00e1kladovou desku se standardn\u00edm stativov\u00fdm z\u00e1vitem, jako je nap\u0159\u00edklad \u0159ada podvodn\u00edch foto\/video lamp Sea Dragon spole\u010dnosti SeaLife. Spole\u010dnost SeaLife nab\u00edz\u00ed tak\u00e9 kombinaci pouzdra SportDiver s podvodn\u00edmi sv\u011btly Sea Dragon, SL401 \"SportDiver Pro 2500 Set\".<\/p>\n<p>Univerz\u00e1ln\u00ed pou\u017eit\u00ed:<br \/>\nPro bezpe\u010dnost a ochranu telefonu je SportDiver vybaven pru\u017einov\u00fdm syst\u00e9mem a gumov\u00fdmi \u00fachytn\u00fdmi v\u00fdstupky, kter\u00e9 udr\u017euj\u00ed smartphone\u00ae pevn\u011b na m\u00edst\u011b a poskytuj\u00ed ochranu proti n\u00e1raz\u016fm. D\u00edky tomu je tak\u00e9 velmi snadn\u00e9 m\u011bnit modely Smartphone v pouzd\u0159e.<\/p>\n<p>Polo\u017eka Popis GMP<br \/>\nSL400-U SportDiver Podvodn\u00ed pouzdro pro chytr\u00fd telefon 349 \u20ac<br \/>\nSL401 SportDiver Pro 2500 Set s podvodn\u00edm sv\u011btlem Sea Dragon 2500 \u20ac 799<\/p>\n<p>Sou\u010d\u00e1st\u00ed balen\u00ed je SeaLife SportDiver, model SL400-U:<br \/>\nPodvodn\u00ed pouzdro SportDiver pro chytr\u00e9 telefony<br \/>\nFiltr pro korekci barev pod vodou<br \/>\nVakuov\u00e9 \u010derpadlo<br \/>\nGumov\u00e9 \u00fachytky (12x mal\u00e9, 12x st\u0159edn\u00ed a 12x velk\u00e9)<br \/>\nN\u00e1hradn\u00ed O-krou\u017eky (1x hlavn\u00ed O-krou\u017eek a 1x O-krou\u017eek kontroln\u00edho vakuov\u00e9ho portu)<br \/>\nMazivo na O-krou\u017eky<br \/>\nN\u00e1stroje pro demont\u00e1\u017e O-krou\u017eku<br \/>\nLuxusn\u00ed \u0159em\u00ednek na z\u00e1p\u011bst\u00ed s klipem<br \/>\nBalen\u00ed vzork\u016f Moisture Muncher (1 kapsle)<br \/>\nAlkalick\u00e9 baterie AAA (2)<br \/>\nPouzdro EVA<\/p>","protected":false},"excerpt":{"rendered":"<p>Sealife SportDiver<br \/>\n\u010c\u00edslo v\u00fdrobku SL400-U<\/p>\n<p>Podvodn\u00ed pouzdro SeaLife SportDiver pro Smartphone\u00ae<\/p>\n<p>S t\u00edmto pouzdrem SeaLife SportDiver mohou pot\u00e1p\u011b\u010di, \u0161norchla\u0159i nebo plavci po\u0159izovat jedine\u010dn\u00e9 podvodn\u00ed fotografie a videa pomoc\u00ed vlastn\u00edho chytr\u00e9ho telefonu! Doma v baz\u00e9nu na zahrad\u011b, na pl\u00e1\u017ei nebo na m\u00edst\u011b pot\u00e1p\u011bn\u00ed na hr\u00e1zi. Ale ur\u010dit\u011b tak\u00e9 v m\u00edst\u011b va\u0161\u00ed dovolen\u00e9, kde m\u016f\u017eete po\u0159\u00eddit ty nejkr\u00e1sn\u011bj\u0161\u00ed sn\u00edmky v hloubce a\u017e 40 metr\u016f.<\/p>\n<p>Vhodn\u00e9 pro:<br \/>\nSportDiver lze pou\u017e\u00edvat v kombinaci s chytr\u00fdmi telefony r\u016fzn\u00fdch zna\u010dek. Nejlep\u0161\u00ed je ov\u011b\u0159it si na webov\u00fdch str\u00e1nk\u00e1ch, zda je v\u00e1\u0161 telefon do pouzdra vhodn\u00fd: <a href=\"https:\/\/www.sealife-cameras.com\/sportdiver-compatibility\/\">https:\/\/www.sealife-cameras.com\/sportdiver-compatibility\/<\/a><\/p>\n<p>Odoln\u00e9:<br \/>\nRobustn\u00ed kryt je vyroben z polykarbon\u00e1tu, nerezov\u00e9 oceli, hlin\u00edku a optick\u00e9ho skla. A p\u0159esto\u017ee je pouzdro SportDiver ozna\u010deno jako \"Heavy Duty\", nen\u00ed t\u011b\u017ek\u00e9 - v\u00e1\u017e\u00ed pouh\u00fdch 641 gram\u016f. Je lehk\u00e9 pro cestov\u00e1n\u00ed a m\u00e1 t\u00e9m\u011b\u0159 neutr\u00e1ln\u00ed vztlak ve vod\u011b, v z\u00e1vislosti na tom, kter\u00fd model smartphonu je pou\u017eit.<\/p>\n<p>Chytr\u00fd telefon jako kreativn\u00ed fotoapar\u00e1t:<br \/>\nSportDiver se pevn\u011b dr\u017e\u00ed a snadno pou\u017e\u00edv\u00e1. M\u00e1 velk\u00e9 tla\u010d\u00edtko spou\u0161t\u011b a p\u0159\u00edstupn\u00e1 ovl\u00e1dac\u00ed tla\u010d\u00edtka na zadn\u00ed stran\u011b pro snadn\u00e9 ovl\u00e1d\u00e1n\u00ed i v pot\u00e1p\u011b\u010dsk\u00fdch rukavic\u00edch. Kreativn\u00ed \u0161norchla\u0159i a pot\u00e1p\u011b\u010di mohou p\u0159i po\u0159izov\u00e1n\u00ed sv\u00fdch fotografi\u00ed nebo vide\u00ed vyu\u017e\u00edt voliteln\u00e1 pokro\u010dil\u00e1 nastaven\u00ed aplikace fotoapar\u00e1tu. Nap\u0159\u00edklad: zoom, expozice (EV), automatick\u00e9\/ru\u010dn\u00ed ost\u0159en\u00ed, vyv\u00e1\u017een\u00ed b\u00edl\u00e9, barevn\u00fd t\u00f3n, v\u00fdb\u011br objektivu, re\u017eim RAW + JPEG, \u017eiv\u00e9 fotografie a rozost\u0159en\u00ed pozad\u00ed (u dostupn\u00fdch model\u016f smartphonu).<\/p>\n<p>\u017d\u00e1dn\u00e9 riziko, dvojn\u00e1sobn\u00e1 bezpe\u010dnost:<br \/>\nBezpe\u010dnost telefonu nade v\u0161e! SportDiver je vybaven DVOJIT\u00ddM alarmem net\u011bsnosti, v\u010detn\u011b vnit\u0159n\u00edho alarmu vlhkosti A alarmu podtlaku, kter\u00fd v\u00e1s upozorn\u00ed pomoc\u00ed displeje na obrazovce, zvukov\u00e9ho a LED sign\u00e1lu v nepravd\u011bpodobn\u00e9m p\u0159\u00edpad\u011b, \u017ee pouzdro vykazuje n\u011bjakou formu net\u011bsnosti a je v n\u011bm zji\u0161t\u011bna vlhkost nebo pokud dojde ke ztr\u00e1t\u011b tlaku v pouzd\u0159e. Pomoc\u00ed p\u0159ilo\u017een\u00e9 vakuov\u00e9 pumpy provedete podtlak v krytu. Vestav\u011bn\u00fd tlakom\u011br v krytu d\u00e1v\u00e1 na displeji smartphonu najevo, \u017ee jste kryt uvedli do spr\u00e1vn\u00e9ho podtlaku. Pot\u00e9 sta\u010d\u00ed jen velmi kr\u00e1tce po\u010dkat, ne\u017e vakuov\u00fd syst\u00e9m ozn\u00e1m\u00ed, \u017ee nedo\u0161lo ke zm\u011bn\u011b tlaku, a vy tak v\u00edte, \u017ee si sadu m\u016f\u017eete bez obav vz\u00edt s sebou pod vodu. Pouzdro je ut\u011bsn\u011bno O-krou\u017ekem z TPE a robustn\u00ed t\u011bsnic\u00ed z\u00e1padkou cam-lock, kter\u00e1 snadno a bezpe\u010dn\u011b uzav\u0159e vodot\u011bsn\u00e1 dv\u00ed\u0159ka. Aby se zabr\u00e1nilo zaml\u017eov\u00e1n\u00ed vnit\u0159ku pouzdra vlivem vlhkosti, doporu\u010dujeme pou\u017e\u00edt kapsli proti zaml\u017eov\u00e1n\u00ed \"Moisture Muncher\", kter\u00e1 minimalizuje vlhkost a t\u00edm co nejv\u00edce zabra\u0148uje vnit\u0159n\u00ed kondenzaci.<\/p>\n<p>Bezplatn\u00e1 aplikace SportDiver:<br \/>\nPouzdro SportDiver se pou\u017e\u00edv\u00e1 ve spojen\u00ed s bezplatnou aplikac\u00ed SeaLife SportDiver. &lt; Aplikace: (Na rozd\u00edl od jin\u00fdch aplikac\u00ed pro chytr\u00e9 telefony zde nejsou \u017e\u00e1dn\u00e9 otravn\u00e9 n\u00e1kupy v aplikaci ani reklamy). M\u016f\u017eete snadno p\u0159ep\u00ednat mezi fotografick\u00fdm a video re\u017eimem. Aplikace SportDiver vyu\u017e\u00edv\u00e1 technologii kamery smartphonu, kter\u00e1 je sou\u010d\u00e1st\u00ed ka\u017ed\u00e9ho modelu smartphonu. Aplikace je k dispozici pro telefony se syst\u00e9mem IOS i Android.<\/p>\n<p>Fotografie a videa jsou snadno dostupn\u00e9:<br \/>\nRe\u017eim p\u0159ehr\u00e1v\u00e1n\u00ed aplikace zobrazuje fotografie a videa v pln\u00e9 velikosti se svisl\u00fdm pruhem miniatur pro snadn\u00e9 proch\u00e1zen\u00ed sn\u00edmk\u016f. Videa se p\u0159ehr\u00e1vaj\u00ed automaticky po v\u00fdb\u011bru. V\u0161echny soubory se tak\u00e9 ukl\u00e1daj\u00ed do role film\u016f. Pouzdro SportDiver se automaticky p\u0159ipoj\u00ed k va\u0161emu smartphonu a aplikaci SportDiver prost\u0159ednictv\u00edm bezdr\u00e1tov\u00e9 technologie Bluetooth\u00ae Low Energy (LE) 5. K telefonu se nep\u0159ipojuj\u00ed \u017e\u00e1dn\u00e9 kabely ani tla\u010d\u00edtka. Kamera SportDiver m\u00e1 extr\u00e9mn\u011b n\u00edzkou spot\u0159ebu energie telefonu i pouzdra, kter\u00e9 je nap\u00e1jeno dv\u011bma bateriemi AAA s v\u00fddr\u017e\u00ed v\u00edce ne\u017e 50 hodin p\u0159i nep\u0159etr\u017eit\u00e9m pou\u017e\u00edv\u00e1n\u00ed.<\/p>\n<p>Filtr pro korekci barev je sou\u010d\u00e1st\u00ed balen\u00ed:<br \/>\nPro lep\u0161\u00ed obrazov\u00e9 v\u00fdsledky v tropick\u00e9 modr\u00e9 vod\u011b je kamera SportDiver vybavena vym\u011bniteln\u00fdm filtrem pro korekci barev, kter\u00fd obnovuje p\u0159irozen\u00e9 barvy pod vodou. Filtr lze pod vodou snadno nasadit nebo sejmout a je vybaven bezpe\u010dnostn\u00ed \u0161\u0148\u016frkou, kter\u00e1 zabra\u0148uje jeho ztr\u00e1t\u011b.<\/p>\n<p>Voliteln\u00e1 extern\u00ed expozice:<br \/>\nPouzdro SportDiver m\u00e1 t\u0159i \u00fachyty 1\/4-20 pro stativ, kter\u00e9 lze namontovat na jakoukoli lampu nebo z\u00e1kladovou desku se standardn\u00edm stativov\u00fdm z\u00e1vitem, jako je nap\u0159\u00edklad \u0159ada podvodn\u00edch foto\/video lamp Sea Dragon spole\u010dnosti SeaLife. Spole\u010dnost SeaLife nab\u00edz\u00ed tak\u00e9 kombinaci pouzdra SportDiver s podvodn\u00edmi sv\u011btly Sea Dragon, SL401 \"SportDiver Pro 2500 Set\".<\/p>\n<p>Univerz\u00e1ln\u00ed pou\u017eit\u00ed:<br \/>\nPro bezpe\u010dnost a ochranu telefonu je SportDiver vybaven pru\u017einov\u00fdm syst\u00e9mem a gumov\u00fdmi \u00fachytn\u00fdmi v\u00fdstupky, kter\u00e9 udr\u017euj\u00ed smartphone\u00ae pevn\u011b na m\u00edst\u011b a poskytuj\u00ed ochranu proti n\u00e1raz\u016fm. D\u00edky tomu je tak\u00e9 velmi snadn\u00e9 m\u011bnit modely Smartphone v pouzd\u0159e.<\/p>\n<p>Polo\u017eka Popis GMP<br \/>\nSL400-U SportDiver Podvodn\u00ed pouzdro pro chytr\u00fd telefon 349 \u20ac<br \/>\nSL401 SportDiver Pro 2500 Set s podvodn\u00edm sv\u011btlem Sea Dragon 2500 \u20ac 799<\/p>\n<p>Sou\u010d\u00e1st\u00ed balen\u00ed je SeaLife SportDiver, model SL400-U:<br \/>\nPodvodn\u00ed pouzdro SportDiver pro chytr\u00e9 telefony<br \/>\nFiltr pro korekci barev pod vodou<br \/>\nVakuov\u00e9 \u010derpadlo<br \/>\nGumov\u00e9 \u00fachytky (12x mal\u00e9, 12x st\u0159edn\u00ed a 12x velk\u00e9)<br \/>\nN\u00e1hradn\u00ed O-krou\u017eky (1x hlavn\u00ed O-krou\u017eek a 1x O-krou\u017eek kontroln\u00edho vakuov\u00e9ho portu)<br \/>\nMazivo na O-krou\u017eky<br \/>\nN\u00e1stroje pro demont\u00e1\u017e O-krou\u017eku<br \/>\nLuxusn\u00ed \u0159em\u00ednek na z\u00e1p\u011bst\u00ed s klipem<br \/>\nBalen\u00ed vzork\u016f Moisture Muncher (1 kapsle)<br \/>\nAlkalick\u00e9 baterie AAA (2)<br \/>\nPouzdro EVA<\/p>","protected":false},"featured_media":2566,"comment_status":"closed","ping_status":"closed","template":"","meta":{"_acf_changed":false},"product_brand":[],"product_cat":[387],"product_tag":[],"class_list":{"0":"post-2536","1":"product","2":"type-product","3":"status-publish","4":"has-post-thumbnail","6":"product_cat-cameras-en-behuizing","7":"product_shipping_class-pakket","9":"first","10":"instock","11":"shipping-taxable","12":"product-type-simple"},"acf":[],"_links":{"self":[{"href":"https:\/\/sealife-cameras.eu\/cs\/wp-json\/wp\/v2\/product\/2536","targetHints":{"allow":["GET"]}}],"collection":[{"href":"https:\/\/sealife-cameras.eu\/cs\/wp-json\/wp\/v2\/product"}],"about":[{"href":"https:\/\/sealife-cameras.eu\/cs\/wp-json\/wp\/v2\/types\/product"}],"replies":[{"embeddable":true,"href":"https:\/\/sealife-cameras.eu\/cs\/wp-json\/wp\/v2\/comments?post=2536"}],"wp:featuredmedia":[{"embeddable":true,"href":"https:\/\/sealife-cameras.eu\/cs\/wp-json\/wp\/v2\/media\/2566"}],"wp:attachment":[{"href":"https:\/\/sealife-cameras.eu\/cs\/wp-json\/wp\/v2\/media?parent=2536"}],"wp:term":[{"taxonomy":"product_brand","embeddable":true,"href":"https:\/\/sealife-cameras.eu\/cs\/wp-json\/wp\/v2\/product_brand?post=2536"},{"taxonomy":"product_cat","embeddable":true,"href":"https:\/\/sealife-cameras.eu\/cs\/wp-json\/wp\/v2\/product_cat?post=2536"},{"taxonomy":"product_tag","embeddable":true,"href":"https:\/\/sealife-cameras.eu\/cs\/wp-json\/wp\/v2\/product_tag?post=2536"}],"curies":[{"name":"wp","href":"https:\/\/api.w.org\/{rel}","templated":true}]}}