{"id":2541,"date":"2024-05-13T09:27:28","date_gmt":"2024-05-13T07:27:28","guid":{"rendered":"https:\/\/modest-cartwright.45-82-188-209.plesk.page\/?post_type=product&#038;p=2541"},"modified":"2024-08-20T12:42:43","modified_gmt":"2024-08-20T10:42:43","slug":"main-o-ring-voor-reefmaster-rm-4k","status":"publish","type":"product","link":"https:\/\/sealife-cameras.eu\/cs\/produkt\/main-o-ring-voor-reefmaster-rm-4k\/","title":{"rendered":"Hlavn\u00ed O-krou\u017eek pro Reefmaster RM-4K"},"content":{"rendered":"<p>N\u00e1hradn\u00ed O-krou\u017eek pro podvodn\u00ed kameru SeaLife ReefMaster RM-4K.<\/p>","protected":false},"excerpt":{"rendered":"<p>N\u00e1hradn\u00ed O-krou\u017eek pro podvodn\u00ed kameru SeaLife ReefMaster RM-4K.<\/p>","protected":false},"featured_media":2588,"comment_status":"closed","ping_status":"closed","template":"","meta":{"_acf_changed":false},"product_brand":[],"product_cat":[418],"product_tag":[251,152,282,146,441,168,252,377,394,395,379,237],"class_list":{"0":"post-2541","1":"product","2":"type-product","3":"status-publish","4":"has-post-thumbnail","6":"product_cat-camera-accessoires","7":"product_tag-accessoires","8":"product_tag-camera","9":"product_tag-diving","10":"product_tag-fotografie","11":"product_tag-o-ringen","12":"product_tag-onderwater","13":"product_tag-onderwaterwereld","14":"product_tag-photography","15":"product_tag-reefmaster","16":"product_tag-reefmaster-rm-4k","17":"product_tag-sealife","18":"product_tag-underwater","19":"product_shipping_class-pakket","21":"first","22":"instock","23":"shipping-taxable","24":"product-type-simple"},"acf":[],"_links":{"self":[{"href":"https:\/\/sealife-cameras.eu\/cs\/wp-json\/wp\/v2\/product\/2541","targetHints":{"allow":["GET"]}}],"collection":[{"href":"https:\/\/sealife-cameras.eu\/cs\/wp-json\/wp\/v2\/product"}],"about":[{"href":"https:\/\/sealife-cameras.eu\/cs\/wp-json\/wp\/v2\/types\/product"}],"replies":[{"embeddable":true,"href":"https:\/\/sealife-cameras.eu\/cs\/wp-json\/wp\/v2\/comments?post=2541"}],"wp:featuredmedia":[{"embeddable":true,"href":"https:\/\/sealife-cameras.eu\/cs\/wp-json\/wp\/v2\/media\/2588"}],"wp:attachment":[{"href":"https:\/\/sealife-cameras.eu\/cs\/wp-json\/wp\/v2\/media?parent=2541"}],"wp:term":[{"taxonomy":"product_brand","embeddable":true,"href":"https:\/\/sealife-cameras.eu\/cs\/wp-json\/wp\/v2\/product_brand?post=2541"},{"taxonomy":"product_cat","embeddable":true,"href":"https:\/\/sealife-cameras.eu\/cs\/wp-json\/wp\/v2\/product_cat?post=2541"},{"taxonomy":"product_tag","embeddable":true,"href":"https:\/\/sealife-cameras.eu\/cs\/wp-json\/wp\/v2\/product_tag?post=2541"}],"curies":[{"name":"wp","href":"https:\/\/api.w.org\/{rel}","templated":true}]}}