{"id":2542,"date":"2024-05-13T09:27:28","date_gmt":"2024-05-13T07:27:28","guid":{"rendered":"https:\/\/modest-cartwright.45-82-188-209.plesk.page\/?post_type=product&#038;p=2542"},"modified":"2024-08-20T12:42:43","modified_gmt":"2024-08-20T10:42:43","slug":"reservebatterij-voor-de-sealife-reefmaster-rm-4k","status":"publish","type":"product","link":"https:\/\/sealife-cameras.eu\/cs\/produkt\/reservebatterij-voor-de-sealife-reefmaster-rm-4k\/","title":{"rendered":"N\u00e1hradn\u00ed baterie pro Sealife Reefmaster RM-4K"},"content":{"rendered":"<p>N\u00e1hradn\u00ed baterie pro podvodn\u00ed kameru SeaLife ReefMaster RM-4K<br \/>\nV\u00fdkonn\u00e1 3,8V 1100mAh 3,42Wh dob\u00edjec\u00ed Li-Ion baterie vysta\u010d\u00ed na v\u00edce ne\u017e 2 hodiny provozu. Akumul\u00e1tor lze nab\u00edjet p\u0159\u00edmo ve fotoapar\u00e1tu pomoc\u00ed kabelu USB a s\u00ed\u0165ov\u00e9 nab\u00edje\u010dky.<\/p>\n<p>- Vhodn\u00e9 pro kameru SeaLife ReefMaster RM-4K<br \/>\n- 3,8V 1100mAh 3,42Wh dob\u00edjec\u00ed lithium-iontov\u00e1 baterie<\/p>","protected":false},"excerpt":{"rendered":"<p>Reservebatterij voor SeaLife ReefMaster RM-4K onderwatercamera De krachtige 3.8V 1100mAh 3.42Wh oplaadbare Li-Ion batterij is goed voor 2+ uur gebruik. De batterij [&hellip;]<\/p>\n","protected":false},"featured_media":2589,"comment_status":"closed","ping_status":"closed","template":"","meta":{"_acf_changed":false},"product_brand":[],"product_cat":[419,418],"product_tag":[251,430,456,152,282,168,252,377,394,395,379,237],"class_list":{"0":"post-2542","1":"product","2":"type-product","3":"status-publish","4":"has-post-thumbnail","6":"product_cat-accessoires","7":"product_cat-camera-accessoires","8":"product_tag-accessoires","9":"product_tag-batterij","10":"product_tag-battery","11":"product_tag-camera","12":"product_tag-diving","13":"product_tag-onderwater","14":"product_tag-onderwaterwereld","15":"product_tag-photography","16":"product_tag-reefmaster","17":"product_tag-reefmaster-rm-4k","18":"product_tag-sealife","19":"product_tag-underwater","20":"product_shipping_class-pakket","22":"first","23":"instock","24":"shipping-taxable","25":"product-type-simple"},"acf":[],"_links":{"self":[{"href":"https:\/\/sealife-cameras.eu\/cs\/wp-json\/wp\/v2\/product\/2542","targetHints":{"allow":["GET"]}}],"collection":[{"href":"https:\/\/sealife-cameras.eu\/cs\/wp-json\/wp\/v2\/product"}],"about":[{"href":"https:\/\/sealife-cameras.eu\/cs\/wp-json\/wp\/v2\/types\/product"}],"replies":[{"embeddable":true,"href":"https:\/\/sealife-cameras.eu\/cs\/wp-json\/wp\/v2\/comments?post=2542"}],"wp:featuredmedia":[{"embeddable":true,"href":"https:\/\/sealife-cameras.eu\/cs\/wp-json\/wp\/v2\/media\/2589"}],"wp:attachment":[{"href":"https:\/\/sealife-cameras.eu\/cs\/wp-json\/wp\/v2\/media?parent=2542"}],"wp:term":[{"taxonomy":"product_brand","embeddable":true,"href":"https:\/\/sealife-cameras.eu\/cs\/wp-json\/wp\/v2\/product_brand?post=2542"},{"taxonomy":"product_cat","embeddable":true,"href":"https:\/\/sealife-cameras.eu\/cs\/wp-json\/wp\/v2\/product_cat?post=2542"},{"taxonomy":"product_tag","embeddable":true,"href":"https:\/\/sealife-cameras.eu\/cs\/wp-json\/wp\/v2\/product_tag?post=2542"}],"curies":[{"name":"wp","href":"https:\/\/api.w.org\/{rel}","templated":true}]}}