{"id":2580,"date":"2024-05-13T09:27:56","date_gmt":"2024-05-13T07:27:56","guid":{"rendered":"https:\/\/modest-cartwright.45-82-188-209.plesk.page\/?post_type=product&#038;p=2580"},"modified":"2024-08-20T12:42:41","modified_gmt":"2024-08-20T10:42:41","slug":"sea-dragon-3000f-color-boost","status":"publish","type":"product","link":"https:\/\/sealife-cameras.eu\/cs\/produkt\/sea-dragon-3000f-color-boost\/","title":{"rendered":"Sea Dragon 3000F Color Boost\u2122"},"content":{"rendered":"<p>S\u00e9riov\u00e9 \u010d\u00edslo: SL681<\/p>\n<p>Podvodn\u00ed foto-video sv\u011btlo Sea Dragon 3000F s technologi\u00ed Color Boost\u2122 nab\u00edz\u00ed n\u011bkolik zaj\u00edmav\u00fdch funkc\u00ed.<\/p>\n<p>Pro za\u010d\u00e1tek je lampa vybavena vysoce kvalitn\u00ed \u0159adou COB LED, kter\u00e1 poskytuje 3000 lumen\u016f v plynul\u00e9m 120\u00b0 \u0161irok\u00e9m paprsku a nab\u00edz\u00ed index pod\u00e1n\u00ed barev (CRI) 90, kter\u00fd napodobuje p\u0159irozen\u00e9 slune\u010dn\u00ed sv\u011btlo.<\/p>\n<p>D\u00edky nov\u00e9mu patentovan\u00e9mu re\u017eimu SeaLife Color Boost\u2122 dod\u00e1v\u00e1 sv\u011btlo fotografi\u00edm a vide\u00edm pod vodou \u017eiv\u00e9 barvy. Sea Dragon 3000 se rozsv\u00edt\u00ed b\u00edl\u00fdm sv\u011btlem o s\u00edle 3000 lumen\u016f a barevn\u00e9 teplot\u011b 5000 K (Kelvin\u016f). Po aktivaci re\u017eimu SeaLife Color Boost\u2122 se teplota barev zah\u0159eje na 3900 K, \u010d\u00edm\u017e se dopln\u00ed ztracen\u00e1 \u010derven\u00e1 barva a dos\u00e1hne se vyv\u00e1\u017een\u00e9ho a barevn\u00e9ho efektu. Efekt je okam\u017eit\u011b patrn\u00fd jak na pohled, tak na fotografi\u00edch nebo vide\u00edch ve fotoapar\u00e1tu.<\/p>\n<p>Dal\u0161\u00edm prvkem lampy je velk\u00fd oto\u010dn\u00fd knofl\u00edk s vroubkovan\u00fdm povrchem, kter\u00fd umo\u017e\u0148uje rychl\u00e9 zapnut\u00ed a plynul\u00e9 nastaven\u00ed jasu od 300 do 3000 lumen\u016f bez krok\u016f nebo n\u00e1hl\u00fdch zm\u011bn intenzity sv\u011btla. Jednoduch\u00fdm stisknut\u00edm tla\u010d\u00edtka p\u0159epnete sv\u011btlo z re\u017eimu pouze b\u00edl\u00e9 barvy do re\u017eimu Color Boost. Sv\u011btlo nab\u00edz\u00ed tak\u00e9 re\u017eim stealth pouze v \u010derven\u00e9 barv\u011b, kter\u00fd vyu\u017e\u00edv\u00e1 dv\u011b \u010derven\u00e9 diody LED pou\u017e\u00edvan\u00e9 pro no\u010dn\u00ed pot\u00e1p\u011bn\u00ed, ani\u017e by pla\u0161ilo mo\u0159sk\u00e9 \u017eivo\u010dichy citliv\u00e9 na jasn\u00e9 sv\u011btlo.<\/p>\n<p>Sea Dragon 3000 je tak\u00e9 vybaven re\u017eimy nouzov\u00e9ho sign\u00e1lu, kter\u00e9 p\u0159i pln\u00e9 intenzit\u011b jasu blikaj\u00ed sign\u00e1lem SOS nebo jednosekundov\u00fdm blik\u00e1n\u00edm po dobu v\u00edce ne\u017e 20 hodin. Model 3000F Color Boost\u2122 je leh\u010d\u00ed a men\u0161\u00ed ne\u017e jeho bratr 5000+ Color Boost\u2122 a pou\u017e\u00edv\u00e1 patentovanou dvou\u010dl\u00e1nkovou lithium-iontovou baterii SeaLife s kapacitou 3400 mAh.<\/p>\n<p><strong>Vlastnosti:<\/strong><\/p>\n<ul>\n<li>Ovl\u00e1d\u00e1n\u00ed jedn\u00edm oto\u010den\u00edm pro rychl\u00e9 a snadn\u00e9 ovl\u00e1d\u00e1n\u00ed. Oto\u010den\u00edm zapnete\/vypnete a nastav\u00edte jas<\/li>\n<li>Patentovan\u00fd re\u017eim Color Boost\u2122 dopl\u0148uje ztracenou \u010dervenou barvu pro tepl\u00fd a \u017eiv\u00fd barevn\u00fd efekt.<\/li>\n<li>V\u00fdkonn\u00fd sv\u011bteln\u00fd tok 3000 lumen\u016f s \u0159adou LED Bridgelux Gen 8 Vero COB<\/li>\n<li>60 minut provozu p\u0159i pln\u00e9m v\u00fdkonu<\/li>\n<li>St\u00e1l\u00fd jas - regulovan\u00e9 obvody, tak\u017ee sv\u011btlo p\u0159i provozu na baterii nezhas\u00edn\u00e1.<\/li>\n<li>90 CRI napodobuje p\u0159irozen\u00e9 denn\u00ed sv\u011btlo.<\/li>\n<li>Snadno roz\u0161i\u0159iteln\u00e9 pomoc\u00ed z\u00e1sobn\u00edk\u016f Flex-Connect\u2122, \u00fachyt\u016f a flexibiln\u00edch ramen.<\/li>\n<li>Tla\u010d\u00edtko pro rychl\u00e9 uvoln\u011bn\u00ed sv\u011btla a jeho nasm\u011brov\u00e1n\u00ed do \u0161t\u011brbin a t\u011b\u017eko p\u0159\u00edstupn\u00fdch m\u00edst.<\/li>\n<li>\u0160irok\u00fd \u00fahel paprsku 120\u00b0 osv\u011btluje objekt rovnom\u011brn\u011b, bez hork\u00fdch m\u00edst. 90\u00b0 pod vodou<\/li>\n<li>Nouzov\u00fd re\u017eim vyd\u00e1v\u00e1 blikaj\u00edc\u00ed sv\u011btlo nebo sign\u00e1l SOS, aby upozornil ostatn\u00ed na nouzovou situaci.<\/li>\n<li>Re\u017eim Stealth - pouze \u010derven\u00e1 barva neodrad\u00ed no\u010dn\u00ed mo\u0159sk\u00e9 \u017eivo\u010dichy<\/li>\n<li>Hloubka se odhaduje a\u017e na 100 m<\/li>\n<li>Vyj\u00edmateln\u00e1 Li-Ion baterie 25 Wh 3400 mAh s nab\u00edje\u010dkou a mezin\u00e1rodn\u00edmi adapt\u00e9ry do z\u00e1suvky v balen\u00ed<\/li>\n<li>Vodot\u011bsn\u00fd prostor pro baterie chr\u00e1n\u00ed vnit\u0159n\u00ed elektroniku i p\u0159i n\u00e1hodn\u00e9m vniknut\u00ed sv\u011btla.<\/li>\n<li>Obsahuje standardn\u00ed z\u00e1sobn\u00edk a rukoje\u0165.<\/li>\n<li>Mont\u00e1\u017e pomoc\u00ed univerz\u00e1ln\u00edho \u0161roubu \u00bc-20 je vhodn\u00e1 pro v\u0161echny produkty SeaLife a dal\u0161\u00ed zna\u010dky.<\/li>\n<\/ul>\n<p>Doporu\u010den\u00e1 maloobchodn\u00ed cena: 679,00 \u20ac s DPH<\/p>","protected":false},"excerpt":{"rendered":"<p>Serienummer: SL681 De Sea Dragon 3000F met Color Boost\u2122 onderwaterfoto-videolamp biedt verschillende opwindende functies. Om te beginnen is de lamp voorzien van [&hellip;]<\/p>\n","protected":false},"featured_media":2614,"comment_status":"open","ping_status":"closed","template":"","meta":{"_acf_changed":false},"product_brand":[],"product_cat":[142],"product_tag":[391,282,146,168,252,377,378,439,379,57,237,380],"class_list":{"0":"post-2580","1":"product","2":"type-product","3":"status-publish","4":"has-post-thumbnail","6":"product_cat-foto-en-videolampen","7":"product_tag-391","8":"product_tag-diving","9":"product_tag-fotografie","10":"product_tag-onderwater","11":"product_tag-onderwaterwereld","12":"product_tag-photography","13":"product_tag-sea-dragon","14":"product_tag-sea-dragon-lampen","15":"product_tag-sealife","16":"product_tag-set","17":"product_tag-underwater","18":"product_tag-universal","19":"product_shipping_class-pakket","21":"first","22":"instock","23":"featured","24":"shipping-taxable","25":"product-type-simple"},"acf":[],"_links":{"self":[{"href":"https:\/\/sealife-cameras.eu\/cs\/wp-json\/wp\/v2\/product\/2580","targetHints":{"allow":["GET"]}}],"collection":[{"href":"https:\/\/sealife-cameras.eu\/cs\/wp-json\/wp\/v2\/product"}],"about":[{"href":"https:\/\/sealife-cameras.eu\/cs\/wp-json\/wp\/v2\/types\/product"}],"replies":[{"embeddable":true,"href":"https:\/\/sealife-cameras.eu\/cs\/wp-json\/wp\/v2\/comments?post=2580"}],"wp:featuredmedia":[{"embeddable":true,"href":"https:\/\/sealife-cameras.eu\/cs\/wp-json\/wp\/v2\/media\/2614"}],"wp:attachment":[{"href":"https:\/\/sealife-cameras.eu\/cs\/wp-json\/wp\/v2\/media?parent=2580"}],"wp:term":[{"taxonomy":"product_brand","embeddable":true,"href":"https:\/\/sealife-cameras.eu\/cs\/wp-json\/wp\/v2\/product_brand?post=2580"},{"taxonomy":"product_cat","embeddable":true,"href":"https:\/\/sealife-cameras.eu\/cs\/wp-json\/wp\/v2\/product_cat?post=2580"},{"taxonomy":"product_tag","embeddable":true,"href":"https:\/\/sealife-cameras.eu\/cs\/wp-json\/wp\/v2\/product_tag?post=2580"}],"curies":[{"name":"wp","href":"https:\/\/api.w.org\/{rel}","templated":true}]}}