{"id":2582,"date":"2024-05-13T09:27:56","date_gmt":"2024-05-13T07:27:56","guid":{"rendered":"https:\/\/modest-cartwright.45-82-188-209.plesk.page\/?post_type=product&#038;p=2582"},"modified":"2024-08-20T12:42:42","modified_gmt":"2024-08-20T10:42:42","slug":"flex-connect-ultra-dual-tray","status":"publish","type":"product","link":"https:\/\/sealife-cameras.eu\/cs\/produkt\/flex-connect-ultra-dual-tray\/","title":{"rendered":"Flex-Connect\u00ae Ultra Dual Tray"},"content":{"rendered":"<p>Flex-Connect Ultra Dual Tray<br \/>\n\u010c\u00edslo produktu: SL9908<\/p>\n<p>Obloukov\u00fd dvojit\u00fd z\u00e1sobn\u00edk je ide\u00e1ln\u00ed pro kameru SeaLife SportDiver a dal\u0161\u00ed \u0161irok\u00e1 pouzdra pro podvodn\u00ed kamery. P\u0159ipevn\u011bte na podvodn\u00ed kameru dva stroboskopy nebo sv\u011btla, zdvojn\u00e1sob\u00edte tak jas a omez\u00edte st\u00ednov\u00e1n\u00ed. Dual Tray lze um\u00edstit s \u00fachyty a sv\u011btly za pouzdro nebo p\u0159ed pouzdro. Dr\u017een\u00ed fotoapar\u00e1tu pomoc\u00ed dvou \u00fachyt\u016f zvy\u0161uje stabilitu. Robustn\u00ed polykarbon\u00e1tov\u00e1 konstrukce pro spolehlivou pevnost a tuhost. Lze p\u0159ipevnit na jak\u00fdkoli fotoapar\u00e1t pomoc\u00ed standardn\u00edho stativov\u00e9ho \u0161roubu \u00bc-20. Pod vani\u010dkou jsou um\u00edst\u011bny dva stativov\u00e9 z\u00e1vity \u00bc-20 pro p\u0159id\u00e1n\u00ed dokovac\u00ed stanice objektivu nebo jin\u00e9ho p\u0159\u00edslu\u0161enstv\u00ed.<\/p>","protected":false},"excerpt":{"rendered":"<p>Flex-Connect Ultra Dual Tray Product nr: SL9908 De boogvormige Dual Tray biedt een ideale pasvorm voor de SeaLife SportDiver en andere brede [&hellip;]<\/p>\n","protected":false},"featured_media":2841,"comment_status":"open","ping_status":"closed","template":"","meta":{"_acf_changed":false},"product_brand":[],"product_cat":[406],"product_tag":[251,282,407,146,168,252,377,379,408,237,380],"class_list":{"0":"post-2582","1":"product","2":"type-product","3":"status-publish","4":"has-post-thumbnail","6":"product_cat-flex-connect-accessoires","7":"product_tag-accessoires","8":"product_tag-diving","9":"product_tag-flex-connect","10":"product_tag-fotografie","11":"product_tag-onderwater","12":"product_tag-onderwaterwereld","13":"product_tag-photography","14":"product_tag-sealife","15":"product_tag-tray","16":"product_tag-underwater","17":"product_tag-universal","18":"product_shipping_class-pakket","20":"first","21":"instock","22":"shipping-taxable","23":"product-type-simple"},"acf":[],"_links":{"self":[{"href":"https:\/\/sealife-cameras.eu\/cs\/wp-json\/wp\/v2\/product\/2582","targetHints":{"allow":["GET"]}}],"collection":[{"href":"https:\/\/sealife-cameras.eu\/cs\/wp-json\/wp\/v2\/product"}],"about":[{"href":"https:\/\/sealife-cameras.eu\/cs\/wp-json\/wp\/v2\/types\/product"}],"replies":[{"embeddable":true,"href":"https:\/\/sealife-cameras.eu\/cs\/wp-json\/wp\/v2\/comments?post=2582"}],"wp:featuredmedia":[{"embeddable":true,"href":"https:\/\/sealife-cameras.eu\/cs\/wp-json\/wp\/v2\/media\/2841"}],"wp:attachment":[{"href":"https:\/\/sealife-cameras.eu\/cs\/wp-json\/wp\/v2\/media?parent=2582"}],"wp:term":[{"taxonomy":"product_brand","embeddable":true,"href":"https:\/\/sealife-cameras.eu\/cs\/wp-json\/wp\/v2\/product_brand?post=2582"},{"taxonomy":"product_cat","embeddable":true,"href":"https:\/\/sealife-cameras.eu\/cs\/wp-json\/wp\/v2\/product_cat?post=2582"},{"taxonomy":"product_tag","embeddable":true,"href":"https:\/\/sealife-cameras.eu\/cs\/wp-json\/wp\/v2\/product_tag?post=2582"}],"curies":[{"name":"wp","href":"https:\/\/api.w.org\/{rel}","templated":true}]}}