{"id":2583,"date":"2024-05-13T09:27:56","date_gmt":"2024-05-13T07:27:56","guid":{"rendered":"https:\/\/modest-cartwright.45-82-188-209.plesk.page\/?post_type=product&#038;p=2583"},"modified":"2024-08-20T12:42:42","modified_gmt":"2024-08-20T10:42:42","slug":"sportdiver-52mm-wide-angle-dome-lens","status":"publish","type":"product","link":"https:\/\/sealife-cameras.eu\/cs\/produkt\/sportdiver-52mm-wide-angle-dome-lens\/","title":{"rendered":"SportDiver 52mm \u0161iroko\u00fahl\u00fd kopulovit\u00fd objektiv"},"content":{"rendered":"<p>S\u00e9riov\u00e9 \u010d\u00edslo: SL054<\/p>\n<p>\u0160iroko\u00fahl\u00fd kopulovit\u00fd objektiv pro SportDiver se p\u0159ipev\u0148uje k pouzdru chytr\u00e9ho telefonu pomoc\u00ed 52mm z\u00e1vitu k adapt\u00e9ru objektivu SportDiver SL081. Objektiv lze nasadit i na jin\u00e9 podvodn\u00ed fotoapar\u00e1ty a pouzdra pomoc\u00ed n\u00e1stavce se z\u00e1vitem 52 mm. T\u00edm se zv\u011bt\u0161\u00ed zorn\u00e9 pole telefonu nebo fotoapar\u00e1tu s 43% a fotografov\u00e9 se mohou dvakr\u00e1t p\u0159ibl\u00ed\u017eit k fotografovan\u00e9mu objektu.<\/p>\n<p>Konstrukce \u0161iroko\u00fahl\u00e9ho revolverov\u00e9ho objektivu SportDiver vyu\u017e\u00edv\u00e1 vysoce kvalitn\u00ed optiku uspo\u0159\u00e1danou do soustavy 4 \u010dlen\u016f\/4 skupin, kter\u00e1 zaji\u0161\u0165uje ostrost od okraje k okraji. Vnit\u0159n\u00ed prvky jsou vyrobeny z pln\u011b v\u00edcevrstv\u00e9ho optick\u00e9ho skla. \u0160iroko\u00fahl\u00e1 kopulovit\u00e1 \u010do\u010dka je vyrobena z optick\u00e9ho polykarbon\u00e1tu s tvrdou povrchovou \u00fapravou proti po\u0161kr\u00e1b\u00e1n\u00ed.<\/p>\n<p>Objektiv m\u00e1 efektivn\u00ed ohniskovou vzd\u00e1lenost ekvivalentn\u00ed 18,2 mm p\u0159i pou\u017eit\u00ed 26mm objektivu telefonu nebo fotoapar\u00e1tu. Objektiv je vodot\u011bsn\u00fd do hloubky 60 m.<\/p>\n<p>Vlastnosti:<\/p>\n<ul>\n<li>P\u0159ibli\u017ete se 3x a z\u00edskejte 43% \u0161ir\u0161\u00ed zorn\u00e9 pole<\/li>\n<li>Optick\u00e1 konstrukce koriguje soudkovit\u00e9 zkreslen\u00ed a zlep\u0161uje ostrost od okraje k okraji.<\/li>\n<li>Funguje s adapt\u00e9rem pro objektivy SportDiver (SL081), SeaLife DC2000, Olympus a dal\u0161\u00edmi podvodn\u00edmi pouzdry s 52mm portem pro objektivy.<\/li>\n<li>7x \u0161iroko\u00fahl\u00e1 konverze<\/li>\n<li>Pln\u011b v\u00edcevrstv\u00e1 optika pro maxim\u00e1ln\u00ed p\u0159enos sv\u011btla<\/li>\n<li>Objektiv lze nasadit\/odejmout pod vodou<\/li>\n<li>P\u0159esn\u00e1 vysoce kvalitn\u00ed optika se 4 prvky\/4 skupinami (vnit\u0159n\u00ed optick\u00e9 sklo)<\/li>\n<li>Polykarbon\u00e1tov\u00e1 \u010do\u010dka Dome s tvrdou povrchovou \u00fapravou odolnou proti po\u0161kr\u00e1b\u00e1n\u00ed<\/li>\n<li>Sou\u010d\u00e1st\u00ed je neoprenov\u00fd kryt objektivu.<\/li>\n<li>Vodot\u011bsnost do 60 m<\/li>\n<\/ul>","protected":false},"excerpt":{"rendered":"<p>Serienummer: SL054 De Wide Angle Dome Lens voor de SportDiver wordt aan de smartphonebehuizing bevestigd met zijn 52 mm schroefdraadbevestiging aan de [&hellip;]<\/p>\n","protected":false},"featured_media":2640,"comment_status":"open","ping_status":"closed","template":"","meta":{"_acf_changed":false},"product_brand":[],"product_cat":[171],"product_tag":[402,146,52,168,252,377,454,459,237,380,170],"class_list":{"0":"post-2583","1":"product","2":"type-product","3":"status-publish","4":"has-post-thumbnail","6":"product_cat-lenzen","7":"product_tag-adapter","8":"product_tag-fotografie","9":"product_tag-lens","10":"product_tag-onderwater","11":"product_tag-onderwaterwereld","12":"product_tag-photography","13":"product_tag-sportdiver","14":"product_tag-sportdiver-ultra","15":"product_tag-underwater","16":"product_tag-universal","17":"product_tag-wide-angle","18":"product_shipping_class-pakket","20":"first","21":"instock","22":"featured","23":"shipping-taxable","24":"product-type-simple"},"acf":[],"_links":{"self":[{"href":"https:\/\/sealife-cameras.eu\/cs\/wp-json\/wp\/v2\/product\/2583","targetHints":{"allow":["GET"]}}],"collection":[{"href":"https:\/\/sealife-cameras.eu\/cs\/wp-json\/wp\/v2\/product"}],"about":[{"href":"https:\/\/sealife-cameras.eu\/cs\/wp-json\/wp\/v2\/types\/product"}],"replies":[{"embeddable":true,"href":"https:\/\/sealife-cameras.eu\/cs\/wp-json\/wp\/v2\/comments?post=2583"}],"wp:featuredmedia":[{"embeddable":true,"href":"https:\/\/sealife-cameras.eu\/cs\/wp-json\/wp\/v2\/media\/2640"}],"wp:attachment":[{"href":"https:\/\/sealife-cameras.eu\/cs\/wp-json\/wp\/v2\/media?parent=2583"}],"wp:term":[{"taxonomy":"product_brand","embeddable":true,"href":"https:\/\/sealife-cameras.eu\/cs\/wp-json\/wp\/v2\/product_brand?post=2583"},{"taxonomy":"product_cat","embeddable":true,"href":"https:\/\/sealife-cameras.eu\/cs\/wp-json\/wp\/v2\/product_cat?post=2583"},{"taxonomy":"product_tag","embeddable":true,"href":"https:\/\/sealife-cameras.eu\/cs\/wp-json\/wp\/v2\/product_tag?post=2583"}],"curies":[{"name":"wp","href":"https:\/\/api.w.org\/{rel}","templated":true}]}}