{"id":2597,"date":"2024-05-13T09:28:20","date_gmt":"2024-05-13T07:28:20","guid":{"rendered":"https:\/\/modest-cartwright.45-82-188-209.plesk.page\/?post_type=product&#038;p=2597"},"modified":"2025-01-10T09:12:05","modified_gmt":"2025-01-10T08:12:05","slug":"sealife-sportdiver-ultra-2500-set","status":"publish","type":"product","link":"https:\/\/sealife-cameras.eu\/cs\/produkt\/sealife-sportdiver-ultra-2500-set\/","title":{"rendered":"Sada Sealife SportDiver Ultra 2500"},"content":{"rendered":"<p>Sada SportDiver Ultra 2500<br \/>\n\u010c\u00edslo v\u00fdrobku SL406<\/p>\n<p>Sada SeaLife SportDiver Ultra Pro 2500 je kompaktn\u00ed a lehk\u00e9 podvodn\u00ed pouzdro pro chytr\u00e9 telefony s v\u00fdkonn\u00fdm foto-video sv\u011btlem Sea Dragon 2500, kter\u00e9 zv\u00fdraz\u0148uje barvy. Pouzdro SportDiver Ultra umo\u017e\u0148uje pot\u00e1p\u011b\u010d\u016fm po\u0159izovat fotografie a videa chytr\u00fdmi telefony a\u017e do hloubky 40 metr\u016f. Do pouzdra SportDiver Ultra lze um\u00edstit v\u011bt\u0161inu model\u016f se syst\u00e9mem Android, v\u010detn\u011b v\u0161ech v\u011bt\u0161\u00edch model\u016f Samsung \u0159ady S Ultra a \u0159ady Google Pixel, a v\u011bt\u0161inu telefon\u016f Iphone. Pod\u00edvejte se na na\u0161eho pr\u016fvodce kompatibilitou a mont\u00e1\u017e\u00ed SportDiver: <a href=\"https:\/\/www.sealife-cameras.com\/sportdiver-compatibility\/\">https:\/\/www.sealife-cameras.com\/sportdiver-compatibility\/<\/a> a zjist\u011bte, zda se do n\u011bj telefon vejde. Bezplatn\u00e1 aplikace SportDiver je k dispozici v App Store nebo Play Store a funguje se sou\u010dasnou i p\u0159edchoz\u00ed generac\u00ed opera\u010dn\u00edho syst\u00e9mu.<\/p>\n<p>Robustn\u00ed kryt je vyroben z polykarbon\u00e1tu, nerezov\u00e9 oceli, hlin\u00edku a optick\u00e9ho skla. Pouzdro SportDiver Ultra je \"t\u011b\u017ek\u00e9\", ale ne t\u011b\u017ek\u00e9. V\u00e1\u017e\u00ed 808 gram\u016f, je lehk\u00e9 pro cestov\u00e1n\u00ed a nab\u00edz\u00ed t\u00e9m\u011b\u0159 neutr\u00e1ln\u00ed vztlak ve vod\u011b v z\u00e1vislosti na pou\u017eit\u00e9m modelu smartphonu. Pouzdro Sea Dragon 2500 p\u0159id\u00e1v\u00e1 623 gram\u016f, a to v\u010detn\u011b baterie, gripu a z\u00e1sobn\u00edku. Lze ji snadno p\u0159ipevnit nebo odejmout v z\u00e1vislosti na va\u0161ich po\u017eadavc\u00edch na osv\u011btlen\u00ed.<\/p>\n<p>Fotoapar\u00e1t SportDiver Ultra se snadno dr\u017e\u00ed a pou\u017e\u00edv\u00e1, m\u00e1 velkou p\u00e1\u010dku spou\u0161t\u011b a zadn\u00ed ovl\u00e1dac\u00ed tla\u010d\u00edtka pro snadn\u00e9 ovl\u00e1d\u00e1n\u00ed i v pot\u00e1p\u011b\u010dsk\u00fdch rukavic\u00edch. \u0160norchla\u0159i a pot\u00e1p\u011b\u010di mohou b\u00fdt p\u0159i po\u0159izov\u00e1n\u00ed fotografi\u00ed nebo videoz\u00e1znam\u016f kreativn\u011bj\u0161\u00ed d\u00edky pokro\u010dil\u00e9mu nastaven\u00ed fotoapar\u00e1tu*. Upravte zoom, expozici (EV), automatick\u00e9\/manu\u00e1ln\u00ed zaost\u0159ov\u00e1n\u00ed, vyv\u00e1\u017een\u00ed b\u00edl\u00e9, odst\u00edn, v\u00fdb\u011br objektivu, re\u017eim RAW+JPEG a stabilizaci videa (u dostupn\u00fdch model\u016f telefon\u016f)*.<\/p>\n<p>Jasn\u00e9 sv\u011btlo pro \u00fa\u017easn\u00e9 barvy<br \/>\nKamera Sea Dragon 2500 vyu\u017e\u00edv\u00e1 technologii COB LED s ploch\u00fdm panelem, kter\u00e1 p\u0159esn\u011b napodobuje p\u0159irozen\u00e9 slune\u010dn\u00ed sv\u011btlo, \u010d\u00edm\u017e na fotografi\u00edch a vide\u00edch pod vodou vyniknou \u00fa\u017easn\u00e9 barvy. S indexem pod\u00e1n\u00ed barev 90 \u0159e\u0161\u00ed Sea Dragon 2500 probl\u00e9m tlumen\u00fdch barev na podvodn\u00edch fotografi\u00edch a vide\u00edch.<\/p>\n<p>Sou\u010d\u00e1st\u00ed pouzdra SportDiver Ultra je bezplatn\u00e1 aplikace SportDiver; na rozd\u00edl od jin\u00fdch aplikac\u00ed pro chytr\u00e9 telefony zde nejsou \u017e\u00e1dn\u00e9 otravn\u00e9 n\u00e1kupy v aplikaci ani reklamy. Snadno p\u0159ep\u00edn\u00e1te mezi fotografick\u00fdm a video re\u017eimem. Aplikace SportDiver vyu\u017e\u00edv\u00e1 technologii fotoapar\u00e1tu va\u0161eho telefonu, kter\u00e1 je specifick\u00e1 pro ka\u017ed\u00fd model telefonu*. Aplikace podporuje sou\u010dasn\u00e9 i p\u0159edchoz\u00ed verze opera\u010dn\u00edho syst\u00e9mu, aplikace je aktualizov\u00e1na podle nov\u00fdch verz\u00ed opera\u010dn\u00edho syst\u00e9mu.<\/p>\n<p>V re\u017eimu p\u0159ehr\u00e1v\u00e1n\u00ed aplikace se fotografie a videa zobrazuj\u00ed v pln\u00e9 velikosti se svisl\u00fdm pruhem miniatur, co\u017e usnad\u0148uje vyhled\u00e1v\u00e1n\u00ed sn\u00edmk\u016f. Videa se po v\u00fdb\u011bru p\u0159ehr\u00e1vaj\u00ed automaticky. V\u0161echny soubory se tak\u00e9 ukl\u00e1daj\u00ed do role film\u016f v telefonu. Pouzdro SportDiver Ultra se automaticky p\u0159ipoj\u00ed k chytr\u00e9mu telefonu a aplikaci SportDiver prost\u0159ednictv\u00edm bezdr\u00e1tov\u00e9 technologie Bluetooth\u00ae Low Energy (LE) 5. Telefonu se nedot\u00fdkaj\u00ed \u017e\u00e1dn\u00e9 kabely ani tla\u010d\u00edtka a spot\u0159eba energie je extr\u00e9mn\u011b n\u00edzk\u00e1 jak pro telefon, tak pro pouzdro, kter\u00e9 je nap\u00e1jeno dv\u011bma bateriemi AAA, kter\u00e9 vydr\u017e\u00ed v\u00edce ne\u017e 50 hodin nep\u0159etr\u017eit\u00e9ho pou\u017e\u00edv\u00e1n\u00ed.<\/p>\n<p>Pro lep\u0161\u00ed obrazov\u00e9 v\u00fdsledky je kamera SportDiver Ultra vybavena odn\u00edmateln\u00fdm filtrem pro korekci barev pod vodou, kter\u00fd obnovuje p\u0159irozen\u00e9 barvy pod vodou. \u010cerven\u00fd filtr lze pod vodou snadno nasadit nebo sejmout a je vybaven bezpe\u010dnostn\u00ed \u0161\u0148\u016frkou proti ztr\u00e1t\u011b.<\/p>\n<p>Pouzdro SportDiver Ultra je vybaveno sedmi \u00fachyty 1\/4-20 pro stativ, kter\u00e9 lze p\u0159ipevnit na jakoukoli lampu se standardn\u00edm stativov\u00fdm z\u00e1vitem, nap\u0159\u00edklad na \u0159adu podvodn\u00edch foto\/video lamp Sea Dragon spole\u010dnosti SeaLife.<\/p>\n<p>Pro bezpe\u010dnost a ochranu telefonu m\u00e1 SportDiver Ultra pevnou pru\u017einu a gumov\u00e9 \u00fachytn\u00e9 v\u00fdstupky, kter\u00e9 udr\u017euj\u00ed smartphone bezpe\u010dn\u011b na m\u00edst\u011b a poskytuj\u00ed ochranu proti n\u00e1raz\u016fm. SportDiver Ultra je vybaven \"dvojit\u00fdm alarmem net\u011bsnosti\", v\u010detn\u011b vnit\u0159n\u00edho alarmu vlhkosti a alarmu podtlaku, kter\u00fd upozor\u0148uje pot\u00e1p\u011b\u010de pomoc\u00ed v\u00fdstrah na obrazovce, zvukov\u00fdch a LED sign\u00e1l\u016f v nepravd\u011bpodobn\u00e9m p\u0159\u00edpad\u011b, \u017ee dojde k naru\u0161en\u00ed vodot\u011bsnosti a ztr\u00e1t\u011b tlaku v pouzd\u0159e nebo je zji\u0161t\u011bna vlhkost. Dv\u00ed\u0159ka modelu SportDiver Ultra jsou ut\u011bsn\u011bna O-krou\u017ekem z TPE a robustn\u00edm t\u011bsn\u011bn\u00edm cam-lock, kter\u00e9 snadno a bezpe\u010dn\u011b uzamkne vodot\u011bsn\u00e1 dv\u00ed\u0159ka. Aby se zabr\u00e1nilo zaml\u017een\u00ed vnit\u0159n\u00edho prostoru v d\u016fsledku zbytkov\u00e9 vlhkosti, pou\u017e\u00edv\u00e1 SportDiver Ultra kapsli proti zaml\u017een\u00ed \"Moisture Muncher\", kter\u00e1 zabra\u0148uje zaml\u017een\u00ed a vnit\u0159n\u00ed kondenzaci.<\/p>\n<p>*D\u016fle\u017eit\u00e9: N\u011bkter\u00e1 nastaven\u00ed nemus\u00ed b\u00fdt v z\u00e1vislosti na zna\u010dce\/modelu telefonu k dispozici. V z\u00e1vislosti na konfliktn\u00edch nastaven\u00edch mohou b\u00fdt nastaven\u00ed blokov\u00e1na nebo nedostupn\u00e1. Nap\u0159\u00edklad nastaven\u00ed Portr\u00e9t (rozost\u0159en\u00ed pozad\u00ed) je dostupn\u00e9 pouze na telefonech iPhone s v\u00edce objektivy. Nastaven\u00ed V\u00fdb\u011br objektivu nemus\u00ed zahrnovat v\u0161echny dostupn\u00e9 objektivy telefonu; teleobjektiv nen\u00ed dostupn\u00fd pro telefony se syst\u00e9mem Android. Aktualizace aplikace SportDiver kontrolujte v obchod\u011b App Store a Play Store.<\/p>","protected":false},"excerpt":{"rendered":"<p>SportDiver Ultra 2500 Set Product Nr. SL406 De SeaLife SportDiver Ultra Pro 2500 Set is een compacte en lichtgewicht onderwaterbehuizing voor smartphones [&hellip;]<\/p>\n","protected":false},"featured_media":2780,"comment_status":"open","ping_status":"closed","template":"","meta":{"_acf_changed":false},"product_brand":[],"product_cat":[387],"product_tag":[152,146,168,252,377,378,439,379,454,459,461,460,237,380],"class_list":{"0":"post-2597","1":"product","2":"type-product","3":"status-publish","4":"has-post-thumbnail","6":"product_cat-cameras-en-behuizing","7":"product_tag-camera","8":"product_tag-fotografie","9":"product_tag-onderwater","10":"product_tag-onderwaterwereld","11":"product_tag-photography","12":"product_tag-sea-dragon","13":"product_tag-sea-dragon-lampen","14":"product_tag-sealife","15":"product_tag-sportdiver","16":"product_tag-sportdiver-ultra","17":"product_tag-sportdiver-ultra-2500-set","18":"product_tag-ultra","19":"product_tag-underwater","20":"product_tag-universal","21":"product_shipping_class-pakket","23":"first","24":"instock","25":"shipping-taxable","26":"product-type-simple"},"acf":[],"_links":{"self":[{"href":"https:\/\/sealife-cameras.eu\/cs\/wp-json\/wp\/v2\/product\/2597","targetHints":{"allow":["GET"]}}],"collection":[{"href":"https:\/\/sealife-cameras.eu\/cs\/wp-json\/wp\/v2\/product"}],"about":[{"href":"https:\/\/sealife-cameras.eu\/cs\/wp-json\/wp\/v2\/types\/product"}],"replies":[{"embeddable":true,"href":"https:\/\/sealife-cameras.eu\/cs\/wp-json\/wp\/v2\/comments?post=2597"}],"wp:featuredmedia":[{"embeddable":true,"href":"https:\/\/sealife-cameras.eu\/cs\/wp-json\/wp\/v2\/media\/2780"}],"wp:attachment":[{"href":"https:\/\/sealife-cameras.eu\/cs\/wp-json\/wp\/v2\/media?parent=2597"}],"wp:term":[{"taxonomy":"product_brand","embeddable":true,"href":"https:\/\/sealife-cameras.eu\/cs\/wp-json\/wp\/v2\/product_brand?post=2597"},{"taxonomy":"product_cat","embeddable":true,"href":"https:\/\/sealife-cameras.eu\/cs\/wp-json\/wp\/v2\/product_cat?post=2597"},{"taxonomy":"product_tag","embeddable":true,"href":"https:\/\/sealife-cameras.eu\/cs\/wp-json\/wp\/v2\/product_tag?post=2597"}],"curies":[{"name":"wp","href":"https:\/\/api.w.org\/{rel}","templated":true}]}}