{"id":2870,"date":"2024-07-02T11:44:44","date_gmt":"2024-07-02T09:44:44","guid":{"rendered":"https:\/\/sealife-cameras.eu\/?post_type=product&#038;p=2870"},"modified":"2024-08-20T12:42:40","modified_gmt":"2024-08-20T10:42:40","slug":"o-ring-set-voor-sportdiver-ultra-behuizing","status":"publish","type":"product","link":"https:\/\/sealife-cameras.eu\/cs\/produkt\/o-ring-set-voor-sportdiver-ultra-behuizing\/","title":{"rendered":"Sada O-krou\u017ek\u016f pro pouzdro SportDiver Ultra"},"content":{"rendered":"<p>Sada O-krou\u017ek\u016f pro pouzdro SportDiver Ultra<br \/>\n\u010c\u00edslo produktu : SL40510<\/p>\n<p>Sada n\u00e1hradn\u00edch O-krou\u017ek\u016f pro podvodn\u00ed pouzdro pro chytr\u00e9 telefony SportDiver Ultra<\/p>","protected":false},"excerpt":{"rendered":"<p>Sada O-krou\u017ek\u016f pro pouzdro SportDiver Ultra \u010c\u00edslo produktu : SL40510 N\u00e1hradn\u00ed sada O-krou\u017ek\u016f pro podvodn\u00ed pouzdro SportDiver Ultra pro chytr\u00e9 telefony<\/p>","protected":false},"featured_media":2871,"comment_status":"open","ping_status":"closed","template":"","meta":{"_acf_changed":false},"product_brand":[],"product_cat":[418],"product_tag":[],"class_list":{"0":"post-2870","1":"product","2":"type-product","3":"status-publish","4":"has-post-thumbnail","6":"product_cat-camera-accessoires","7":"product_shipping_class-pakket","9":"first","10":"instock","11":"shipping-taxable","12":"product-type-simple"},"acf":[],"_links":{"self":[{"href":"https:\/\/sealife-cameras.eu\/cs\/wp-json\/wp\/v2\/product\/2870","targetHints":{"allow":["GET"]}}],"collection":[{"href":"https:\/\/sealife-cameras.eu\/cs\/wp-json\/wp\/v2\/product"}],"about":[{"href":"https:\/\/sealife-cameras.eu\/cs\/wp-json\/wp\/v2\/types\/product"}],"replies":[{"embeddable":true,"href":"https:\/\/sealife-cameras.eu\/cs\/wp-json\/wp\/v2\/comments?post=2870"}],"wp:featuredmedia":[{"embeddable":true,"href":"https:\/\/sealife-cameras.eu\/cs\/wp-json\/wp\/v2\/media\/2871"}],"wp:attachment":[{"href":"https:\/\/sealife-cameras.eu\/cs\/wp-json\/wp\/v2\/media?parent=2870"}],"wp:term":[{"taxonomy":"product_brand","embeddable":true,"href":"https:\/\/sealife-cameras.eu\/cs\/wp-json\/wp\/v2\/product_brand?post=2870"},{"taxonomy":"product_cat","embeddable":true,"href":"https:\/\/sealife-cameras.eu\/cs\/wp-json\/wp\/v2\/product_cat?post=2870"},{"taxonomy":"product_tag","embeddable":true,"href":"https:\/\/sealife-cameras.eu\/cs\/wp-json\/wp\/v2\/product_tag?post=2870"}],"curies":[{"name":"wp","href":"https:\/\/api.w.org\/{rel}","templated":true}]}}