{"id":3292,"date":"2025-04-02T13:54:35","date_gmt":"2025-04-02T11:54:35","guid":{"rendered":"https:\/\/sealife-cameras.eu\/?post_type=product&#038;p=3292"},"modified":"2025-08-07T12:36:16","modified_gmt":"2025-08-07T10:36:16","slug":"micro-3-0-met-bijna-gratis-sea-dragon-2300-lamp","status":"publish","type":"product","link":"https:\/\/sealife-cameras.eu\/cs\/produkt\/micro-3-0-met-bijna-gratis-sea-dragon-2300-lamp\/","title":{"rendered":"Micro 3.0 s (t\u00e9m\u011b\u0159) bezplatnou lampou Sea Dragon 2300"},"content":{"rendered":"<p><em>Micro 3.0 s (t\u00e9m\u011b\u0159) bezplatnou lampou Sea Dragon 2300<\/em><br \/>\n<em>\u010c\u00edslo v\u00fdrobku SL556<\/em><\/p>\n<p>Spole\u010dnost SeaLife nab\u00edz\u00ed po omezenou dobu d\u00e1rkovou sadu Micro 3.0 Camera &amp; Light Limited Edition, kter\u00e1 obsahuje nov\u00e9 foto-video sv\u011btlo Sea Dragon 2300F. Nov\u00e1 lampa m\u00e1 v\u00fdjime\u010dn\u00e9 pod\u00e1n\u00ed barev 80 (CRI) a barevnou teplotu 5000 K (Kelvin) s dlouhou provozn\u00ed dobou 80 minut p\u0159i pln\u00e9m v\u00fdkonu. Fotoapar\u00e1t a lampa jsou p\u0159edem smontov\u00e1ny a lze je pou\u017e\u00edvat t\u00e9m\u011b\u0159 okam\u017eit\u011b po nabit\u00ed.<\/p>\n<p>Podvodn\u00ed kamera Micro 3.0, nejnov\u011bj\u0161\u00ed a t\u0159et\u00ed generace obl\u00edben\u00e9 \u0159ady trvale ut\u011bsn\u011bn\u00fdch kamer Micro. Kamera je kompletn\u011b vodot\u011bsn\u011b ut\u011bsn\u011bn\u00e1. \u017d\u00e1dn\u00e9 ventily, kryty nebo t\u011bsn\u011bn\u00ed s O-krou\u017eky, kter\u00e9 by bylo t\u0159eba mazat nebo udr\u017eovat, tak\u017ee zcela odpadaj\u00ed obavy z mo\u017en\u00e9ho po\u0161kozen\u00ed vodou nebo zaplaven\u00ed kamery. Stejn\u011b jako jeho p\u0159edch\u016fdci m\u00e1 i fotoapar\u00e1t Micro 3.0 ergonomick\u00fd, pevn\u00fd a p\u0159itom kompaktn\u00ed design s u\u017eivatelsky p\u0159\u00edv\u011btiv\u00fdmi ovl\u00e1dac\u00edmi prvky a nab\u00eddkami.<\/p>\n<p>Sada sv\u011btel Sea Dragon 2300F nab\u00edz\u00ed velmi p\u0159\u00edznivou teplotu barev a reprodukci barev pod vodou. Je ur\u010deno pro ak\u010dn\u00ed kamery, chytr\u00e9 telefony a kompaktn\u00ed digit\u00e1ln\u00ed fotoapar\u00e1ty, kter\u00e9 pot\u0159ebuj\u00ed dobr\u00fd zdroj sv\u011btla pro po\u0159izov\u00e1n\u00ed barevn\u00fdch fotografi\u00ed a vide\u00ed pod vodou. Sada Sea Dragon 2300F je obzvl\u00e1\u0161t\u011b u\u017eite\u010dn\u00e1 pro ak\u010dn\u00ed kamery a obsahuje grip Flex-Connect, mikro z\u00e1sobn\u00edk a dr\u017e\u00e1k na ak\u010dn\u00ed kameru. Lampa m\u00e1 p\u016fsobiv\u00fd index pod\u00e1n\u00ed barev CRI (Colour Rendering Index) 80 s barevnou teplotou 5000 K, tak\u017ee je ide\u00e1ln\u00ed pro podvodn\u00ed fotografii a video. Dlouh\u00e1 doba provozu 80 minut p\u0159i pln\u00e9m v\u00fdkonu v\u00e1m umo\u017en\u00ed n\u011bkolik ponor\u016f bez nutnosti dob\u00edjen\u00ed baterie.<\/p>","protected":false},"excerpt":{"rendered":"<p>Micro 3.0 met (bijna) gratis Sea Dragon 2300 lamp Product nr. SL556 Voor een beperkte tijd biedt SeaLife de Micro 3.0 Camera [&hellip;]<\/p>\n","protected":false},"featured_media":3485,"comment_status":"open","ping_status":"closed","template":"","meta":{"_acf_changed":false},"product_brand":[],"product_cat":[387],"product_tag":[],"class_list":{"0":"post-3292","1":"product","2":"type-product","3":"status-publish","4":"has-post-thumbnail","6":"product_cat-cameras-en-behuizing","8":"first","9":"instock","10":"featured","11":"shipping-taxable","12":"product-type-simple"},"acf":[],"_links":{"self":[{"href":"https:\/\/sealife-cameras.eu\/cs\/wp-json\/wp\/v2\/product\/3292","targetHints":{"allow":["GET"]}}],"collection":[{"href":"https:\/\/sealife-cameras.eu\/cs\/wp-json\/wp\/v2\/product"}],"about":[{"href":"https:\/\/sealife-cameras.eu\/cs\/wp-json\/wp\/v2\/types\/product"}],"replies":[{"embeddable":true,"href":"https:\/\/sealife-cameras.eu\/cs\/wp-json\/wp\/v2\/comments?post=3292"}],"wp:featuredmedia":[{"embeddable":true,"href":"https:\/\/sealife-cameras.eu\/cs\/wp-json\/wp\/v2\/media\/3485"}],"wp:attachment":[{"href":"https:\/\/sealife-cameras.eu\/cs\/wp-json\/wp\/v2\/media?parent=3292"}],"wp:term":[{"taxonomy":"product_brand","embeddable":true,"href":"https:\/\/sealife-cameras.eu\/cs\/wp-json\/wp\/v2\/product_brand?post=3292"},{"taxonomy":"product_cat","embeddable":true,"href":"https:\/\/sealife-cameras.eu\/cs\/wp-json\/wp\/v2\/product_cat?post=3292"},{"taxonomy":"product_tag","embeddable":true,"href":"https:\/\/sealife-cameras.eu\/cs\/wp-json\/wp\/v2\/product_tag?post=3292"}],"curies":[{"name":"wp","href":"https:\/\/api.w.org\/{rel}","templated":true}]}}