{"id":2004,"date":"2024-05-13T02:57:51","date_gmt":"2024-05-13T00:57:51","guid":{"rendered":"https:\/\/modest-cartwright.45-82-188-209.plesk.page\/?page_id=2004"},"modified":"2024-05-13T02:58:32","modified_gmt":"2024-05-13T00:58:32","slug":"retourbeleid","status":"publish","type":"page","link":"https:\/\/sealife-cameras.eu\/da\/retourbeleid\/","title":{"rendered":"Politik for returnering"},"content":{"rendered":"<div data-elementor-type=\"wp-page\" data-elementor-id=\"2004\" class=\"elementor elementor-2004\" data-elementor-post-type=\"page\">\n\t\t\t\t\t\t<section class=\"has_ae_slider elementor-section elementor-top-section elementor-element elementor-element-057ba27 elementor-section-boxed elementor-section-height-default elementor-section-height-default ae-bg-gallery-type-default\" data-id=\"057ba27\" data-element_type=\"section\" data-e-type=\"section\" data-settings=\"{&quot;background_background&quot;:&quot;classic&quot;}\">\n\t\t\t\t\t\t<div class=\"elementor-container elementor-column-gap-default\">\n\t\t\t\t\t<div class=\"has_ae_slider elementor-column elementor-col-100 elementor-top-column elementor-element elementor-element-d0bb494 ae-bg-gallery-type-default\" data-id=\"d0bb494\" data-element_type=\"column\" data-e-type=\"column\" data-settings=\"{&quot;background_background&quot;:&quot;classic&quot;}\">\n\t\t\t<div class=\"elementor-widget-wrap elementor-element-populated\">\n\t\t\t\t\t\t<div class=\"elementor-element elementor-element-9fdd789 elementor-widget elementor-widget-heading\" data-id=\"9fdd789\" data-element_type=\"widget\" data-e-type=\"widget\" data-widget_type=\"heading.default\">\n\t\t\t\t<div class=\"elementor-widget-container\">\n\t\t\t\t\t<h2 class=\"elementor-heading-title elementor-size-default\">Generelle vilk\u00e5r og betingelser\n<\/h2>\t\t\t\t<\/div>\n\t\t\t\t<\/div>\n\t\t\t\t<div class=\"elementor-element elementor-element-669a265 elementor-widget elementor-widget-text-editor\" data-id=\"669a265\" data-element_type=\"widget\" data-e-type=\"widget\" data-widget_type=\"text-editor.default\">\n\t\t\t\t<div class=\"elementor-widget-container\">\n\t\t\t\t\t\t\t\t\t<p class=\"p1\"><b>Anmodning om returnering<\/b><\/p><p class=\"p1\">Du har ret til at tr\u00e6de tilbage fra kontrakten inden for en periode p\u00e5 7 dage uden at give grunde. Fortrydelsesfristen udl\u00f8ber 7 dage fra den dag, hvor du eller en tredjepart, der ikke er transport\u00f8ren, og som du har angivet, f\u00e5r varerne i fysisk besiddelse. For at ud\u00f8ve fortrydelsesretten skal du meddele os dit \u00f8nske om at fortryde aftalen i en utvetydig erkl\u00e6ring (f.eks. skriftligt, pr. post, fax eller e-mail). For at overholde fortrydelsesfristen er det tilstr\u00e6kkeligt at sende dig en meddelelse om din ud\u00f8velse af fortrydelsesretten, inden fortrydelsesfristen er udl\u00f8bet.<\/p><p class=\"p1\"><b>Konsekvenser af tilbagekaldelse<\/b><\/p><p class=\"p1\">Hvis du fortryder aftalen, modtager du alle betalinger, som du har foretaget indtil da, inklusive leveringsomkostninger (med undtagelse af eventuelle ekstra omkostninger som f\u00f8lge af dit valg af en anden leveringsform end den billigste form for standardlevering, som vi tilbyder), tilbage fra os uden forsinkelse og under alle omst\u00e6ndigheder senest 7 dage efter, at vi har modtaget meddelelse om din beslutning om at fortryde aftalen. Vi refunderer bel\u00f8bet med samme betalingsmiddel, som du benyttede ved den oprindelige transaktion, medmindre du udtrykkeligt har indvilliget i noget andet; under alle omst\u00e6ndigheder vil du ikke blive opkr\u00e6vet betaling for en s\u00e5dan refundering. Vi kan vente med at refundere dig, indtil vi har modtaget varerne tilbage, eller du har bevist, at du har returneret varerne, alt efter hvad der kommer f\u00f8rst.\u00a0<\/p><p>Du skal returnere eller udlevere varerne til os straks, men under alle omst\u00e6ndigheder senest 7 dage fra den dag, hvor du meddeler os din beslutning om at fortryde aftalen. Du er i god tid, hvis du returnerer varerne, inden perioden p\u00e5 7 dage er udl\u00f8bet. Du skal b\u00e6re de direkte omkostninger ved at returnere varerne. Du h\u00e6fter kun for den v\u00e6rdiforringelse af varerne, som skyldes brug af varerne ud over, hvad der er n\u00f8dvendigt for at fastsl\u00e5 varernes art, egenskaber og den m\u00e5de, de fungerer p\u00e5.\u00a0<\/p><p class=\"p1\"><b>Adresse<\/b><br \/>Noget at returnere? T\u00e6nk p\u00e5 en god beskrivelse af dine \u00f8nsker, f.eks. ombytning, returnering eller reparation. Kontakt os helst p\u00e5 forh\u00e5nd. Det er for at undg\u00e5 un\u00f8dvendige forsendelser og forsinkelser. Send pakken til:<\/p><p>Sealife Benelux BV<br \/>Industrigade 6G\/R\u00f8d<br \/>3144CL Maassluis<\/p>\t\t\t\t\t\t\t\t<\/div>\n\t\t\t\t<\/div>\n\t\t\t\t\t<\/div>\n\t\t<\/div>\n\t\t\t\t\t<\/div>\n\t\t<\/section>\n\t\t\t\t<\/div>","protected":false},"excerpt":{"rendered":"<p>Algemene voorwaarden Retour aanvraag U heeft het recht om binnen een termijn van 7 dagen zonder opgave van redenen de overeenkomst te [&hellip;]<\/p>\n","protected":false},"author":1,"featured_media":0,"parent":0,"menu_order":0,"comment_status":"closed","ping_status":"closed","template":"","meta":{"_acf_changed":false,"footnotes":""},"class_list":["post-2004","page","type-page","status-publish","hentry"],"acf":[],"_links":{"self":[{"href":"https:\/\/sealife-cameras.eu\/da\/wp-json\/wp\/v2\/pages\/2004","targetHints":{"allow":["GET"]}}],"collection":[{"href":"https:\/\/sealife-cameras.eu\/da\/wp-json\/wp\/v2\/pages"}],"about":[{"href":"https:\/\/sealife-cameras.eu\/da\/wp-json\/wp\/v2\/types\/page"}],"author":[{"embeddable":true,"href":"https:\/\/sealife-cameras.eu\/da\/wp-json\/wp\/v2\/users\/1"}],"replies":[{"embeddable":true,"href":"https:\/\/sealife-cameras.eu\/da\/wp-json\/wp\/v2\/comments?post=2004"}],"version-history":[{"count":4,"href":"https:\/\/sealife-cameras.eu\/da\/wp-json\/wp\/v2\/pages\/2004\/revisions"}],"predecessor-version":[{"id":2008,"href":"https:\/\/sealife-cameras.eu\/da\/wp-json\/wp\/v2\/pages\/2004\/revisions\/2008"}],"wp:attachment":[{"href":"https:\/\/sealife-cameras.eu\/da\/wp-json\/wp\/v2\/media?parent=2004"}],"curies":[{"name":"wp","href":"https:\/\/api.w.org\/{rel}","templated":true}]}}