{"id":2349,"date":"2024-05-13T09:25:36","date_gmt":"2024-05-13T07:25:36","guid":{"rendered":"https:\/\/modest-cartwright.45-82-188-209.plesk.page\/?post_type=product&#038;p=2349"},"modified":"2024-08-20T12:42:50","modified_gmt":"2024-08-20T10:42:50","slug":"sea-dragon-duo-5000-set","status":"publish","type":"product","link":"https:\/\/sealife-cameras.eu\/da\/vare\/sea-dragon-duo-5000-set\/","title":{"rendered":"Sea Dragon Duo 5000 s\u00e6t"},"content":{"rendered":"<p><em>Sea Dragon Duo 5000 s\u00e6t<br \/>\nProdukt nr. SL989<\/em><\/p>\n<p>Sea Dragon Duo 5000 undervandslyss\u00e6t har en fantastisk lysstyrke p\u00e5 5000 lumen ved hj\u00e6lp af den nyeste COB LED-teknologi. Den medf\u00f8lgende Flex-Connect Dual Tray, Grips og de to Sea Dragon 2500-lyshoveder \u00f8ger kameraets stabilitet og giver dine fotos og videoer en fantastisk lysstyrke. Inkluderer GoPro\u00ae-kameraadapter.<\/p>\n<p>Specifikationer<\/p>\n<p>To kraftige 2500 lumen LED-lys<br \/>\n3 lysstyrketilstande<br \/>\n120\u00b0 bred str\u00e5levinkel<br \/>\nDybdevurderet op til 60 m \/ 200 fod<br \/>\nKorrosionsbestandige lampehoveder<\/p>","protected":false},"excerpt":{"rendered":"<p>Sea Dragon Duo 5000 Set Product Nr. SL989 De Sea Dragon Duo 5000 onderwaterverlichtingsset heeft een verbazingwekkende helderheid van 5000 lumen met [&hellip;]<\/p>\n","protected":false},"featured_media":2788,"comment_status":"closed","ping_status":"closed","template":"","meta":{"_acf_changed":false},"product_brand":[],"product_cat":[142],"product_tag":[152,282,146,213,168,252,377,378,379,57,237,380],"class_list":{"0":"post-2349","1":"product","2":"type-product","3":"status-publish","4":"has-post-thumbnail","6":"product_cat-foto-en-videolampen","7":"product_tag-camera","8":"product_tag-diving","9":"product_tag-fotografie","10":"product_tag-light","11":"product_tag-onderwater","12":"product_tag-onderwaterwereld","13":"product_tag-photography","14":"product_tag-sea-dragon","15":"product_tag-sealife","16":"product_tag-set","17":"product_tag-underwater","18":"product_tag-universal","19":"product_shipping_class-pakket","21":"first","22":"instock","23":"product-type-simple"},"acf":[],"_links":{"self":[{"href":"https:\/\/sealife-cameras.eu\/da\/wp-json\/wp\/v2\/product\/2349","targetHints":{"allow":["GET"]}}],"collection":[{"href":"https:\/\/sealife-cameras.eu\/da\/wp-json\/wp\/v2\/product"}],"about":[{"href":"https:\/\/sealife-cameras.eu\/da\/wp-json\/wp\/v2\/types\/product"}],"replies":[{"embeddable":true,"href":"https:\/\/sealife-cameras.eu\/da\/wp-json\/wp\/v2\/comments?post=2349"}],"wp:featuredmedia":[{"embeddable":true,"href":"https:\/\/sealife-cameras.eu\/da\/wp-json\/wp\/v2\/media\/2788"}],"wp:attachment":[{"href":"https:\/\/sealife-cameras.eu\/da\/wp-json\/wp\/v2\/media?parent=2349"}],"wp:term":[{"taxonomy":"product_brand","embeddable":true,"href":"https:\/\/sealife-cameras.eu\/da\/wp-json\/wp\/v2\/product_brand?post=2349"},{"taxonomy":"product_cat","embeddable":true,"href":"https:\/\/sealife-cameras.eu\/da\/wp-json\/wp\/v2\/product_cat?post=2349"},{"taxonomy":"product_tag","embeddable":true,"href":"https:\/\/sealife-cameras.eu\/da\/wp-json\/wp\/v2\/product_tag?post=2349"}],"curies":[{"name":"wp","href":"https:\/\/api.w.org\/{rel}","templated":true}]}}