{"id":2356,"date":"2024-05-13T09:25:36","date_gmt":"2024-05-13T07:25:36","guid":{"rendered":"https:\/\/modest-cartwright.45-82-188-209.plesk.page\/?post_type=product&#038;p=2356"},"modified":"2024-08-20T12:42:50","modified_gmt":"2024-08-20T10:42:50","slug":"sea-dragon-duo-3000f-flash-set","status":"publish","type":"product","link":"https:\/\/sealife-cameras.eu\/da\/vare\/sea-dragon-duo-3000f-flash-set\/","title":{"rendered":"Sea Dragon Duo 3000F blitzs\u00e6t"},"content":{"rendered":"<p><em>Sea Dragon Duo 3000F blitzs\u00e6t<br \/>\nProdukt nr. SL690<\/em><\/p>\n<p><em>BEM\u00c6RK, AT DER ER ET BEGR\u00c6NSET ANTAL AF DETTE PRODUKT.<\/em><\/p>\n<p><em>Uanset om du fotograferer med SeaLife DC2000 eller et andet kamera med indbygget blitz, er dette nye Duo Light and Flash-s\u00e6t det perfekte belysningssystem. S\u00e6ttet kombinerer den nye Sea Dragon 3000 Auto til videooptagelse, og n\u00e5r du tager billeder, registrerer det din blitz og slukker den midlertidigt for at give dig et str\u00e5lende, skyggefrit billede.<\/em><\/p>","protected":false},"excerpt":{"rendered":"<p>Sea Dragon Duo 3000F Flash Set Product Nr. SL690 LET OP DIT PRODUCT IS BEPERKT LEVERBAAR. Of je nu fotografeert met de [&hellip;]<\/p>\n","protected":false},"featured_media":2810,"comment_status":"closed","ping_status":"closed","template":"","meta":{"_acf_changed":false},"product_brand":[],"product_cat":[381],"product_tag":[152,282,197,146,168,252,377,378,379,57,144,237,380],"class_list":{"0":"post-2356","1":"product","2":"type-product","3":"status-publish","4":"has-post-thumbnail","6":"product_cat-flitsers","7":"product_tag-camera","8":"product_tag-diving","9":"product_tag-flash","10":"product_tag-fotografie","11":"product_tag-onderwater","12":"product_tag-onderwaterwereld","13":"product_tag-photography","14":"product_tag-sea-dragon","15":"product_tag-sealife","16":"product_tag-set","17":"product_tag-strobe","18":"product_tag-underwater","19":"product_tag-universal","20":"product_shipping_class-pakket","22":"first","23":"instock","24":"product-type-simple"},"acf":[],"_links":{"self":[{"href":"https:\/\/sealife-cameras.eu\/da\/wp-json\/wp\/v2\/product\/2356","targetHints":{"allow":["GET"]}}],"collection":[{"href":"https:\/\/sealife-cameras.eu\/da\/wp-json\/wp\/v2\/product"}],"about":[{"href":"https:\/\/sealife-cameras.eu\/da\/wp-json\/wp\/v2\/types\/product"}],"replies":[{"embeddable":true,"href":"https:\/\/sealife-cameras.eu\/da\/wp-json\/wp\/v2\/comments?post=2356"}],"wp:featuredmedia":[{"embeddable":true,"href":"https:\/\/sealife-cameras.eu\/da\/wp-json\/wp\/v2\/media\/2810"}],"wp:attachment":[{"href":"https:\/\/sealife-cameras.eu\/da\/wp-json\/wp\/v2\/media?parent=2356"}],"wp:term":[{"taxonomy":"product_brand","embeddable":true,"href":"https:\/\/sealife-cameras.eu\/da\/wp-json\/wp\/v2\/product_brand?post=2356"},{"taxonomy":"product_cat","embeddable":true,"href":"https:\/\/sealife-cameras.eu\/da\/wp-json\/wp\/v2\/product_cat?post=2356"},{"taxonomy":"product_tag","embeddable":true,"href":"https:\/\/sealife-cameras.eu\/da\/wp-json\/wp\/v2\/product_tag?post=2356"}],"curies":[{"name":"wp","href":"https:\/\/api.w.org\/{rel}","templated":true}]}}