{"id":2391,"date":"2024-05-13T09:26:02","date_gmt":"2024-05-13T07:26:02","guid":{"rendered":"https:\/\/modest-cartwright.45-82-188-209.plesk.page\/?post_type=product&#038;p=2391"},"modified":"2025-07-10T15:12:06","modified_gmt":"2025-07-10T13:12:06","slug":"sea-dragon-mini-900s","status":"publish","type":"product","link":"https:\/\/sealife-cameras.eu\/da\/vare\/sea-dragon-mini-900s\/","title":{"rendered":"Sea Dragon Mini 900S"},"content":{"rendered":"<p><em>Sea Dragon Mini 900S<br \/>\nProdukt nr. SL653<\/em><\/p>\n<p>DENNE VARE ER I BEGR\u00c6NSET ANTAL.<\/p>\n<p>Den kompakte Sea Dragon Mini 900 dykkerlampe med 900 lumen giver brugerne en enorm lysstyrke og en langtr\u00e6kkende spotstr\u00e5le. Alle lygtens funktioner er let tilg\u00e6ngelige med en h\u00e5ndbetjening, s\u00e5 man kan skifte mellem fem lystilstande: fuld styrke, halv styrke, kvart styrke; et sekunds blitzsignal og SOS-n\u00f8dsignal, begge p\u00e5 fuld styrke. Valgfri YS-adapter til billedbehandling (artikel SL98104).<\/p>\n<p>Specifikationer<\/p>\n<p>Kraftigt lys p\u00e5 900 lumen<br \/>\nDybde testet til 330 fod \/ 100 m<br \/>\n14\u00b0 smal str\u00e5levinkel<br \/>\nFem lystilstande<br \/>\nHus fremstillet af anodiseret aluminium<br \/>\nOp til 8 timers driftstid<\/p>","protected":false},"excerpt":{"rendered":"<p>Sea Dragon Mini 900S Product Nr. SL653 DIT ITEM IS BEPERKT LEVERBAAR. De compacte Sea Dragon Mini 900 duiklamp met 900 lumen [&hellip;]<\/p>\n","protected":false},"featured_media":2769,"comment_status":"closed","ping_status":"closed","template":"","meta":{"_acf_changed":false},"product_brand":[],"product_cat":[44],"product_tag":[152,282,146,213,168,252,377,378,379,237,380],"class_list":{"0":"post-2391","1":"product","2":"type-product","3":"status-publish","4":"has-post-thumbnail","6":"product_cat-duiklampen","7":"product_tag-camera","8":"product_tag-diving","9":"product_tag-fotografie","10":"product_tag-light","11":"product_tag-onderwater","12":"product_tag-onderwaterwereld","13":"product_tag-photography","14":"product_tag-sea-dragon","15":"product_tag-sealife","16":"product_tag-underwater","17":"product_tag-universal","18":"product_shipping_class-pakket","20":"first","21":"instock","22":"product-type-simple"},"acf":[],"_links":{"self":[{"href":"https:\/\/sealife-cameras.eu\/da\/wp-json\/wp\/v2\/product\/2391","targetHints":{"allow":["GET"]}}],"collection":[{"href":"https:\/\/sealife-cameras.eu\/da\/wp-json\/wp\/v2\/product"}],"about":[{"href":"https:\/\/sealife-cameras.eu\/da\/wp-json\/wp\/v2\/types\/product"}],"replies":[{"embeddable":true,"href":"https:\/\/sealife-cameras.eu\/da\/wp-json\/wp\/v2\/comments?post=2391"}],"wp:featuredmedia":[{"embeddable":true,"href":"https:\/\/sealife-cameras.eu\/da\/wp-json\/wp\/v2\/media\/2769"}],"wp:attachment":[{"href":"https:\/\/sealife-cameras.eu\/da\/wp-json\/wp\/v2\/media?parent=2391"}],"wp:term":[{"taxonomy":"product_brand","embeddable":true,"href":"https:\/\/sealife-cameras.eu\/da\/wp-json\/wp\/v2\/product_brand?post=2391"},{"taxonomy":"product_cat","embeddable":true,"href":"https:\/\/sealife-cameras.eu\/da\/wp-json\/wp\/v2\/product_cat?post=2391"},{"taxonomy":"product_tag","embeddable":true,"href":"https:\/\/sealife-cameras.eu\/da\/wp-json\/wp\/v2\/product_tag?post=2391"}],"curies":[{"name":"wp","href":"https:\/\/api.w.org\/{rel}","templated":true}]}}