{"id":2393,"date":"2024-05-13T09:26:02","date_gmt":"2024-05-13T07:26:02","guid":{"rendered":"https:\/\/modest-cartwright.45-82-188-209.plesk.page\/?post_type=product&#038;p=2393"},"modified":"2024-08-20T12:42:49","modified_gmt":"2024-08-20T10:42:49","slug":"micro-3-0","status":"publish","type":"product","link":"https:\/\/sealife-cameras.eu\/da\/vare\/micro-3-0\/","title":{"rendered":"Mikro 3.0"},"content":{"rendered":"<p><em>Mikro 3.0<br \/>\nProdukt nr. SL550<\/em><\/p>\n<p>SeaLife introducerer det nye Micro 3.0 undervandskamera, den nyeste og tredje generation af den popul\u00e6re permanent forseglede Micro-kameraserie. Kameraet er forseglet og helt vandt\u00e6t. Ingen ventiler, d\u00e6ksler eller t\u00e6tninger med O-ringe, der skal sm\u00f8res eller vedligeholdes, s\u00e5 ingen bekymringer om mulige vandskader eller oversv\u00f8mmelse af kameraet. Ligesom sine forg\u00e6ngere har Micro 3.0 et ergonomisk, solidt og alligevel kompakt design med brugervenlige kontroller og menuer.<\/p>\n<p>Kameraet har en 16-megapixel Sony\u00ae CMOS-billedsensor og tilbyder 4K ultra high definition-video.<br \/>\nFordi den er permanent forseglet, har Micro 3.0 et stort batteri med en kapacitet p\u00e5 mere end 3 timer, hvilket r\u00e6kker til en hel dags dykning, og den har 64 GB intern hukommelse til at gemme tusindvis af fotos og mange timers video fra hele din dykkerferie.<\/p>\n<p>Kameraets brugervenlighed starter med de tre brede klavertaster, som er nemme at n\u00e5 og betjene, selv med dykkerhandsker p\u00e5. Kameraets intuitive Easy Setup-funktion guider dig hurtigt og nemt gennem de rigtige indstillinger baseret p\u00e5 optagemilj\u00f8et, dybdeskarpheden og det anvendte eksponeringstilbeh\u00f8r.<\/p>\n<p>Selvom det fjerner forvirringen og besv\u00e6ret med kamerakontroller, som plager de fleste undervandskameraer, har Micro 3.0 en nem mulighed for at v\u00e6lge undervandsbilleder med manuelle hvidbalancejusteringer og mulighed for at tage billeder i RAW-format til dem, der \u00f8nsker at redigere deres billeder senere.<br \/>\nDet kan ikke v\u00e6re mere enkelt end det her.<br \/>\nDet indbyggede 100\u00b0 vidvinkelobjektiv g\u00f8r det muligt for dykkeren at komme t\u00e6t p\u00e5 motiverne og samtidig holde alt i fokus. Ved hj\u00e6lp af eksponeringstilbeh\u00f8r som Sealife Sea Dragon-videolys kan motivets undervandsfarver derfor vises meget bedre p\u00e5 billederne.<br \/>\nMicro 3.0 har en wifi-funktion, s\u00e5 man tr\u00e5dl\u00f8st kan se, downloade og dele fotos og videoer med en smartphone eller tablet ved hj\u00e6lp af den gratis Micro 3+-app, der findes i Google Play eller Apple App Stores.<br \/>\nMicro har en timelapse-funktion, som lader dig optage med faste tidsintervaller, og det kan gemmes som en videofil eller som en serie stillbilleder. Det har ogs\u00e5 en Quick burst-tilstand, der optager en r\u00e6kke stillbilleder i fuld opl\u00f8sning med en hastighed p\u00e5 10 billeder i sekundet.<\/p>\n<p>Den store 2,4K TFT LCD-farvesk\u00e6rm med 260K opl\u00f8sning g\u00f8r det nemt og behageligt at tage og se billeder og videoer med dette kompakte kamera. Kameraets st\u00f8rrelse er overskuelig, s\u00e5 det er nemt at have med i jakkelommen eller bare i h\u00e5nden.<br \/>\nI bunden er der et stativstik til fastg\u00f8relse af tilbeh\u00f8r eller en selfie-stang.<\/p>\n<p>Micro 3.0 kan udvides med forskelligt SeaLife-tilbeh\u00f8r, bl.a. Sea Dragon foto-\/videolys og et 10x makroobjektiv.<\/p>\n<p>Micro 3.0-kameraet leveres med en h\u00e5ndledsrem, en USB-adapter, et 90 cm langt USB-kabel og en kamerataske. Der f\u00e5s ogs\u00e5 et valgfrit 'Screen Shield' til kameraets sk\u00e6rmvindue for at beskytte det mod fingeraftryk og ridser.<\/p>\n<p>Micro 3.0 f\u00e5s som et separat kamera, men ogs\u00e5 i to komplette kombinationer af kamera og belysning, det ene med Sea Dragon 3000F Auto Light og det andet med to Sea Dragon 2500F Lights. Begge s\u00e6t indeholder undervandsvideolys med en j\u00e6vn, klar og bred str\u00e5le, som giver masser af lys og farve til b\u00e5de fotos og videoer.<\/p>","protected":false},"excerpt":{"rendered":"<p>Micro 3.0 Product Nr. SL550 SeaLife introduceert de nieuwe Micro 3.0 onderwatercamera, de nieuwste en derde generatie van de populaire permanent afgesloten [&hellip;]<\/p>\n","protected":false},"featured_media":2771,"comment_status":"closed","ping_status":"closed","template":"","meta":{"_acf_changed":false},"product_brand":[],"product_cat":[387],"product_tag":[152,282,146,389,390,168,252,377,379,237],"class_list":{"0":"post-2393","1":"product","2":"type-product","3":"status-publish","4":"has-post-thumbnail","6":"product_cat-cameras-en-behuizing","7":"product_tag-camera","8":"product_tag-diving","9":"product_tag-fotografie","10":"product_tag-micro","11":"product_tag-micro-3-0","12":"product_tag-onderwater","13":"product_tag-onderwaterwereld","14":"product_tag-photography","15":"product_tag-sealife","16":"product_tag-underwater","17":"product_shipping_class-pakket","19":"first","20":"instock","21":"product-type-simple"},"acf":[],"_links":{"self":[{"href":"https:\/\/sealife-cameras.eu\/da\/wp-json\/wp\/v2\/product\/2393","targetHints":{"allow":["GET"]}}],"collection":[{"href":"https:\/\/sealife-cameras.eu\/da\/wp-json\/wp\/v2\/product"}],"about":[{"href":"https:\/\/sealife-cameras.eu\/da\/wp-json\/wp\/v2\/types\/product"}],"replies":[{"embeddable":true,"href":"https:\/\/sealife-cameras.eu\/da\/wp-json\/wp\/v2\/comments?post=2393"}],"wp:featuredmedia":[{"embeddable":true,"href":"https:\/\/sealife-cameras.eu\/da\/wp-json\/wp\/v2\/media\/2771"}],"wp:attachment":[{"href":"https:\/\/sealife-cameras.eu\/da\/wp-json\/wp\/v2\/media?parent=2393"}],"wp:term":[{"taxonomy":"product_brand","embeddable":true,"href":"https:\/\/sealife-cameras.eu\/da\/wp-json\/wp\/v2\/product_brand?post=2393"},{"taxonomy":"product_cat","embeddable":true,"href":"https:\/\/sealife-cameras.eu\/da\/wp-json\/wp\/v2\/product_cat?post=2393"},{"taxonomy":"product_tag","embeddable":true,"href":"https:\/\/sealife-cameras.eu\/da\/wp-json\/wp\/v2\/product_tag?post=2393"}],"curies":[{"name":"wp","href":"https:\/\/api.w.org\/{rel}","templated":true}]}}