{"id":2394,"date":"2024-05-13T09:26:02","date_gmt":"2024-05-13T07:26:02","guid":{"rendered":"https:\/\/modest-cartwright.45-82-188-209.plesk.page\/?post_type=product&#038;p=2394"},"modified":"2025-07-10T15:10:52","modified_gmt":"2025-07-10T13:10:52","slug":"micro-3-0-pro-3000-set","status":"publish","type":"product","link":"https:\/\/sealife-cameras.eu\/da\/vare\/micro-3-0-pro-3000-set\/","title":{"rendered":"Micro 3.0 Pro 3000 s\u00e6t"},"content":{"rendered":"<p><em>Micro 3.0 Pro 3000 s\u00e6t<br \/>\nProdukt nr. SL552<\/em><\/p>\n<p>DENNE VARE ER I BEGR\u00c6NSET ANTAL.<\/p>\n<p>N\u00e5r du kombinerer den kraftfulde Sea Dragon 3000F Auto med Micro 3.0-kameraet, har du skabt den perfekte duo. Den lyse, men ogs\u00e5 varme og farvevenlige Sea Dragon-videolampe har en bred og j\u00e6vn str\u00e5le, som d\u00e6kker Micro 3.0-kameraets optagevinkel godt. Sea Dragon 3000 Flood har en \"Auto\"-funktion, som, n\u00e5r den er aktiveret, automatisk justerer lysudbyttet baseret p\u00e5 afstanden til dit motiv. S\u00e6ttet indeholder en Flex-Connect enkelt bundplade og h\u00e5ndtag og giver mulighed for nem udvidelse til flere belysningsmuligheder.<\/p>","protected":false},"excerpt":{"rendered":"<p>Micro 3.0 Pro 3000 Set Product Nr. SL552 DIT ITEM IS BEPERKT LEVERBAAR. Wanneer je de krachtige Sea Dragon 3000F Auto combineert [&hellip;]<\/p>\n","protected":false},"featured_media":2440,"comment_status":"closed","ping_status":"closed","template":"","meta":{"_acf_changed":false},"product_brand":[],"product_cat":[387],"product_tag":[391,152,282,146,389,390,168,252,377,169,378,379,57,237],"class_list":{"0":"post-2394","1":"product","2":"type-product","3":"status-publish","4":"has-post-thumbnail","6":"product_cat-cameras-en-behuizing","7":"product_tag-391","8":"product_tag-camera","9":"product_tag-diving","10":"product_tag-fotografie","11":"product_tag-micro","12":"product_tag-micro-3-0","13":"product_tag-onderwater","14":"product_tag-onderwaterwereld","15":"product_tag-photography","16":"product_tag-pro","17":"product_tag-sea-dragon","18":"product_tag-sealife","19":"product_tag-set","20":"product_tag-underwater","21":"product_shipping_class-pakket","23":"first","24":"instock","25":"product-type-simple"},"acf":[],"_links":{"self":[{"href":"https:\/\/sealife-cameras.eu\/da\/wp-json\/wp\/v2\/product\/2394","targetHints":{"allow":["GET"]}}],"collection":[{"href":"https:\/\/sealife-cameras.eu\/da\/wp-json\/wp\/v2\/product"}],"about":[{"href":"https:\/\/sealife-cameras.eu\/da\/wp-json\/wp\/v2\/types\/product"}],"replies":[{"embeddable":true,"href":"https:\/\/sealife-cameras.eu\/da\/wp-json\/wp\/v2\/comments?post=2394"}],"wp:featuredmedia":[{"embeddable":true,"href":"https:\/\/sealife-cameras.eu\/da\/wp-json\/wp\/v2\/media\/2440"}],"wp:attachment":[{"href":"https:\/\/sealife-cameras.eu\/da\/wp-json\/wp\/v2\/media?parent=2394"}],"wp:term":[{"taxonomy":"product_brand","embeddable":true,"href":"https:\/\/sealife-cameras.eu\/da\/wp-json\/wp\/v2\/product_brand?post=2394"},{"taxonomy":"product_cat","embeddable":true,"href":"https:\/\/sealife-cameras.eu\/da\/wp-json\/wp\/v2\/product_cat?post=2394"},{"taxonomy":"product_tag","embeddable":true,"href":"https:\/\/sealife-cameras.eu\/da\/wp-json\/wp\/v2\/product_tag?post=2394"}],"curies":[{"name":"wp","href":"https:\/\/api.w.org\/{rel}","templated":true}]}}