{"id":2395,"date":"2024-05-13T09:26:02","date_gmt":"2024-05-13T07:26:02","guid":{"rendered":"https:\/\/modest-cartwright.45-82-188-209.plesk.page\/?post_type=product&#038;p=2395"},"modified":"2024-08-20T12:42:49","modified_gmt":"2024-08-20T10:42:49","slug":"micro-3-0-pro-duo-5000-set","status":"publish","type":"product","link":"https:\/\/sealife-cameras.eu\/da\/vare\/micro-3-0-pro-duo-5000-set\/","title":{"rendered":"Micro 3.0 Pro Duo 5000 s\u00e6t"},"content":{"rendered":"<p><em>Micro 3.0 Pro Duo 5000 s\u00e6t<br \/>\nProdukt nr. SL553<\/em><\/p>\n<p>Med hensyn til st\u00f8rrelse og v\u00e6gt er SeaLife Micro 3.0 Pro Duo 5000 Set m\u00e5ske det mest kompakte foto-\/videosystem, som Sealife nogensinde har lavet. S\u00e6ttet indeholder to Sealife Sea Dragon 2500Flood foto-\/videolamper, der tilsammen giver 5000 lumen. Den varme lyskilde og farvetemperatur i Sea Dragon 2500F fungerer fremragende i kombination med Sealife Micro 3.0-kameraet Tilf\u00f8jelse af en anden lyskilde til s\u00e6ttet giver sofistikeret belysning og producerer fantastiske fotos og fantastiske videooptagelser. Dette s\u00e6t leveres med to Flex-Connect-h\u00e5ndtag p\u00e5 den ergonomisk afbalancerede Flex-Connect-dobbeltbakke. Hele systemet leveres komplet med en pro duo-beskyttelsestaske.<\/p>","protected":false},"excerpt":{"rendered":"<p>Micro 3.0 Pro Duo 5000 Set Product Nr. SL553 In termen van grootte en gewicht is de SeaLife Micro 3.0 Pro Duo [&hellip;]<\/p>\n","protected":false},"featured_media":2778,"comment_status":"closed","ping_status":"closed","template":"","meta":{"_acf_changed":false},"product_brand":[],"product_cat":[387],"product_tag":[392,152,282,393,146,389,390,168,252,377,169,378,379,57,237],"class_list":{"0":"post-2395","1":"product","2":"type-product","3":"status-publish","4":"has-post-thumbnail","6":"product_cat-cameras-en-behuizing","7":"product_tag-392","8":"product_tag-camera","9":"product_tag-diving","10":"product_tag-duo","11":"product_tag-fotografie","12":"product_tag-micro","13":"product_tag-micro-3-0","14":"product_tag-onderwater","15":"product_tag-onderwaterwereld","16":"product_tag-photography","17":"product_tag-pro","18":"product_tag-sea-dragon","19":"product_tag-sealife","20":"product_tag-set","21":"product_tag-underwater","22":"product_shipping_class-pakket","24":"first","25":"instock","26":"product-type-simple"},"acf":[],"_links":{"self":[{"href":"https:\/\/sealife-cameras.eu\/da\/wp-json\/wp\/v2\/product\/2395","targetHints":{"allow":["GET"]}}],"collection":[{"href":"https:\/\/sealife-cameras.eu\/da\/wp-json\/wp\/v2\/product"}],"about":[{"href":"https:\/\/sealife-cameras.eu\/da\/wp-json\/wp\/v2\/types\/product"}],"replies":[{"embeddable":true,"href":"https:\/\/sealife-cameras.eu\/da\/wp-json\/wp\/v2\/comments?post=2395"}],"wp:featuredmedia":[{"embeddable":true,"href":"https:\/\/sealife-cameras.eu\/da\/wp-json\/wp\/v2\/media\/2778"}],"wp:attachment":[{"href":"https:\/\/sealife-cameras.eu\/da\/wp-json\/wp\/v2\/media?parent=2395"}],"wp:term":[{"taxonomy":"product_brand","embeddable":true,"href":"https:\/\/sealife-cameras.eu\/da\/wp-json\/wp\/v2\/product_brand?post=2395"},{"taxonomy":"product_cat","embeddable":true,"href":"https:\/\/sealife-cameras.eu\/da\/wp-json\/wp\/v2\/product_cat?post=2395"},{"taxonomy":"product_tag","embeddable":true,"href":"https:\/\/sealife-cameras.eu\/da\/wp-json\/wp\/v2\/product_tag?post=2395"}],"curies":[{"name":"wp","href":"https:\/\/api.w.org\/{rel}","templated":true}]}}