{"id":2396,"date":"2024-05-13T09:26:02","date_gmt":"2024-05-13T07:26:02","guid":{"rendered":"https:\/\/modest-cartwright.45-82-188-209.plesk.page\/?post_type=product&#038;p=2396"},"modified":"2025-07-10T15:10:21","modified_gmt":"2025-07-10T13:10:21","slug":"reefmaster-rm-4k","status":"publish","type":"product","link":"https:\/\/sealife-cameras.eu\/da\/vare\/reefmaster-rm-4k\/","title":{"rendered":"Reefmaster RM-4K"},"content":{"rendered":"<p><em>Reefmaster RM-4K<br \/>\nProdukt nr. SL350<\/em><\/p>\n<p>DENNE VARE ER I BEGR\u00c6NSET ANTAL.<\/p>\n<p>Den ultrakompakte ReefMaster RM-4K kan tages med overalt og er klar til at forevige dit dykkereventyr. Dens form ligger godt i h\u00e5nden eller passer nemt p\u00e5 en foto-\/videolygte som Sea Dragon 2000F. Med 4K-videoopl\u00f8sning bliver dine videoer ultraskarpe og rige p\u00e5 farver, og billedsensoren p\u00e5 14mp i h\u00f8j kvalitet tager fantastiske stillbilleder. P\u00e5 bagsiden er der et 5 cm stort display med h\u00f8j opl\u00f8sning, som g\u00f8r det nemt at sigte og se billederne hurtigt. Den trykl\u00e5sende tommelfingerskrue l\u00e5ser kamerahuset til 130 \u2032 \/ 40 m.<\/p>\n<p>Specifikationer<\/p>\n<p>14 MP Panasonic\u00ae CMOS-billedsensor<br \/>\n140\u00b0 vidvinkel fisheye-objektiv<br \/>\nUdvidelig hukommelse med micro SD-kort<br \/>\n4K @ 30fps eller 1080p @ 60fps video<br \/>\nNem og positiv tommelfingerskrueforsegling<br \/>\nKorrektion af undervandsfarver for dybde<br \/>\nOptagelse af JPG-billeder<br \/>\nEnkel betjening og 4-knaps menu<br \/>\n2-tommers LCD-farvesk\u00e6rm med h\u00f8j opl\u00f8sning<\/p>","protected":false},"excerpt":{"rendered":"<p>Reefmaster RM-4K Product Nr. SL350 DIT ITEM IS BEPERKT LEVERBAAR. De ultracompacte ReefMaster RM-4K gaat overal naartoe en is klaar om je [&hellip;]<\/p>\n","protected":false},"featured_media":2779,"comment_status":"closed","ping_status":"closed","template":"","meta":{"_acf_changed":false},"product_brand":[],"product_cat":[387],"product_tag":[152,282,146,168,252,377,394,395,379,237],"class_list":{"0":"post-2396","1":"product","2":"type-product","3":"status-publish","4":"has-post-thumbnail","6":"product_cat-cameras-en-behuizing","7":"product_tag-camera","8":"product_tag-diving","9":"product_tag-fotografie","10":"product_tag-onderwater","11":"product_tag-onderwaterwereld","12":"product_tag-photography","13":"product_tag-reefmaster","14":"product_tag-reefmaster-rm-4k","15":"product_tag-sealife","16":"product_tag-underwater","17":"product_shipping_class-pakket","19":"first","20":"instock","21":"product-type-simple"},"acf":[],"_links":{"self":[{"href":"https:\/\/sealife-cameras.eu\/da\/wp-json\/wp\/v2\/product\/2396","targetHints":{"allow":["GET"]}}],"collection":[{"href":"https:\/\/sealife-cameras.eu\/da\/wp-json\/wp\/v2\/product"}],"about":[{"href":"https:\/\/sealife-cameras.eu\/da\/wp-json\/wp\/v2\/types\/product"}],"replies":[{"embeddable":true,"href":"https:\/\/sealife-cameras.eu\/da\/wp-json\/wp\/v2\/comments?post=2396"}],"wp:featuredmedia":[{"embeddable":true,"href":"https:\/\/sealife-cameras.eu\/da\/wp-json\/wp\/v2\/media\/2779"}],"wp:attachment":[{"href":"https:\/\/sealife-cameras.eu\/da\/wp-json\/wp\/v2\/media?parent=2396"}],"wp:term":[{"taxonomy":"product_brand","embeddable":true,"href":"https:\/\/sealife-cameras.eu\/da\/wp-json\/wp\/v2\/product_brand?post=2396"},{"taxonomy":"product_cat","embeddable":true,"href":"https:\/\/sealife-cameras.eu\/da\/wp-json\/wp\/v2\/product_cat?post=2396"},{"taxonomy":"product_tag","embeddable":true,"href":"https:\/\/sealife-cameras.eu\/da\/wp-json\/wp\/v2\/product_tag?post=2396"}],"curies":[{"name":"wp","href":"https:\/\/api.w.org\/{rel}","templated":true}]}}