{"id":2422,"date":"2024-05-13T09:26:31","date_gmt":"2024-05-13T07:26:31","guid":{"rendered":"https:\/\/modest-cartwright.45-82-188-209.plesk.page\/?post_type=product&#038;p=2422"},"modified":"2024-08-20T12:42:48","modified_gmt":"2024-08-20T10:42:48","slug":"dc-series-52-67mm-step-up-ring","status":"publish","type":"product","link":"https:\/\/sealife-cameras.eu\/da\/vare\/dc-series-52-67mm-step-up-ring\/","title":{"rendered":"DC-serie 52-67 mm step up-ring"},"content":{"rendered":"<p><em>DC-serie 52-67 mm step up-ring<br \/>\nProdukt nr. SL978<\/em><\/p>\n<p>Konverter nemt 52 mm-gevind til 67 mm-gevind! S\u00e6t ethvert 67 mm kameraobjektiv eller filter p\u00e5 dit kamera i SeaLife DC-serien. Monteres p\u00e5 SL977 52 mm gevindadapter (SL977 s\u00e6lges separat).<\/p>","protected":false},"excerpt":{"rendered":"<p>DC-Series 52-67mm Step Up Ring Product Nr. SL978 Zet eenvoudig 52 mm draad om naar 67 mm draad! Bevestig elke 67 mm [&hellip;]<\/p>\n","protected":false},"featured_media":2452,"comment_status":"closed","ping_status":"closed","template":"","meta":{"_acf_changed":false},"product_brand":[],"product_cat":[171],"product_tag":[152,399,282,146,400,168,252,377,379,403,237],"class_list":{"0":"post-2422","1":"product","2":"type-product","3":"status-publish","4":"has-post-thumbnail","6":"product_cat-lenzen","7":"product_tag-camera","8":"product_tag-dc-series","9":"product_tag-diving","10":"product_tag-fotografie","11":"product_tag-lenses","12":"product_tag-onderwater","13":"product_tag-onderwaterwereld","14":"product_tag-photography","15":"product_tag-sealife","16":"product_tag-step-up-ring","17":"product_tag-underwater","18":"product_shipping_class-pakket","20":"first","21":"instock","22":"product-type-simple"},"acf":[],"_links":{"self":[{"href":"https:\/\/sealife-cameras.eu\/da\/wp-json\/wp\/v2\/product\/2422","targetHints":{"allow":["GET"]}}],"collection":[{"href":"https:\/\/sealife-cameras.eu\/da\/wp-json\/wp\/v2\/product"}],"about":[{"href":"https:\/\/sealife-cameras.eu\/da\/wp-json\/wp\/v2\/types\/product"}],"replies":[{"embeddable":true,"href":"https:\/\/sealife-cameras.eu\/da\/wp-json\/wp\/v2\/comments?post=2422"}],"wp:featuredmedia":[{"embeddable":true,"href":"https:\/\/sealife-cameras.eu\/da\/wp-json\/wp\/v2\/media\/2452"}],"wp:attachment":[{"href":"https:\/\/sealife-cameras.eu\/da\/wp-json\/wp\/v2\/media?parent=2422"}],"wp:term":[{"taxonomy":"product_brand","embeddable":true,"href":"https:\/\/sealife-cameras.eu\/da\/wp-json\/wp\/v2\/product_brand?post=2422"},{"taxonomy":"product_cat","embeddable":true,"href":"https:\/\/sealife-cameras.eu\/da\/wp-json\/wp\/v2\/product_cat?post=2422"},{"taxonomy":"product_tag","embeddable":true,"href":"https:\/\/sealife-cameras.eu\/da\/wp-json\/wp\/v2\/product_tag?post=2422"}],"curies":[{"name":"wp","href":"https:\/\/api.w.org\/{rel}","templated":true}]}}