{"id":2436,"date":"2024-05-13T09:26:32","date_gmt":"2024-05-13T07:26:32","guid":{"rendered":"https:\/\/modest-cartwright.45-82-188-209.plesk.page\/?post_type=product&#038;p=2436"},"modified":"2024-08-20T12:42:47","modified_gmt":"2024-08-20T10:42:47","slug":"8-rigid-ball-arm","status":"publish","type":"product","link":"https:\/\/sealife-cameras.eu\/da\/vare\/8-rigid-ball-arm\/","title":{"rendered":"8\u2033 stiv kuglearm"},"content":{"rendered":"<p><em>8\u2033 stiv kuglearm<br \/>\nProdukt nr. SL9909<\/em><\/p>\n<p>Flex-Connect 8\u2033 \/ 20cm Rigid Ball-armen er ideel til at st\u00f8tte tungere foto- og videolys\/blitze eller til at dykke ned i str\u00f8m og fastl\u00e5se lysretningen.<br \/>\nBrug den stive arm i kombination med Flex-Connect Ball Clamp (SL9907) og Ball Joint Adapters (SL995 &amp; SL999) for at skabe en 15,5 \"(40 cm) armforl\u00e6ngelse. Brug to kuglearme for at f\u00e5 en ekstra forl\u00e6ngelse p\u00e5 24 cm. Armen er lavet af sort anodiseret aluminium for styrke og holdbarhed.<\/p>","protected":false},"excerpt":{"rendered":"<p>8&#8243; Rigid Ball Arm Product Nr. SL9909 De Flex-Connect 8 \u2033 \/ 20cm Rigid Ball arm is ideaal voor het ondersteunen van [&hellip;]<\/p>\n","protected":false},"featured_media":2852,"comment_status":"closed","ping_status":"closed","template":"","meta":{"_acf_changed":false},"product_brand":[],"product_cat":[406],"product_tag":[152,282,407,146,168,252,377,413,379,237],"class_list":{"0":"post-2436","1":"product","2":"type-product","3":"status-publish","4":"has-post-thumbnail","6":"product_cat-flex-connect-accessoires","7":"product_tag-camera","8":"product_tag-diving","9":"product_tag-flex-connect","10":"product_tag-fotografie","11":"product_tag-onderwater","12":"product_tag-onderwaterwereld","13":"product_tag-photography","14":"product_tag-rigid-ball-arm","15":"product_tag-sealife","16":"product_tag-underwater","17":"product_shipping_class-pakket","19":"first","20":"instock","21":"product-type-simple"},"acf":[],"_links":{"self":[{"href":"https:\/\/sealife-cameras.eu\/da\/wp-json\/wp\/v2\/product\/2436","targetHints":{"allow":["GET"]}}],"collection":[{"href":"https:\/\/sealife-cameras.eu\/da\/wp-json\/wp\/v2\/product"}],"about":[{"href":"https:\/\/sealife-cameras.eu\/da\/wp-json\/wp\/v2\/types\/product"}],"replies":[{"embeddable":true,"href":"https:\/\/sealife-cameras.eu\/da\/wp-json\/wp\/v2\/comments?post=2436"}],"wp:featuredmedia":[{"embeddable":true,"href":"https:\/\/sealife-cameras.eu\/da\/wp-json\/wp\/v2\/media\/2852"}],"wp:attachment":[{"href":"https:\/\/sealife-cameras.eu\/da\/wp-json\/wp\/v2\/media?parent=2436"}],"wp:term":[{"taxonomy":"product_brand","embeddable":true,"href":"https:\/\/sealife-cameras.eu\/da\/wp-json\/wp\/v2\/product_brand?post=2436"},{"taxonomy":"product_cat","embeddable":true,"href":"https:\/\/sealife-cameras.eu\/da\/wp-json\/wp\/v2\/product_cat?post=2436"},{"taxonomy":"product_tag","embeddable":true,"href":"https:\/\/sealife-cameras.eu\/da\/wp-json\/wp\/v2\/product_tag?post=2436"}],"curies":[{"name":"wp","href":"https:\/\/api.w.org\/{rel}","templated":true}]}}