{"id":2536,"date":"2024-05-13T09:27:28","date_gmt":"2024-05-13T07:27:28","guid":{"rendered":"https:\/\/modest-cartwright.45-82-188-209.plesk.page\/?post_type=product&#038;p=2536"},"modified":"2025-07-10T15:08:04","modified_gmt":"2025-07-10T13:08:04","slug":"sealife-sportdiver-smartphone-behuizing","status":"publish","type":"product","link":"https:\/\/sealife-cameras.eu\/da\/vare\/sealife-sportdiver-smartphone-behuizing\/","title":{"rendered":"Sealife SportDiver Smartphone-etui"},"content":{"rendered":"<p>Sealife SportDiver<br \/>\nProdukt nr. SL400-U<\/p>\n<p>BEM\u00c6RK, AT DETTE PRODUKT IKKE L\u00c6NGERE ER TILG\u00c6NGELIGT.<\/p>\n<p>SeaLife SportDiver undervandstaske til smartphone\u00ae.<\/p>\n<p>Med dette SeaLife SportDiver-hus kan dykkere, snorklere eller sv\u00f8mmere tage de mest unikke undervandsbilleder og -videoer med deres egen smartphone! Hjemme i poolen i baghaven, p\u00e5 stranden eller p\u00e5 dykkerstedet p\u00e5 diget. Men helt sikkert ogs\u00e5 p\u00e5 din feriedestination, hvor du kan tage de smukkeste billeder p\u00e5 op til 40 meters dybde.<\/p>\n<p>Velegnet til:<br \/>\nSportDiver kan bruges sammen med forskellige m\u00e6rker af smartphones. Det er bedst at tjekke p\u00e5 hjemmesiden, om din telefon passer i huset: <a href=\"https:\/\/www.sealife-cameras.com\/sportdiver-compatibility\/\">https:\/\/www.sealife-cameras.com\/sportdiver-compatibility\/<\/a><\/p>\n<p>Holdbar:<br \/>\nDet robuste hus er lavet af polykarbonat, rustfrit st\u00e5l, aluminium og optisk glas. Og selv om SportDiver-huset er \"Heavy Duty\", er det ikke tungt, da det kun vejer 641 gram. Det er let at rejse med og har n\u00e6sten neutral opdrift i vand, afh\u00e6ngigt af hvilken smartphone-model der bruges.<\/p>\n<p>Smartphonen som kreativt fotokamera:<br \/>\nSportDiver er god at holde p\u00e5 og nem at bruge. Det har en stor udl\u00f8serknap og tilg\u00e6ngelige kontrolknapper p\u00e5 bagsiden, s\u00e5 det er nemt at betjene, selv med dykkerhandsker p\u00e5. Kreative snorklere og dykkere kan bruge kameraappens valgfrie avancerede indstillinger til at tage deres fotos eller videoer. F.eks. zoom, eksponering (EV), automatisk\/manuel fokus, hvidbalance, farvetone, objektivvalg, RAW + JPEG-tilstand, livefoto og baggrundssl\u00f8ring (p\u00e5 tilg\u00e6ngelige smartphone-modeller).<\/p>\n<p>Ingen risiko, dobbelt sikkerhed:<br \/>\nSikkerhed for din telefon frem for alt! SportDiver har en DOBBELT L\u00c6KAGEALARM, herunder en intern fugtalarm OG en vakuumtrykalarm, som advarer dig med et display p\u00e5 sk\u00e6rmen, en lyd og et LED-signal i det usandsynlige tilf\u00e6lde, at kabinettet viser en eller anden form for l\u00e6kage, og der opdages fugt i kabinettet, eller hvis der opst\u00e5r tryktab i kabinettet. Med den medf\u00f8lgende vakuumpumpe st\u00f8vsuger du kabinettet til et undertryk. Den indbyggede trykm\u00e5ler i kabinettet giver et display p\u00e5 smartphonens sk\u00e6rm for at sikre, at du bringer kabinettet til det rigtige undertryk. Derefter er det bare at vente p\u00e5, at vakuumsystemet indikerer, at der ikke er sket nogen tryk\u00e6ndring, og p\u00e5 den m\u00e5de ved du, at du trygt kan tage s\u00e6ttet med dig under vandet. Huset er forseglet med en TPE O-ring og en robust cam-lock forseglingsl\u00e5s, som nemt og sikkert forsegler den vandt\u00e6tte d\u00f8r. For at forhindre, at indersiden af huset dugger p\u00e5 grund af fugt, anbefales det at bruge antidugkapslen \"Moisture Muncher\" for at minimere fugtigheden og dermed forhindre indvendig kondens s\u00e5 meget som muligt.<\/p>\n<p>Gratis SportDiver-app:<br \/>\nSportDiver-huset bruges sammen med den gratis SeaLife SportDiver-kameraapp.  (I mods\u00e6tning til andre smartphone-hus-apps er der ingen irriterende in-app-k\u00f8b eller reklamer). Du kan nemt skifte mellem foto- og videotilstand. SportDiver-appen bruger den smartphone-kamerateknologi, der f\u00f8lger med hver enkelt smartphone-model. Appen er tilg\u00e6ngelig til b\u00e5de IOS- og Android-telefoner.<\/p>\n<p>Fotos og videoer er let tilg\u00e6ngelige:<br \/>\nAppens afspilningstilstand viser fotos og videoer i fuld st\u00f8rrelse med en lodret thumbnail-strimmel, s\u00e5 det er nemt at scrolle gennem billederne. Videoer afspilles automatisk, n\u00e5r de v\u00e6lges. Alle filer gemmes ogs\u00e5 i filmrullen. SportDiver-huset opretter automatisk forbindelse til din smartphone og SportDiver-appen via tr\u00e5dl\u00f8s Bluetooth\u00ae Low Energy (LE) 5-teknologi. Der er ingen kabler eller knapper til telefonen. SportDiver har et ekstremt lavt str\u00f8mforbrug til b\u00e5de telefonen og huset, som drives af to AAA-batterier, der holder i mere end 50 timer ved kontinuerlig brug.<\/p>\n<p>Farvekorrektionsfilter medf\u00f8lger:<br \/>\nFor bedre billedresultater i tropisk bl\u00e5t vand leveres SportDiver med et udskifteligt farvekorrektionsfilter, som genskaber de naturlige undervandsfarver. Filteret kan nemt s\u00e6ttes p\u00e5 eller tages af under vandet og er udstyret med en sikkerhedssnor for at forhindre tab.<\/p>\n<p>Valgfri ekstern eksponering:<br \/>\nSportDiver-huset har tre 1\/4-20 stativbeslag, der kan monteres p\u00e5 enhver lampe eller bundplade med standard stativgevind, f.eks. SeaLifes egen serie af Sea Dragon undervandsfoto-\/videolamper. SeaLife tilbyder ogs\u00e5 kombinationen SportDiver med Sea Dragon-undervandslamper, SL401 \"SportDiver Pro 2500 Set\".<\/p>\n<p>Universel pasform:<br \/>\nAf hensyn til telefonens sikkerhed og beskyttelse er SportDiver udstyret med et fjedersystem og gummigreb, som holder din smartphone\u00ae p\u00e5 plads og beskytter den mod st\u00f8d. Det g\u00f8r det ogs\u00e5 meget nemt at skifte smartphone-model i etuiet.<\/p>\n<p>Varebeskrivelse GMP<br \/>\nSL400-U SportDiver Undervandshus til smartphone \u20ac 349<br \/>\nSL401 SportDiver Pro 2500-s\u00e6t med Sea Dragon 2500-undervandslys \u20ac 799<\/p>\n<p>F\u00f8lger med SeaLife SportDiver, model SL400-U:<br \/>\nSportDiver undervandstaske til smartphone<br \/>\nFilter til farvekorrektion under vand<br \/>\nVakuumpumpe<br \/>\nGummigreb (12x sm\u00e5, 12x mellemstore og 12x store)<br \/>\nReserve-O-ringe (1x hoved-O-ring og 1x O-ring til vakuumkontrolport)<br \/>\nO-ring sm\u00f8remiddel<br \/>\nV\u00e6rkt\u00f8j til at fjerne O-ringen<br \/>\nLuksus h\u00e5ndledsrem med klips<br \/>\nMoisture Muncher pr\u00f8vepakke (1 kapsel)<br \/>\nAAA alkaliske batterier (2)<br \/>\nEVA-b\u00e6rekasse<\/p>","protected":false},"excerpt":{"rendered":"<p>Sealife SportDiver<br \/>\nProdukt nr. SL400-U<\/p>\n<p>SeaLife SportDiver undervandstaske til smartphone\u00ae.<\/p>\n<p>Med dette SeaLife SportDiver-hus kan dykkere, snorklere eller sv\u00f8mmere tage de mest unikke undervandsbilleder og -videoer med deres egen smartphone! Hjemme i poolen i baghaven, p\u00e5 stranden eller p\u00e5 dykkerstedet p\u00e5 diget. Men helt sikkert ogs\u00e5 p\u00e5 din feriedestination, hvor du kan tage de smukkeste billeder p\u00e5 op til 40 meters dybde.<\/p>\n<p>Velegnet til:<br \/>\nSportDiver kan bruges sammen med forskellige m\u00e6rker af smartphones. Det er bedst at tjekke p\u00e5 hjemmesiden, om din telefon passer i huset: <a href=\"https:\/\/www.sealife-cameras.com\/sportdiver-compatibility\/\">https:\/\/www.sealife-cameras.com\/sportdiver-compatibility\/<\/a><\/p>\n<p>Holdbar:<br \/>\nDet robuste hus er lavet af polykarbonat, rustfrit st\u00e5l, aluminium og optisk glas. Og selv om SportDiver-huset er \"Heavy Duty\", er det ikke tungt, da det kun vejer 641 gram. Det er let at rejse med og har n\u00e6sten neutral opdrift i vand, afh\u00e6ngigt af hvilken smartphone-model der bruges.<\/p>\n<p>Smartphonen som kreativt fotokamera:<br \/>\nSportDiver er god at holde p\u00e5 og nem at bruge. Det har en stor udl\u00f8serknap og tilg\u00e6ngelige kontrolknapper p\u00e5 bagsiden, s\u00e5 det er nemt at betjene, selv med dykkerhandsker p\u00e5. Kreative snorklere og dykkere kan bruge kameraappens valgfrie avancerede indstillinger til at tage deres fotos eller videoer. F.eks. zoom, eksponering (EV), automatisk\/manuel fokus, hvidbalance, farvetone, objektivvalg, RAW + JPEG-tilstand, livefoto og baggrundssl\u00f8ring (p\u00e5 tilg\u00e6ngelige smartphone-modeller).<\/p>\n<p>Ingen risiko, dobbelt sikkerhed:<br \/>\nSikkerhed for din telefon frem for alt! SportDiver har en DOBBELT L\u00c6KAGEALARM, herunder en intern fugtalarm OG en vakuumtrykalarm, som advarer dig med et display p\u00e5 sk\u00e6rmen, en lyd og et LED-signal i det usandsynlige tilf\u00e6lde, at kabinettet viser en eller anden form for l\u00e6kage, og der opdages fugt i kabinettet, eller hvis der opst\u00e5r tryktab i kabinettet. Med den medf\u00f8lgende vakuumpumpe st\u00f8vsuger du kabinettet til et undertryk. Den indbyggede trykm\u00e5ler i kabinettet giver et display p\u00e5 smartphonens sk\u00e6rm for at sikre, at du bringer kabinettet til det rigtige undertryk. Derefter er det bare at vente p\u00e5, at vakuumsystemet indikerer, at der ikke er sket nogen tryk\u00e6ndring, og p\u00e5 den m\u00e5de ved du, at du trygt kan tage s\u00e6ttet med dig under vandet. Huset er forseglet med en TPE O-ring og en robust cam-lock forseglingsl\u00e5s, som nemt og sikkert forsegler den vandt\u00e6tte d\u00f8r. For at forhindre, at indersiden af huset dugger p\u00e5 grund af fugt, anbefales det at bruge antidugkapslen \"Moisture Muncher\" for at minimere fugtigheden og dermed forhindre indvendig kondens s\u00e5 meget som muligt.<\/p>\n<p>Gratis SportDiver-app:<br \/>\nSportDiver-huset bruges sammen med den gratis SeaLife SportDiver-kameraapp.  (I mods\u00e6tning til andre smartphone-hus-apps er der ingen irriterende in-app-k\u00f8b eller reklamer). Du kan nemt skifte mellem foto- og videotilstand. SportDiver-appen bruger den smartphone-kamerateknologi, der f\u00f8lger med hver enkelt smartphone-model. Appen er tilg\u00e6ngelig til b\u00e5de IOS- og Android-telefoner.<\/p>\n<p>Fotos og videoer er let tilg\u00e6ngelige:<br \/>\nAppens afspilningstilstand viser fotos og videoer i fuld st\u00f8rrelse med en lodret thumbnail-strimmel, s\u00e5 det er nemt at scrolle gennem billederne. Videoer afspilles automatisk, n\u00e5r de v\u00e6lges. Alle filer gemmes ogs\u00e5 i filmrullen. SportDiver-huset opretter automatisk forbindelse til din smartphone og SportDiver-appen via tr\u00e5dl\u00f8s Bluetooth\u00ae Low Energy (LE) 5-teknologi. Der er ingen kabler eller knapper til telefonen. SportDiver har et ekstremt lavt str\u00f8mforbrug til b\u00e5de telefonen og huset, som drives af to AAA-batterier, der holder i mere end 50 timer ved kontinuerlig brug.<\/p>\n<p>Farvekorrektionsfilter medf\u00f8lger:<br \/>\nFor bedre billedresultater i tropisk bl\u00e5t vand leveres SportDiver med et udskifteligt farvekorrektionsfilter, som genskaber de naturlige undervandsfarver. Filteret kan nemt s\u00e6ttes p\u00e5 eller tages af under vandet og er udstyret med en sikkerhedssnor for at forhindre tab.<\/p>\n<p>Valgfri ekstern eksponering:<br \/>\nSportDiver-huset har tre 1\/4-20 stativbeslag, der kan monteres p\u00e5 enhver lampe eller bundplade med standard stativgevind, f.eks. SeaLifes egen serie af Sea Dragon undervandsfoto-\/videolamper. SeaLife tilbyder ogs\u00e5 kombinationen SportDiver med Sea Dragon-undervandslamper, SL401 \"SportDiver Pro 2500 Set\".<\/p>\n<p>Universel pasform:<br \/>\nAf hensyn til telefonens sikkerhed og beskyttelse er SportDiver udstyret med et fjedersystem og gummigreb, som holder din smartphone\u00ae p\u00e5 plads og beskytter den mod st\u00f8d. Det g\u00f8r det ogs\u00e5 meget nemt at skifte smartphone-model i etuiet.<\/p>\n<p>Varebeskrivelse GMP<br \/>\nSL400-U SportDiver Undervandshus til smartphone \u20ac 349<br \/>\nSL401 SportDiver Pro 2500-s\u00e6t med Sea Dragon 2500-undervandslys \u20ac 799<\/p>\n<p>F\u00f8lger med SeaLife SportDiver, model SL400-U:<br \/>\nSportDiver undervandstaske til smartphone<br \/>\nFilter til farvekorrektion under vand<br \/>\nVakuumpumpe<br \/>\nGummigreb (12x sm\u00e5, 12x mellemstore og 12x store)<br \/>\nReserve-O-ringe (1x hoved-O-ring og 1x O-ring til vakuumkontrolport)<br \/>\nO-ring sm\u00f8remiddel<br \/>\nV\u00e6rkt\u00f8j til at fjerne O-ringen<br \/>\nLuksus h\u00e5ndledsrem med klips<br \/>\nMoisture Muncher pr\u00f8vepakke (1 kapsel)<br \/>\nAAA alkaliske batterier (2)<br \/>\nEVA-b\u00e6rekasse<\/p>","protected":false},"featured_media":2566,"comment_status":"closed","ping_status":"closed","template":"","meta":{"_acf_changed":false},"product_brand":[],"product_cat":[387],"product_tag":[],"class_list":{"0":"post-2536","1":"product","2":"type-product","3":"status-publish","4":"has-post-thumbnail","6":"product_cat-cameras-en-behuizing","7":"product_shipping_class-pakket","9":"first","10":"instock","11":"shipping-taxable","12":"product-type-simple"},"acf":[],"_links":{"self":[{"href":"https:\/\/sealife-cameras.eu\/da\/wp-json\/wp\/v2\/product\/2536","targetHints":{"allow":["GET"]}}],"collection":[{"href":"https:\/\/sealife-cameras.eu\/da\/wp-json\/wp\/v2\/product"}],"about":[{"href":"https:\/\/sealife-cameras.eu\/da\/wp-json\/wp\/v2\/types\/product"}],"replies":[{"embeddable":true,"href":"https:\/\/sealife-cameras.eu\/da\/wp-json\/wp\/v2\/comments?post=2536"}],"wp:featuredmedia":[{"embeddable":true,"href":"https:\/\/sealife-cameras.eu\/da\/wp-json\/wp\/v2\/media\/2566"}],"wp:attachment":[{"href":"https:\/\/sealife-cameras.eu\/da\/wp-json\/wp\/v2\/media?parent=2536"}],"wp:term":[{"taxonomy":"product_brand","embeddable":true,"href":"https:\/\/sealife-cameras.eu\/da\/wp-json\/wp\/v2\/product_brand?post=2536"},{"taxonomy":"product_cat","embeddable":true,"href":"https:\/\/sealife-cameras.eu\/da\/wp-json\/wp\/v2\/product_cat?post=2536"},{"taxonomy":"product_tag","embeddable":true,"href":"https:\/\/sealife-cameras.eu\/da\/wp-json\/wp\/v2\/product_tag?post=2536"}],"curies":[{"name":"wp","href":"https:\/\/api.w.org\/{rel}","templated":true}]}}