{"id":2540,"date":"2024-05-13T09:27:28","date_gmt":"2024-05-13T07:27:28","guid":{"rendered":"https:\/\/modest-cartwright.45-82-188-209.plesk.page\/?post_type=product&#038;p=2540"},"modified":"2024-08-20T12:42:42","modified_gmt":"2024-08-20T10:42:42","slug":"screen-shield-voor-de-sealife-reefmaster-rm-4k","status":"publish","type":"product","link":"https:\/\/sealife-cameras.eu\/da\/vare\/screen-shield-voor-de-sealife-reefmaster-rm-4k\/","title":{"rendered":"Sk\u00e6rmskjold til Sealife Reefmaster RM-4K"},"content":{"rendered":"<p>Screen Shield er en vandt\u00e6t sk\u00e6rmbeskyttelse til kameraer og huse med en sk\u00e6rmst\u00f8rrelse p\u00e5 2\u2033 \/ 5 cm diagonale sk\u00e6rme og displays. Den beskyttende nanobel\u00e6gning afviser vand, holder sk\u00e6rmen fri for fingeraftryk og beskytter mod ridser.<br \/>\nHver pakke indeholder to sk\u00e6rmbeskyttere, tape til fjernelse af st\u00f8v, en reng\u00f8ringsklud og en letforst\u00e5elig vejledning.<\/p>","protected":false},"excerpt":{"rendered":"<p>De Screen Shield is een waterdichte screenprotector voor camera&#8217;s en behuizingen met een schermgrootte van 2\u2033 \/ 5 cm diagonale schermen en [&hellip;]<\/p>\n","protected":false},"featured_media":2587,"comment_status":"closed","ping_status":"closed","template":"","meta":{"_acf_changed":false},"product_brand":[],"product_cat":[419,418],"product_tag":[251,152,282,146,168,252,377,424,379,237],"class_list":{"0":"post-2540","1":"product","2":"type-product","3":"status-publish","4":"has-post-thumbnail","6":"product_cat-accessoires","7":"product_cat-camera-accessoires","8":"product_tag-accessoires","9":"product_tag-camera","10":"product_tag-diving","11":"product_tag-fotografie","12":"product_tag-onderwater","13":"product_tag-onderwaterwereld","14":"product_tag-photography","15":"product_tag-screen-protector","16":"product_tag-sealife","17":"product_tag-underwater","18":"product_shipping_class-pakket","20":"first","21":"instock","22":"shipping-taxable","23":"product-type-simple"},"acf":[],"_links":{"self":[{"href":"https:\/\/sealife-cameras.eu\/da\/wp-json\/wp\/v2\/product\/2540","targetHints":{"allow":["GET"]}}],"collection":[{"href":"https:\/\/sealife-cameras.eu\/da\/wp-json\/wp\/v2\/product"}],"about":[{"href":"https:\/\/sealife-cameras.eu\/da\/wp-json\/wp\/v2\/types\/product"}],"replies":[{"embeddable":true,"href":"https:\/\/sealife-cameras.eu\/da\/wp-json\/wp\/v2\/comments?post=2540"}],"wp:featuredmedia":[{"embeddable":true,"href":"https:\/\/sealife-cameras.eu\/da\/wp-json\/wp\/v2\/media\/2587"}],"wp:attachment":[{"href":"https:\/\/sealife-cameras.eu\/da\/wp-json\/wp\/v2\/media?parent=2540"}],"wp:term":[{"taxonomy":"product_brand","embeddable":true,"href":"https:\/\/sealife-cameras.eu\/da\/wp-json\/wp\/v2\/product_brand?post=2540"},{"taxonomy":"product_cat","embeddable":true,"href":"https:\/\/sealife-cameras.eu\/da\/wp-json\/wp\/v2\/product_cat?post=2540"},{"taxonomy":"product_tag","embeddable":true,"href":"https:\/\/sealife-cameras.eu\/da\/wp-json\/wp\/v2\/product_tag?post=2540"}],"curies":[{"name":"wp","href":"https:\/\/api.w.org\/{rel}","templated":true}]}}