{"id":2547,"date":"2024-05-13T09:27:28","date_gmt":"2024-05-13T07:27:28","guid":{"rendered":"https:\/\/modest-cartwright.45-82-188-209.plesk.page\/?post_type=product&#038;p=2547"},"modified":"2024-08-20T12:42:43","modified_gmt":"2024-08-20T10:42:43","slug":"micro-wide-angle-dome-lens","status":"publish","type":"product","link":"https:\/\/sealife-cameras.eu\/da\/vare\/micro-wide-angle-dome-lens\/","title":{"rendered":"Dome-linse med mikrovidvinkel"},"content":{"rendered":"<p><em>Dome-linse med mikrovidvinkel<\/em><br \/>\n<em>Produkt nr. SL052<\/em><\/p>\n<p>Micro Wide Angle Dome Lens til Micro Series og ReefMaster RM-4K undervandskameraer \u00f8ger kameraets synsfelt med n\u00e6sten 50% og g\u00f8r det muligt for fotografer at komme tre gange t\u00e6ttere p\u00e5 motivet.<br \/>\nMicro Wide Angle Dome Lens-designet bruger h\u00f8jkvalitetsoptik arrangeret i 4-elementer, der leverer skarp kant-til-kant-skarphed. De indvendige elementer er fuldt multicoatede optiske glas. Dome-linsen er af optisk polykarbonat med h\u00e5rd anti-ridsebel\u00e6gning. Objektivet har en effektiv br\u00e6ndvidde p\u00e5 13,3 mm film\u00e6kvivalent, n\u00e5r det bruges sammen med SeaLife Micro 3.0, og er vandt\u00e6t ned til 60 m.<br \/>\nObjektivet passer til alle SeaLife-kameraer i Micro-serien (Micro HD, HD+, Micro 2.0, Micro 3.0) og fungerer ogs\u00e5 med SeaLife ReefMaster RM-4K og \u00f8ger det lille kameras optagevinkel til 196\u00b0. Micro Wide Angle Dome Lens \u00f8ger Micro 3.0-optagelsesvinklen med 43% til 143\u00b0 (i luften) og giver brugeren mulighed for at komme n\u00e6sten 3 gange t\u00e6ttere p\u00e5 motivet.<br \/>\nMicro Wide Angle Dome Lens er en \"v\u00e5d linse\" og kan nemt s\u00e6ttes p\u00e5 og tages af under vandet. En l\u00e5sering forhindrer objektivet i at l\u00f8sne sig ved et uheld, hvis man st\u00f8der p\u00e5 det eller i mere uroligt vand. Objektivet vejer 331 gram og har negativ opdrift. Der medf\u00f8lger en snor til at forhindre tab under vandet, og objektivet kan s\u00e6ttes fast p\u00e5 Lens Caddy (SL091), n\u00e5r det ikke er i brug.<br \/>\nDen drejelige modlysbl\u00e6nde forhindrer u\u00f8nsket bl\u00e6nding fra ekstern belysning eller sollys og beskytter kuppellinsen mod st\u00f8d og slitage.<\/p>\n<p><strong>Specifikationer<\/strong><\/p>\n<p>- 3x t\u00e6ttere p\u00e5 og 43% bredere synsfelt<br \/>\n- Optisk design korrigerer t\u00f8ndeforvr\u00e6ngning og forbedrer skarpheden fra kant til kant<br \/>\n- 0,7x vidvinkelkonvertering<br \/>\n- Fuldt multi-coated optik for maksimal lystransmission<br \/>\n- Passer til alle kameraer i SeaLife Micro-serien og ReefMaster RM-4K<br \/>\n- Linsen er nem at s\u00e6tte p\u00e5\/tage af under vand<br \/>\n- Kan s\u00e6ttes p\u00e5 SeaLife \"Lens Caddy\"-linseholderen (artikel SL091)<br \/>\n- Pr\u00e6cisionsoptik med 4 elementer og h\u00f8j ydeevne (internt optisk glas)<br \/>\n- Kuppellinse i polykarbonat med ridsefast h\u00e5rd bel\u00e6gning<br \/>\n- Inkluderer neopren-kuppelobjektivd\u00e6ksel, bageste objektivd\u00e6ksel og beskyttelsesetui<br \/>\n- Vandt\u00e6t op til 60 meter (200 fod)<\/p>","protected":false},"excerpt":{"rendered":"<p>Micro Wide Angle Dome Lens Product Nr. SL052 De Micro Wide Angle Dome Lens voor Micro-serie en ReefMaster RM-4K onderwatercamera&#8217;s vergroot het [&hellip;]<\/p>\n","protected":false},"featured_media":2838,"comment_status":"open","ping_status":"closed","template":"","meta":{"_acf_changed":false},"product_brand":[],"product_cat":[171],"product_tag":[251,152,282,146,400,168,252,377,378,379,237,380,170],"class_list":{"0":"post-2547","1":"product","2":"type-product","3":"status-publish","4":"has-post-thumbnail","6":"product_cat-lenzen","7":"product_tag-accessoires","8":"product_tag-camera","9":"product_tag-diving","10":"product_tag-fotografie","11":"product_tag-lenses","12":"product_tag-onderwater","13":"product_tag-onderwaterwereld","14":"product_tag-photography","15":"product_tag-sea-dragon","16":"product_tag-sealife","17":"product_tag-underwater","18":"product_tag-universal","19":"product_tag-wide-angle","20":"product_shipping_class-pakket","22":"first","23":"instock","24":"shipping-taxable","25":"product-type-simple"},"acf":[],"_links":{"self":[{"href":"https:\/\/sealife-cameras.eu\/da\/wp-json\/wp\/v2\/product\/2547","targetHints":{"allow":["GET"]}}],"collection":[{"href":"https:\/\/sealife-cameras.eu\/da\/wp-json\/wp\/v2\/product"}],"about":[{"href":"https:\/\/sealife-cameras.eu\/da\/wp-json\/wp\/v2\/types\/product"}],"replies":[{"embeddable":true,"href":"https:\/\/sealife-cameras.eu\/da\/wp-json\/wp\/v2\/comments?post=2547"}],"wp:featuredmedia":[{"embeddable":true,"href":"https:\/\/sealife-cameras.eu\/da\/wp-json\/wp\/v2\/media\/2838"}],"wp:attachment":[{"href":"https:\/\/sealife-cameras.eu\/da\/wp-json\/wp\/v2\/media?parent=2547"}],"wp:term":[{"taxonomy":"product_brand","embeddable":true,"href":"https:\/\/sealife-cameras.eu\/da\/wp-json\/wp\/v2\/product_brand?post=2547"},{"taxonomy":"product_cat","embeddable":true,"href":"https:\/\/sealife-cameras.eu\/da\/wp-json\/wp\/v2\/product_cat?post=2547"},{"taxonomy":"product_tag","embeddable":true,"href":"https:\/\/sealife-cameras.eu\/da\/wp-json\/wp\/v2\/product_tag?post=2547"}],"curies":[{"name":"wp","href":"https:\/\/api.w.org\/{rel}","templated":true}]}}