{"id":2548,"date":"2024-05-13T09:27:28","date_gmt":"2024-05-13T07:27:28","guid":{"rendered":"https:\/\/modest-cartwright.45-82-188-209.plesk.page\/?post_type=product&#038;p=2548"},"modified":"2024-08-20T12:42:43","modified_gmt":"2024-08-20T10:42:43","slug":"micro-3-0-pro-dual-beam-set","status":"publish","type":"product","link":"https:\/\/sealife-cameras.eu\/da\/vare\/micro-3-0-pro-dual-beam-set\/","title":{"rendered":"Micro 3.0 Pro dobbeltstr\u00e5les\u00e6t"},"content":{"rendered":"<p><em>Micro 3.0 Pro dobbeltstr\u00e5les\u00e6t <\/em><br \/>\n<em>Produkt nr. SL554<\/em><\/p>\n<p>SeaLife Micro 3.0-kameraet er den nyeste og tredje generation af den popul\u00e6re, permanent forseglede Micro-kameraserie. Det er l\u00e6kagesikkert og har ingen O-ringe, der skal sm\u00f8res eller vedligeholdes, s\u00e5 du beh\u00f8ver aldrig at bekymre dig om, at kameraet bliver neds\u00e6nket i vand. Ligesom sine forg\u00e6ngere har Micro 3.0 et ergonomisk, kompakt design med brugervenlige kontroller og menuer. Micro 3.0-kameraet giver imponerende stillbilleder med sin store SONY\u00ae 16 MP CMOS-sensor og levende 4K Ultra HD-video. Du kan endda tage 8 MP-fotos, mens du optager video. Micro 3.0 er permanent forseglet og har et stort batteri p\u00e5 mere end 3 timer, der r\u00e6kker til en hel dags dykning, og indbygget 64 GB hukommelse til at gemme tusindvis af fotos og timevis af video.<\/p>\n<p>Sea Dragon 3000SF Pro Dual Beam's store COB LED leverer 3000 lumen i en j\u00e6vn 120\u00b0 bred str\u00e5le. Lampen har en imponerende CRI (farvegengivelsesindeks) p\u00e5 90 med et patenteret COB LED array, der efterligner naturligt sollys (en CRI p\u00e5 100 ville v\u00e6re det samme som naturligt sollys). Spotstr\u00e5len p\u00e5 15\u00b0 har en CRI p\u00e5 70. Lampen har ogs\u00e5 to 88\u00b0 r\u00f8de LED'er og 180 lumen til natdykning.<\/p>\n<p>Kameraets brugervenlighed starter med de tre brede \"Piano key\"-knapper, som er nemme at finde og betjene, selv med dykkerhandsker p\u00e5. Micro 3.0's intuitive Easy Setup-funktion guider dig hurtigt gennem de rigtige indstillinger baseret p\u00e5 optagemilj\u00f8et, dybden og det anvendte belysningstilbeh\u00f8r.<\/p>\n<p>Micro 3.0-brugere kan forfine deres undervandsbilleder med en ny manuel hvidbalancejustering og muligheden for at tage billeder i RAW-format, s\u00e5 de kan redigere deres billeder senere. Det indbyggede 100\u00b0 vidvinkelobjektiv g\u00f8r det muligt for dykkere at komme t\u00e6t p\u00e5 motiverne og samtidig holde alt i fokus.<\/p>\n<p>Belysningen er enkel: Brug Micro 3.0 sammen med Sea Dragon LED-undervandslys til foto\/video (eller andre konstante LED-lyskilder). Der er ingen blitz eller kabel til at synkronisere med en ekstern blitz. Du skal blot t\u00e6nde lyset og justere intensiteten ud fra motivet, forholdene og afstanden.<\/p>\n<p>Micro 3.0 tilbyder Wi-Fi-deling, s\u00e5 du tr\u00e5dl\u00f8st kan se, downloade og dele fotos og videoer p\u00e5 en smartphone eller tablet med den gratis SeaLife Micro 3+-app, der findes i Google Play eller Apple App Stores.<\/p>\n<p>Den store 260K h\u00f8jopl\u00f8selige 2,4\" TFT-farve-LCD-sk\u00e6rm g\u00f8r det nemt at tage og se fotos og video p\u00e5 det lille kamera.<\/p>","protected":false},"excerpt":{"rendered":"<p>Micro 3.0 Pro Dual Beam Set Product\u00a0 Nr. SL554 De SeaLife Micro 3.0-camera is de nieuwste en derde generatie van de populaire [&hellip;]<\/p>\n","protected":false},"featured_media":2595,"comment_status":"open","ping_status":"closed","template":"","meta":{"_acf_changed":false},"product_brand":[],"product_cat":[387],"product_tag":[152,213,390,404,377,378,237,466],"class_list":{"0":"post-2548","1":"product","2":"type-product","3":"status-publish","4":"has-post-thumbnail","6":"product_cat-cameras-en-behuizing","7":"product_tag-camera","8":"product_tag-light","9":"product_tag-micro-3-0","10":"product_tag-micro-series","11":"product_tag-photography","12":"product_tag-sea-dragon","13":"product_tag-underwater","14":"product_tag-underwaterphotography","15":"product_shipping_class-pakket","17":"first","18":"instock","19":"shipping-taxable","20":"product-type-simple"},"acf":[],"_links":{"self":[{"href":"https:\/\/sealife-cameras.eu\/da\/wp-json\/wp\/v2\/product\/2548","targetHints":{"allow":["GET"]}}],"collection":[{"href":"https:\/\/sealife-cameras.eu\/da\/wp-json\/wp\/v2\/product"}],"about":[{"href":"https:\/\/sealife-cameras.eu\/da\/wp-json\/wp\/v2\/types\/product"}],"replies":[{"embeddable":true,"href":"https:\/\/sealife-cameras.eu\/da\/wp-json\/wp\/v2\/comments?post=2548"}],"wp:featuredmedia":[{"embeddable":true,"href":"https:\/\/sealife-cameras.eu\/da\/wp-json\/wp\/v2\/media\/2595"}],"wp:attachment":[{"href":"https:\/\/sealife-cameras.eu\/da\/wp-json\/wp\/v2\/media?parent=2548"}],"wp:term":[{"taxonomy":"product_brand","embeddable":true,"href":"https:\/\/sealife-cameras.eu\/da\/wp-json\/wp\/v2\/product_brand?post=2548"},{"taxonomy":"product_cat","embeddable":true,"href":"https:\/\/sealife-cameras.eu\/da\/wp-json\/wp\/v2\/product_cat?post=2548"},{"taxonomy":"product_tag","embeddable":true,"href":"https:\/\/sealife-cameras.eu\/da\/wp-json\/wp\/v2\/product_tag?post=2548"}],"curies":[{"name":"wp","href":"https:\/\/api.w.org\/{rel}","templated":true}]}}