{"id":2578,"date":"2024-05-13T09:27:56","date_gmt":"2024-05-13T07:27:56","guid":{"rendered":"https:\/\/modest-cartwright.45-82-188-209.plesk.page\/?post_type=product&#038;p=2578"},"modified":"2024-08-20T12:42:41","modified_gmt":"2024-08-20T10:42:41","slug":"buoyancy-floatation-rings","status":"publish","type":"product","link":"https:\/\/sealife-cameras.eu\/da\/vare\/buoyancy-floatation-rings\/","title":{"rendered":"Flyderinge til opdrift"},"content":{"rendered":"<p>Flydende ringe med opdrift<br \/>\nProdukt nr. SL931<\/p>\n<p>Tilf\u00f8j opdrift til dit SeaLife undervandskameras\u00e6t for bedre h\u00e5ndtering og kontrol<\/p>\n<p>Holdbare flyderinge af h\u00f8jdensitetsskum er fastgjort til Flex-Connect-flexarme og -h\u00e5ndtag. Hver ring tilf\u00f8jer 140 gram. Flyderingene holder dit SeaLife undervandskamera\/lygte oprejst, hvilket giver en mere behagelig betjening og kontrol.<\/p>\n<p>For eksempel har SeaLife SportDiver med Dual-tray, to h\u00e5ndtag, to flex-arme og to Sea Dragon 5000+ lygter en negativ opdrift p\u00e5 652 gram. Ved at tilf\u00f8je 4 ringe reduceres kameras\u00e6ttets undervandsv\u00e6gt til kun 90 gram negativ opdrift. Hvis du vil g\u00f8re kameras\u00e6ttet positivt flydende, skal du bare tilf\u00f8je et par ringe mere.<\/p>\n<p>Der er 4 flyderinge i en pakke (SL931).<\/p>\n<p>Funktioner:<\/p>\n<ul>\n<li>Forbedrer kontrol og balance af SeaLife-kameras\u00e6t<\/li>\n<li>Holdbar skumkonstruktion med h\u00f8j densitet<\/li>\n<li>Ringe fastg\u00f8res over Flex-Connect-arme og -greb<\/li>\n<li>Hver ring tilf\u00f8rer 140 gram positiv opdrift<\/li>\n<li>Lys gul farve for god synlighed<\/li>\n<\/ul>\n<p>Specifikationer:<\/p>\n<ul>\n<li>V\u00e6gt p\u00e5 land: 32 gram pr. ring<\/li>\n<li>Hvad er inkluderet: 4 drivringe<\/li>\n<li>M\u00e5l: 5,08 cm ydre diameter, 8 cm x 4,3 cm x 3,7 cm<\/li>\n<li>Pakket v\u00e6gt: 170 gram<\/li>\n<li>Emballagens m\u00e5l: 8,3 cm x 8,3 cm x 15,3 cm<\/li>\n<\/ul>","protected":false},"excerpt":{"rendered":"<p>Buoyancy Floating Rings Product nr. SL931 Voeg drijfvermogen toe aan uw SeaLife onderwatercameraset voor betere bediening en controle Duurzame drijfringen van schuim [&hellip;]<\/p>\n","protected":false},"featured_media":2608,"comment_status":"open","ping_status":"closed","template":"","meta":{"_acf_changed":false},"product_brand":[],"product_cat":[385],"product_tag":[251,152,282,146,213,168,252,377,378,379,237,380],"class_list":{"0":"post-2578","1":"product","2":"type-product","3":"status-publish","4":"has-post-thumbnail","6":"product_cat-overige-accessoires","7":"product_tag-accessoires","8":"product_tag-camera","9":"product_tag-diving","10":"product_tag-fotografie","11":"product_tag-light","12":"product_tag-onderwater","13":"product_tag-onderwaterwereld","14":"product_tag-photography","15":"product_tag-sea-dragon","16":"product_tag-sealife","17":"product_tag-underwater","18":"product_tag-universal","19":"product_shipping_class-pakket","21":"first","22":"instock","23":"shipping-taxable","24":"product-type-simple"},"acf":[],"_links":{"self":[{"href":"https:\/\/sealife-cameras.eu\/da\/wp-json\/wp\/v2\/product\/2578","targetHints":{"allow":["GET"]}}],"collection":[{"href":"https:\/\/sealife-cameras.eu\/da\/wp-json\/wp\/v2\/product"}],"about":[{"href":"https:\/\/sealife-cameras.eu\/da\/wp-json\/wp\/v2\/types\/product"}],"replies":[{"embeddable":true,"href":"https:\/\/sealife-cameras.eu\/da\/wp-json\/wp\/v2\/comments?post=2578"}],"wp:featuredmedia":[{"embeddable":true,"href":"https:\/\/sealife-cameras.eu\/da\/wp-json\/wp\/v2\/media\/2608"}],"wp:attachment":[{"href":"https:\/\/sealife-cameras.eu\/da\/wp-json\/wp\/v2\/media?parent=2578"}],"wp:term":[{"taxonomy":"product_brand","embeddable":true,"href":"https:\/\/sealife-cameras.eu\/da\/wp-json\/wp\/v2\/product_brand?post=2578"},{"taxonomy":"product_cat","embeddable":true,"href":"https:\/\/sealife-cameras.eu\/da\/wp-json\/wp\/v2\/product_cat?post=2578"},{"taxonomy":"product_tag","embeddable":true,"href":"https:\/\/sealife-cameras.eu\/da\/wp-json\/wp\/v2\/product_tag?post=2578"}],"curies":[{"name":"wp","href":"https:\/\/api.w.org\/{rel}","templated":true}]}}