{"id":2583,"date":"2024-05-13T09:27:56","date_gmt":"2024-05-13T07:27:56","guid":{"rendered":"https:\/\/modest-cartwright.45-82-188-209.plesk.page\/?post_type=product&#038;p=2583"},"modified":"2024-08-20T12:42:42","modified_gmt":"2024-08-20T10:42:42","slug":"sportdiver-52mm-wide-angle-dome-lens","status":"publish","type":"product","link":"https:\/\/sealife-cameras.eu\/da\/vare\/sportdiver-52mm-wide-angle-dome-lens\/","title":{"rendered":"SportDiver 52 mm vidvinkel kuppellinse"},"content":{"rendered":"<p>Serienummer: SL054<\/p>\n<p>Vidvinkel-kuppellinsen til SportDiver s\u00e6ttes p\u00e5 smartphone-huset med en 52 mm gevindmontering p\u00e5 SportDiver SL081-linseadapteren. Objektivet kan ogs\u00e5 monteres p\u00e5 andre undervandskameraer og -huse ved hj\u00e6lp af et 52 mm gevindbeslag. Dette \u00f8ger synsfeltet p\u00e5 telefonen eller kameraet med 43%, s\u00e5 fotograferne kan komme to gange t\u00e6ttere p\u00e5 motivet.<\/p>\n<p>Designet af SportDivers vidvinkel-turretobjektiv bruger optik af h\u00f8j kvalitet arrangeret i en r\u00e6kke af 4 elementer\/4 grupper, hvilket giver skarp kant-til-kant-skarphed. De indvendige elementer er lavet af fuldt multicoated optisk glas. Vidvinkelkuppellinsen er lavet af optisk polykarbonat med en h\u00e5rd, ridsefri bel\u00e6gning.<\/p>\n<p>Objektivet har en effektiv br\u00e6ndvidde p\u00e5 18,2 mm film\u00e6kvivalent, n\u00e5r det bruges med et 26 mm telefon- eller kameraobjektiv. Objektivet er vandt\u00e6t op til 60 m.<\/p>\n<p>Funktioner:<\/p>\n<ul>\n<li>Kom 3x t\u00e6ttere p\u00e5 og 43% bredere synsfelt<\/li>\n<li>Optisk design korrigerer t\u00f8ndeforvr\u00e6ngning og forbedrer skarpheden fra kant til kant<\/li>\n<li>Fungerer med SportDiver-objektivadapter (SL081), SeaLife DC2000, Olympus og andre undervandshuse med 52 mm objektivport<\/li>\n<li>7x vidvinkelkonvertering<\/li>\n<li>Fuldt multi-coated optik for maksimal lystransmission<\/li>\n<li>Linsen kan s\u00e6ttes p\u00e5\/tages af under vand<\/li>\n<li>Pr\u00e6cisionsoptik af h\u00f8j kvalitet med 4 elementer\/4 grupper (internt optisk glas)<\/li>\n<li>Dome-linse i polykarbonat med ridsefast, h\u00e5rd bel\u00e6gning<\/li>\n<li>Inkluderer neopren-linseovertr\u00e6k.<\/li>\n<li>Vandt\u00e6t op til 60 meter<\/li>\n<\/ul>","protected":false},"excerpt":{"rendered":"<p>Serienummer: SL054 De Wide Angle Dome Lens voor de SportDiver wordt aan de smartphonebehuizing bevestigd met zijn 52 mm schroefdraadbevestiging aan de [&hellip;]<\/p>\n","protected":false},"featured_media":2640,"comment_status":"open","ping_status":"closed","template":"","meta":{"_acf_changed":false},"product_brand":[],"product_cat":[171],"product_tag":[402,146,52,168,252,377,454,459,237,380,170],"class_list":{"0":"post-2583","1":"product","2":"type-product","3":"status-publish","4":"has-post-thumbnail","6":"product_cat-lenzen","7":"product_tag-adapter","8":"product_tag-fotografie","9":"product_tag-lens","10":"product_tag-onderwater","11":"product_tag-onderwaterwereld","12":"product_tag-photography","13":"product_tag-sportdiver","14":"product_tag-sportdiver-ultra","15":"product_tag-underwater","16":"product_tag-universal","17":"product_tag-wide-angle","18":"product_shipping_class-pakket","20":"first","21":"instock","22":"featured","23":"shipping-taxable","24":"product-type-simple"},"acf":[],"_links":{"self":[{"href":"https:\/\/sealife-cameras.eu\/da\/wp-json\/wp\/v2\/product\/2583","targetHints":{"allow":["GET"]}}],"collection":[{"href":"https:\/\/sealife-cameras.eu\/da\/wp-json\/wp\/v2\/product"}],"about":[{"href":"https:\/\/sealife-cameras.eu\/da\/wp-json\/wp\/v2\/types\/product"}],"replies":[{"embeddable":true,"href":"https:\/\/sealife-cameras.eu\/da\/wp-json\/wp\/v2\/comments?post=2583"}],"wp:featuredmedia":[{"embeddable":true,"href":"https:\/\/sealife-cameras.eu\/da\/wp-json\/wp\/v2\/media\/2640"}],"wp:attachment":[{"href":"https:\/\/sealife-cameras.eu\/da\/wp-json\/wp\/v2\/media?parent=2583"}],"wp:term":[{"taxonomy":"product_brand","embeddable":true,"href":"https:\/\/sealife-cameras.eu\/da\/wp-json\/wp\/v2\/product_brand?post=2583"},{"taxonomy":"product_cat","embeddable":true,"href":"https:\/\/sealife-cameras.eu\/da\/wp-json\/wp\/v2\/product_cat?post=2583"},{"taxonomy":"product_tag","embeddable":true,"href":"https:\/\/sealife-cameras.eu\/da\/wp-json\/wp\/v2\/product_tag?post=2583"}],"curies":[{"name":"wp","href":"https:\/\/api.w.org\/{rel}","templated":true}]}}