{"id":3292,"date":"2025-04-02T13:54:35","date_gmt":"2025-04-02T11:54:35","guid":{"rendered":"https:\/\/sealife-cameras.eu\/?post_type=product&#038;p=3292"},"modified":"2025-08-07T12:36:16","modified_gmt":"2025-08-07T10:36:16","slug":"micro-3-0-met-bijna-gratis-sea-dragon-2300-lamp","status":"publish","type":"product","link":"https:\/\/sealife-cameras.eu\/da\/vare\/micro-3-0-met-bijna-gratis-sea-dragon-2300-lamp\/","title":{"rendered":"Micro 3.0 med (n\u00e6sten) gratis Sea Dragon 2300-lampe"},"content":{"rendered":"<p><em>Micro 3.0 med (n\u00e6sten) gratis Sea Dragon 2300-lampe<\/em><br \/>\n<em>Produkt nr. SL556<\/em><\/p>\n<p>I en begr\u00e6nset periode tilbyder SeaLife Micro 3.0 Camera &amp; Light Limited Edition Gift Set, som indeholder den nye Sea Dragon 2300F Photo Video Light. Den nye lampe har en enest\u00e5ende farvegengivelse p\u00e5 80 (CRI) og en farvetemperatur p\u00e5 5000K (Kelvin) med en lang driftstid p\u00e5 80 minutter ved fuld effekt. Kameraet og lampen er samlet p\u00e5 forh\u00e5nd og kan bruges n\u00e6sten umiddelbart efter opladning.<\/p>\n<p>Micro 3.0-undervandskameraet er den nyeste og tredje generation af den popul\u00e6re, permanent forseglede Micro-kameraserie. Kameraet er fuldst\u00e6ndig vandt\u00e6t forseglet. Ingen ventiler, d\u00e6ksler eller t\u00e6tninger med O-ringe, der skal sm\u00f8res eller vedligeholdes, s\u00e5 ingen bekymringer om mulige vandskader eller oversv\u00f8mmelse af kameraet. Ligesom sine forg\u00e6ngere har Micro 3.0 et ergonomisk, solidt og alligevel kompakt design med brugervenlige kontroller og menuer.<\/p>\n<p>Sea Dragon 2300F-lyss\u00e6ttet giver en meget gunstig farvetemperatur og farvegengivelse under vand. Det er designet til actionkameraer, smartphones og kompakte digitalkameraer, som har brug for en god lyskilde til at producere farverige fotos og videoer under vandet. Sea Dragon 2300F er is\u00e6r nyttigt til actionkameraer og omfatter Flex-Connect Grip, Micro Tray og et actionkameraf\u00e6ste. Lampen har et imponerende CRI (Colour Rendering Index) p\u00e5 80 med en farvetemperatur p\u00e5 5000K, hvilket g\u00f8r den ideel til undervandsfotografering og -video. En lang driftstid p\u00e5 80 minutter ved fuld effekt giver dig mulighed for at foretage flere dyk uden at genoplade batteriet.<\/p>","protected":false},"excerpt":{"rendered":"<p>Micro 3.0 met (bijna) gratis Sea Dragon 2300 lamp Product nr. SL556 Voor een beperkte tijd biedt SeaLife de Micro 3.0 Camera [&hellip;]<\/p>\n","protected":false},"featured_media":3485,"comment_status":"open","ping_status":"closed","template":"","meta":{"_acf_changed":false},"product_brand":[],"product_cat":[387],"product_tag":[],"class_list":{"0":"post-3292","1":"product","2":"type-product","3":"status-publish","4":"has-post-thumbnail","6":"product_cat-cameras-en-behuizing","8":"first","9":"instock","10":"featured","11":"shipping-taxable","12":"product-type-simple"},"acf":[],"_links":{"self":[{"href":"https:\/\/sealife-cameras.eu\/da\/wp-json\/wp\/v2\/product\/3292","targetHints":{"allow":["GET"]}}],"collection":[{"href":"https:\/\/sealife-cameras.eu\/da\/wp-json\/wp\/v2\/product"}],"about":[{"href":"https:\/\/sealife-cameras.eu\/da\/wp-json\/wp\/v2\/types\/product"}],"replies":[{"embeddable":true,"href":"https:\/\/sealife-cameras.eu\/da\/wp-json\/wp\/v2\/comments?post=3292"}],"wp:featuredmedia":[{"embeddable":true,"href":"https:\/\/sealife-cameras.eu\/da\/wp-json\/wp\/v2\/media\/3485"}],"wp:attachment":[{"href":"https:\/\/sealife-cameras.eu\/da\/wp-json\/wp\/v2\/media?parent=3292"}],"wp:term":[{"taxonomy":"product_brand","embeddable":true,"href":"https:\/\/sealife-cameras.eu\/da\/wp-json\/wp\/v2\/product_brand?post=3292"},{"taxonomy":"product_cat","embeddable":true,"href":"https:\/\/sealife-cameras.eu\/da\/wp-json\/wp\/v2\/product_cat?post=3292"},{"taxonomy":"product_tag","embeddable":true,"href":"https:\/\/sealife-cameras.eu\/da\/wp-json\/wp\/v2\/product_tag?post=3292"}],"curies":[{"name":"wp","href":"https:\/\/api.w.org\/{rel}","templated":true}]}}