{"id":3401,"date":"2025-07-10T15:45:30","date_gmt":"2025-07-10T13:45:30","guid":{"rendered":"https:\/\/sealife-cameras.eu\/?post_type=product&#038;p=3401"},"modified":"2025-08-07T12:29:57","modified_gmt":"2025-08-07T10:29:57","slug":"sportdiver-s-smartphone-behuizing","status":"publish","type":"product","link":"https:\/\/sealife-cameras.eu\/da\/vare\/sportdiver-s-smartphone-behuizing\/","title":{"rendered":"SportDiver S Smartphone-hus"},"content":{"rendered":"<p>SportDiver S Smartphone-etui.<br \/>\nProdukt nr. SL408<\/p>\n<p><strong>M\u00f8d SportDiver S, det unders\u00f8iske smartphone-etui designet til dykkere og snorklere p\u00e5 alle niveauer<\/strong>. Det er et supplement til den eksisterende SportDiver ULTRA i kollektionen. Det kompakte etui er garanteret vandt\u00e6t ned til 30 meters dybde og byder p\u00e5 flere opdateringer i forhold til den oprindelige SportDiver-model, hvor \"S\"-versionen er kompatibel med alle iPhone-modeller, inklusive Max-formater, samt mange Android-smartphones.<\/p>\n<p><strong>SportDiver S er designet til absolut p\u00e5lidelighed og brugervenlighed<\/strong> og giver dykkere og snorklere mulighed for at tage fantastiske fotos og videoer med deres smartphones. Huset er fremstillet af polykarbonat af h\u00f8j kvalitet, rustfrit st\u00e5l, h\u00e5rdt anodiseret aluminium og glas af optisk kvalitet, og det vejer kun 641 gram p\u00e5 land og har n\u00e6sten neutral opdrift under vand (afh\u00e6ngigt af den anvendte smartphone).<\/p>\n<p><strong>SportDiver S er ergonomisk designet med henblik p\u00e5 komfort og er meget brugervenlig. <\/strong>Kroppen har en stor printknap og lettilg\u00e6ngelige kontrolknapper p\u00e5 bagsiden, s\u00e5 den kan betjenes ubesv\u00e6ret, selv med dykkerhandsker p\u00e5. Fotografer, snorklere og dykkere kan forbedre deres kreativitet ved at bruge avancerede kameraindstillinger som zoomkontrol, eksponeringsjustering, automatisk\/manuel fokus, hvidbalance, objektivvalg, RAW + JPEG-tilstand og meget mere, afh\u00e6ngigt af telefonmodellen.<\/p>\n<p><strong>Det har aldrig v\u00e6ret nemmere at dykke med en smartphone!\u00a0<\/strong>SportDiver S indeholder flere generationer, der sikrer en behagelig dykker- og snorkeloplevelse med minder, du vil v\u00e6rds\u00e6tte for evigt.<\/p>\n<p><strong>SportDiver S-huset fungerer sammen med den gratis SportDiver-kameraapp<\/strong>som er tilg\u00e6ngelig til b\u00e5de Android- og iOS-platforme. N\u00e5r den kombineres med huset, forvandler appen en smartphone til et yderst kompetent undervandskamera og skifter nemt mellem foto- og videotilstande ved hj\u00e6lp af smartphonens indbyggede kamerateknologi for at levere de fotos og videoer i h\u00f8j kvalitet, som brugerne er vant til. Derudover slukker appens str\u00f8mbesparende tilstand midlertidigt for kameraet og d\u00e6mper sk\u00e6rmen, hvilket forl\u00e6nger batteriets levetid og g\u00f8r s\u00e6ttet aktivt igen med et enkelt tryk p\u00e5 en knap.<\/p>\n<p><strong>SeaLife tilbyder valgfrie filtre, linser<\/strong> og en 52 mm\/67 mm objektivfatning for yderligere at udvide dykkernes billedkreativitet.\u00a0<strong>Designet til ekstra lethed og alsidighed<\/strong>, The <strong>SportDiver S-kabinettet har tre 1\/4-20 stativmonteringsmuligheder, hvilket g\u00f8r det nemt at bruge med FlexConnect\/SeaDragon. <\/strong>foto-\/videolys. For at opn\u00e5 de bedste resultater anbefaler SeaLife, at man altid bruger en undervandslygte, n\u00e5r man dykker med SportDiver S.<\/p>\n<p><strong>For at sikre kompatibilitet skal du f\u00f8rst konsultere monteringsvejledningen for at afg\u00f8re, om den relevante telefonmodel passer til SportDiver S-huset.<\/strong>.<\/p>\n<p><strong><u>F\u00f8lger med SeaLife SportDiver S, model SL408: <\/u><\/strong><br \/>\nSportDiver S undervandstaske til smartphone<br \/>\nTre 1\/4-20 tilbeh\u00f8rsbeslag (til lys, bundplader og h\u00e5ndtag)<br \/>\nVakuumpumpe<br \/>\nGummigreb (12x sm\u00e5, 12x mellemstore og 12x store)<br \/>\nEkstra O-ringe (1x hovedt\u00e6tning og O-ring til vakuumkontrolport)<br \/>\nO-ring sm\u00f8remiddel<br \/>\nV\u00e6rkt\u00f8j til fjernelse af O-ringe<br \/>\nAnti-refleks-strips (3)<br \/>\nMoister Muncher smagspakke (1 kapsel)<br \/>\nAAA alkaliske batterier (2)<br \/>\nSportDiver S Rejsetaske<br \/>\nH\u00e5ndledsrem<\/p>","protected":false},"excerpt":{"rendered":"<p>SportDiver S Smartphone-etui.<br \/>\nProdukt nr. SL408<\/p>\n<p><strong>M\u00f8d SportDiver S, det unders\u00f8iske smartphone-etui designet til dykkere og snorklere p\u00e5 alle niveauer<\/strong>. Det er et supplement til den eksisterende SportDiver ULTRA i kollektionen. Det kompakte etui er garanteret vandt\u00e6t ned til 30 meters dybde og byder p\u00e5 flere opdateringer i forhold til den oprindelige SportDiver-model, hvor \"S\"-versionen er kompatibel med alle iPhone-modeller, inklusive Max-formater, samt mange Android-smartphones.<\/p>\n<p><strong>SportDiver S er designet til absolut p\u00e5lidelighed og brugervenlighed<\/strong> og giver dykkere og snorklere mulighed for at tage fantastiske fotos og videoer med deres smartphones. Huset er fremstillet af polykarbonat af h\u00f8j kvalitet, rustfrit st\u00e5l, h\u00e5rdt anodiseret aluminium og glas af optisk kvalitet, og det vejer kun 641 gram p\u00e5 land og har n\u00e6sten neutral opdrift under vand (afh\u00e6ngigt af den anvendte smartphone).<\/p>\n<p><strong>SportDiver S er ergonomisk designet med henblik p\u00e5 komfort og er meget brugervenlig. <\/strong>Kroppen har en stor printknap og lettilg\u00e6ngelige kontrolknapper p\u00e5 bagsiden, s\u00e5 den kan betjenes ubesv\u00e6ret, selv med dykkerhandsker p\u00e5. Fotografer, snorklere og dykkere kan forbedre deres kreativitet ved at bruge avancerede kameraindstillinger som zoomkontrol, eksponeringsjustering, automatisk\/manuel fokus, hvidbalance, objektivvalg, RAW + JPEG-tilstand og meget mere, afh\u00e6ngigt af telefonmodellen.<\/p>\n<p><strong>Det har aldrig v\u00e6ret nemmere at dykke med en smartphone!\u00a0<\/strong>SportDiver S indeholder flere generationer, der sikrer en behagelig dykker- og snorkeloplevelse med minder, du vil v\u00e6rds\u00e6tte for evigt.<\/p>\n<p><strong>SportDiver S-huset fungerer sammen med den gratis SportDiver-kameraapp<\/strong>som er tilg\u00e6ngelig til b\u00e5de Android- og iOS-platforme. N\u00e5r den kombineres med huset, forvandler appen en smartphone til et yderst kompetent undervandskamera og skifter nemt mellem foto- og videotilstande ved hj\u00e6lp af smartphonens indbyggede kamerateknologi for at levere de fotos og videoer i h\u00f8j kvalitet, som brugerne er vant til. Derudover slukker appens str\u00f8mbesparende tilstand midlertidigt for kameraet og d\u00e6mper sk\u00e6rmen, hvilket forl\u00e6nger batteriets levetid og g\u00f8r s\u00e6ttet aktivt igen med et enkelt tryk p\u00e5 en knap.<\/p>\n<p><strong>SeaLife tilbyder valgfrie filtre, linser<\/strong> og en 52 mm\/67 mm objektivfatning for yderligere at udvide dykkernes billedkreativitet.\u00a0<strong>Designet til ekstra lethed og alsidighed<\/strong>, The <strong>SportDiver S-kabinettet har tre 1\/4-20 stativmonteringsmuligheder, hvilket g\u00f8r det nemt at bruge med FlexConnect\/SeaDragon. <\/strong>foto-\/videolys. For at opn\u00e5 de bedste resultater anbefaler SeaLife, at man altid bruger en undervandslygte, n\u00e5r man dykker med SportDiver S.<\/p>\n<p><strong>For at sikre kompatibilitet skal du f\u00f8rst konsultere monteringsvejledningen for at afg\u00f8re, om den relevante telefonmodel passer til SportDiver S-huset.<\/strong>.<\/p>\n<p><strong><u>F\u00f8lger med SeaLife SportDiver S, model SL408: <\/u><\/strong><br \/>\nSportDiver S undervandstaske til smartphone<br \/>\nTre 1\/4-20 tilbeh\u00f8rsbeslag (til lys, bundplader og h\u00e5ndtag)<br \/>\nVakuumpumpe<br \/>\nGummigreb (12x sm\u00e5, 12x mellemstore og 12x store)<br \/>\nEkstra O-ringe (1x hovedt\u00e6tning og O-ring til vakuumkontrolport)<br \/>\nO-ring sm\u00f8remiddel<br \/>\nV\u00e6rkt\u00f8j til fjernelse af O-ringe<br \/>\nAnti-refleks-strips (3)<br \/>\nMoister Muncher smagspakke (1 kapsel)<br \/>\nAAA alkaliske batterier (2)<br \/>\nSportDiver S Rejsetaske<br \/>\nH\u00e5ndledsrem<\/p>\n<p>&nbsp;<\/p>\n<p>&nbsp;<\/p>","protected":false},"featured_media":3481,"comment_status":"open","ping_status":"closed","template":"","meta":{"_acf_changed":false},"product_brand":[],"product_cat":[387],"product_tag":[451,282,146,168,252,377,379,454,237,380],"class_list":{"0":"post-3401","1":"product","2":"type-product","3":"status-publish","4":"has-post-thumbnail","6":"product_cat-cameras-en-behuizing","7":"product_tag-cases","8":"product_tag-diving","9":"product_tag-fotografie","10":"product_tag-onderwater","11":"product_tag-onderwaterwereld","12":"product_tag-photography","13":"product_tag-sealife","14":"product_tag-sportdiver","15":"product_tag-underwater","16":"product_tag-universal","18":"first","19":"instock","20":"featured","21":"shipping-taxable","22":"product-type-simple"},"acf":[],"_links":{"self":[{"href":"https:\/\/sealife-cameras.eu\/da\/wp-json\/wp\/v2\/product\/3401","targetHints":{"allow":["GET"]}}],"collection":[{"href":"https:\/\/sealife-cameras.eu\/da\/wp-json\/wp\/v2\/product"}],"about":[{"href":"https:\/\/sealife-cameras.eu\/da\/wp-json\/wp\/v2\/types\/product"}],"replies":[{"embeddable":true,"href":"https:\/\/sealife-cameras.eu\/da\/wp-json\/wp\/v2\/comments?post=3401"}],"wp:featuredmedia":[{"embeddable":true,"href":"https:\/\/sealife-cameras.eu\/da\/wp-json\/wp\/v2\/media\/3481"}],"wp:attachment":[{"href":"https:\/\/sealife-cameras.eu\/da\/wp-json\/wp\/v2\/media?parent=3401"}],"wp:term":[{"taxonomy":"product_brand","embeddable":true,"href":"https:\/\/sealife-cameras.eu\/da\/wp-json\/wp\/v2\/product_brand?post=3401"},{"taxonomy":"product_cat","embeddable":true,"href":"https:\/\/sealife-cameras.eu\/da\/wp-json\/wp\/v2\/product_cat?post=3401"},{"taxonomy":"product_tag","embeddable":true,"href":"https:\/\/sealife-cameras.eu\/da\/wp-json\/wp\/v2\/product_tag?post=3401"}],"curies":[{"name":"wp","href":"https:\/\/api.w.org\/{rel}","templated":true}]}}