{"id":3570,"date":"2025-10-01T10:02:38","date_gmt":"2025-10-01T08:02:38","guid":{"rendered":"https:\/\/sealife-cameras.eu\/?post_type=product&#038;p=3570"},"modified":"2025-10-01T10:02:38","modified_gmt":"2025-10-01T08:02:38","slug":"roestvrijstalen-1-4-20-scharnieren-d-ring-2","status":"publish","type":"product","link":"https:\/\/sealife-cameras.eu\/da\/vare\/roestvrijstalen-1-4-20-scharnieren-d-ring-2\/","title":{"rendered":"H\u00e6ngsler i rustfrit st\u00e5l 1\/4-20 D-ring"},"content":{"rendered":"<p><em>H\u00e6ngsler i rustfrit st\u00e5l 1\/4-20 D-ring<br \/>\nProdukt nr. SL9981<\/em><\/p>\n<p>Den 1\/4-20 h\u00e6ngslede D-ring skrues fast i ethvert standard stativbeslag til fastg\u00f8relse af en snor eller h\u00e5ndledsrem. Den er ideel til at fastg\u00f8re en snor til Flex-Connect-h\u00e5ndtaget, Flex-Connect-bakken, Micro 2.0 eller enhver anden enhed med et standard \u00bc-20 stativbeslag. Fremstillet af 316 rustfrit st\u00e5l.<\/p>","protected":false},"excerpt":{"rendered":"<p>Roestvrijstalen 1\/4-20 Scharnieren D-Ring Product Nr. SL9981 De 1 \/ 4-20 scharnierende D-ring schroeven in elke standaard statiefbevestiging voor het bevestigen van [&hellip;]<\/p>\n","protected":false},"featured_media":2510,"comment_status":"open","ping_status":"closed","template":"","meta":{"_acf_changed":false},"product_brand":[],"product_cat":[465],"product_tag":[],"class_list":{"0":"post-3570","1":"product","2":"type-product","3":"status-publish","4":"has-post-thumbnail","6":"product_cat-overige-spare-parts","8":"first","9":"instock","10":"shipping-taxable","11":"product-type-simple"},"acf":[],"_links":{"self":[{"href":"https:\/\/sealife-cameras.eu\/da\/wp-json\/wp\/v2\/product\/3570","targetHints":{"allow":["GET"]}}],"collection":[{"href":"https:\/\/sealife-cameras.eu\/da\/wp-json\/wp\/v2\/product"}],"about":[{"href":"https:\/\/sealife-cameras.eu\/da\/wp-json\/wp\/v2\/types\/product"}],"replies":[{"embeddable":true,"href":"https:\/\/sealife-cameras.eu\/da\/wp-json\/wp\/v2\/comments?post=3570"}],"wp:featuredmedia":[{"embeddable":true,"href":"https:\/\/sealife-cameras.eu\/da\/wp-json\/wp\/v2\/media\/2510"}],"wp:attachment":[{"href":"https:\/\/sealife-cameras.eu\/da\/wp-json\/wp\/v2\/media?parent=3570"}],"wp:term":[{"taxonomy":"product_brand","embeddable":true,"href":"https:\/\/sealife-cameras.eu\/da\/wp-json\/wp\/v2\/product_brand?post=3570"},{"taxonomy":"product_cat","embeddable":true,"href":"https:\/\/sealife-cameras.eu\/da\/wp-json\/wp\/v2\/product_cat?post=3570"},{"taxonomy":"product_tag","embeddable":true,"href":"https:\/\/sealife-cameras.eu\/da\/wp-json\/wp\/v2\/product_tag?post=3570"}],"curies":[{"name":"wp","href":"https:\/\/api.w.org\/{rel}","templated":true}]}}