{"id":21,"date":"2024-01-18T19:56:45","date_gmt":"2024-01-18T19:56:45","guid":{"rendered":"https:\/\/eager-benz.45-82-188-209.plesk.page\/?page_id=21"},"modified":"2024-05-07T12:18:02","modified_gmt":"2024-05-07T10:18:02","slug":"garantie","status":"publish","type":"page","link":"https:\/\/sealife-cameras.eu\/de\/garantie\/","title":{"rendered":"Garantie"},"content":{"rendered":"<div data-elementor-type=\"wp-page\" data-elementor-id=\"21\" class=\"elementor elementor-21\" data-elementor-post-type=\"page\">\n\t\t\t\t\t\t<section class=\"has_ae_slider elementor-section elementor-top-section elementor-element elementor-element-4a8e963 elementor-section-boxed elementor-section-height-default elementor-section-height-default ae-bg-gallery-type-default\" data-id=\"4a8e963\" data-element_type=\"section\" data-e-type=\"section\" data-settings=\"{&quot;background_background&quot;:&quot;classic&quot;}\">\n\t\t\t\t\t\t<div class=\"elementor-container elementor-column-gap-default\">\n\t\t\t\t\t<div class=\"has_ae_slider elementor-column elementor-col-100 elementor-top-column elementor-element elementor-element-9e749f1 ae-bg-gallery-type-default\" data-id=\"9e749f1\" data-element_type=\"column\" data-e-type=\"column\" data-settings=\"{&quot;background_background&quot;:&quot;classic&quot;}\">\n\t\t\t<div class=\"elementor-widget-wrap elementor-element-populated\">\n\t\t\t\t\t\t<div class=\"elementor-element elementor-element-ac78edf elementor-widget elementor-widget-heading\" data-id=\"ac78edf\" data-element_type=\"widget\" data-e-type=\"widget\" data-widget_type=\"heading.default\">\n\t\t\t\t<div class=\"elementor-widget-container\">\n\t\t\t\t\t<h2 class=\"elementor-heading-title elementor-size-default\">Garantie<\/h2>\t\t\t\t<\/div>\n\t\t\t\t<\/div>\n\t\t\t\t<div class=\"elementor-element elementor-element-60f294c elementor-widget elementor-widget-text-editor\" data-id=\"60f294c\" data-element_type=\"widget\" data-e-type=\"widget\" data-widget_type=\"text-editor.default\">\n\t\t\t\t<div class=\"elementor-widget-container\">\n\t\t\t\t\t\t\t\t\t<p>Sollte ausnahmsweise ein Garantiefall eintreten, werden wir uns bem\u00fchen, diesen so schnell wie m\u00f6glich zu erledigen.<br \/>Der betreffende Artikel muss zusammen mit dem Kaufbeleg (handschriftliche Quittungen werden nicht akzeptiert) und der orangefarbenen (vollst\u00e4ndig ausgef\u00fcllten) Garantiekarte an die Kaufadresse zur\u00fcckgeschickt werden. Bei Fehlen des Kaufbelegs und der Garantiekarte kann keine Garantie gew\u00e4hrt werden. Der Artikel wird dann als Reparatur behandelt.<br \/>Vergessen Sie nicht, eine klare Beschreibung des Fehlers beizuf\u00fcgen. Das beschleunigt die Bearbeitung. Der Verk\u00e4ufer k\u00fcmmert sich um die weitere Garantieabwicklung.<\/p><p>Reparaturen von Sealife-Produkten k\u00f6nnen bei jedem Sealife-H\u00e4ndler abgegeben werden. F\u00fcr Reparaturen wird immer im Voraus ein Kostenvoranschlag erstellt. Bei Reparaturen werden immer Untersuchungskosten berechnet. Diese Pr\u00fcfkosten sind im Preis des Reparaturangebots enthalten. Wenn reparierte Produkte zur\u00fcckgeschickt werden, werden sie separat in Rechnung gestellt.<\/p><p>Es ist nicht m\u00f6glich, Garantieanspr\u00fcche oder Reparaturen direkt bei Sealife Benelux B.V. einzureichen.<\/p>\t\t\t\t\t\t\t\t<\/div>\n\t\t\t\t<\/div>\n\t\t\t\t\t<\/div>\n\t\t<\/div>\n\t\t\t\t\t<\/div>\n\t\t<\/section>\n\t\t\t\t<\/div>","protected":false},"excerpt":{"rendered":"<p>Garantie In het uitzonderlijke geval dat er aanspraak gemaakt moet worden op garantie zal getracht worden dit zo spoedig mogelijk te verzorgen.Het [&hellip;]<\/p>\n","protected":false},"author":1,"featured_media":0,"parent":0,"menu_order":0,"comment_status":"closed","ping_status":"closed","template":"","meta":{"_acf_changed":false,"footnotes":""},"class_list":["post-21","page","type-page","status-publish","hentry"],"acf":[],"_links":{"self":[{"href":"https:\/\/sealife-cameras.eu\/de\/wp-json\/wp\/v2\/pages\/21","targetHints":{"allow":["GET"]}}],"collection":[{"href":"https:\/\/sealife-cameras.eu\/de\/wp-json\/wp\/v2\/pages"}],"about":[{"href":"https:\/\/sealife-cameras.eu\/de\/wp-json\/wp\/v2\/types\/page"}],"author":[{"embeddable":true,"href":"https:\/\/sealife-cameras.eu\/de\/wp-json\/wp\/v2\/users\/1"}],"replies":[{"embeddable":true,"href":"https:\/\/sealife-cameras.eu\/de\/wp-json\/wp\/v2\/comments?post=21"}],"version-history":[{"count":16,"href":"https:\/\/sealife-cameras.eu\/de\/wp-json\/wp\/v2\/pages\/21\/revisions"}],"predecessor-version":[{"id":1692,"href":"https:\/\/sealife-cameras.eu\/de\/wp-json\/wp\/v2\/pages\/21\/revisions\/1692"}],"wp:attachment":[{"href":"https:\/\/sealife-cameras.eu\/de\/wp-json\/wp\/v2\/media?parent=21"}],"curies":[{"name":"wp","href":"https:\/\/api.w.org\/{rel}","templated":true}]}}