{"id":2345,"date":"2024-05-13T09:25:36","date_gmt":"2024-05-13T07:25:36","guid":{"rendered":"https:\/\/modest-cartwright.45-82-188-209.plesk.page\/?post_type=product&#038;p=2345"},"modified":"2025-07-10T15:07:29","modified_gmt":"2025-07-10T13:07:29","slug":"sea-dragon-2000","status":"publish","type":"product","link":"https:\/\/sealife-cameras.eu\/de\/produkt\/sea-dragon-2000\/","title":{"rendered":"Seedrache 2000"},"content":{"rendered":"<p><em>Seedrache 2000<br \/>\nProdukt-Nr. SL677<\/em><\/p>\n<p>DIESER ARTIKEL IST NUR IN BEGRENZTEM UMFANG VERF\u00dcGBAR.<\/p>\n<p>Die Sea Dragon 2000F UW Foto- und Videolampe liefert 2000 echte Lumen und einen gleichm\u00e4\u00dfigen, breiten Abstrahlwinkel von 120\u00b0. Diese revolution\u00e4re COB-LED-Technologie erzeugt einen Farbwiedergabeindex (CRI) von 80, der das nat\u00fcrliche Tageslicht imitiert. Die meisten anderen LEDs haben einen CRI von 70 und lassen Wellenl\u00e4ngen des sichtbaren Lichtspektrums aus. Entdecken Sie mit dieser Foto-Videoleuchte farbenfrohe Riffe und versteckte Meerestiere. Inklusive Flex-Connect Micro-Tray, Griff und GoPro\u00ae Kameraadapter.<\/p>\n<p>Spezifikationen<\/p>\n<p>Leistungsstarkes LED-Licht mit 2000 Lumen<br \/>\n3 Helligkeitsmodi<br \/>\n120\u00b0 breiter Abstrahlwinkel<br \/>\nBewertung der Tiefe bis 100 m \/ 330 ft<br \/>\nKorrosionsbest\u00e4ndiger Lampenkopf<br \/>\nInklusive Griff und einzelner Schublade<br \/>\nAuch als Light Head Only erh\u00e4ltlich<\/p>","protected":false},"excerpt":{"rendered":"<p>Sea Dragon 2000 Product Nr. SL677 DIT ITEM IS BEPERKT LEVERBAAR. De Sea Dragon 2000F UW foto-videolamp levert 2000 echte lumen en [&hellip;]<\/p>\n","protected":false},"featured_media":2785,"comment_status":"closed","ping_status":"closed","template":"","meta":{"_acf_changed":false},"product_brand":[],"product_cat":[142],"product_tag":[152,282,146,213,168,252,377,378,379,237,380],"class_list":{"0":"post-2345","1":"product","2":"type-product","3":"status-publish","4":"has-post-thumbnail","6":"product_cat-foto-en-videolampen","7":"product_tag-camera","8":"product_tag-diving","9":"product_tag-fotografie","10":"product_tag-light","11":"product_tag-onderwater","12":"product_tag-onderwaterwereld","13":"product_tag-photography","14":"product_tag-sea-dragon","15":"product_tag-sealife","16":"product_tag-underwater","17":"product_tag-universal","18":"product_shipping_class-pakket","20":"first","21":"instock","22":"product-type-simple"},"acf":[],"_links":{"self":[{"href":"https:\/\/sealife-cameras.eu\/de\/wp-json\/wp\/v2\/product\/2345","targetHints":{"allow":["GET"]}}],"collection":[{"href":"https:\/\/sealife-cameras.eu\/de\/wp-json\/wp\/v2\/product"}],"about":[{"href":"https:\/\/sealife-cameras.eu\/de\/wp-json\/wp\/v2\/types\/product"}],"replies":[{"embeddable":true,"href":"https:\/\/sealife-cameras.eu\/de\/wp-json\/wp\/v2\/comments?post=2345"}],"wp:featuredmedia":[{"embeddable":true,"href":"https:\/\/sealife-cameras.eu\/de\/wp-json\/wp\/v2\/media\/2785"}],"wp:attachment":[{"href":"https:\/\/sealife-cameras.eu\/de\/wp-json\/wp\/v2\/media?parent=2345"}],"wp:term":[{"taxonomy":"product_brand","embeddable":true,"href":"https:\/\/sealife-cameras.eu\/de\/wp-json\/wp\/v2\/product_brand?post=2345"},{"taxonomy":"product_cat","embeddable":true,"href":"https:\/\/sealife-cameras.eu\/de\/wp-json\/wp\/v2\/product_cat?post=2345"},{"taxonomy":"product_tag","embeddable":true,"href":"https:\/\/sealife-cameras.eu\/de\/wp-json\/wp\/v2\/product_tag?post=2345"}],"curies":[{"name":"wp","href":"https:\/\/api.w.org\/{rel}","templated":true}]}}