{"id":2347,"date":"2024-05-13T09:25:36","date_gmt":"2024-05-13T07:25:36","guid":{"rendered":"https:\/\/modest-cartwright.45-82-188-209.plesk.page\/?post_type=product&#038;p=2347"},"modified":"2024-08-20T12:42:51","modified_gmt":"2024-08-20T10:42:51","slug":"sea-dragon-duo-9000-set","status":"publish","type":"product","link":"https:\/\/sealife-cameras.eu\/de\/produkt\/sea-dragon-duo-9000-set\/","title":{"rendered":"Seedrache Duo 9000 Set"},"content":{"rendered":"<p><em>Seedrache Duo 9000 Set<br \/>\nProdukt-Nr. SL692<\/em><\/p>\n<p>BITTE BEACHTEN SIE, DASS DIESES PRODUKT NUR IN BEGRENZTEM UMFANG VERF\u00dcGBAR IST.<\/p>\n<p>Das Sea Dragon Duo 9000 Set ist das perfekte Foto-\/Video-Lichtset f\u00fcr optimale Unterwasserfarben mit einem extrem hohen Farbwiedergabeindex von 96 und einem wunderbar nat\u00fcrlichen TLCI (TV Illumination Index) von 97. Dieses Set enth\u00e4lt alle Werkzeuge, die Sie f\u00fcr brillante Videos und lebendige Fotos ben\u00f6tigen. Mit zwei Lichtk\u00f6pfen von je 120\u00b0 k\u00f6nnen Sie Ihre Motive auch bei Verwendung von Weitwinkelobjektiven mit Sonnenlicht ausleuchten.<\/p>\n<p>Spezifikationen<\/p>\n<p>Zwei leistungsstarke Lampen mit 4500 Lumen<br \/>\n120\u00b0 breiter Abstrahlwinkel<br \/>\nBewertung der Tiefe bis 100 m \/ 330 ft<br \/>\nFarbwiedergabeindex (CRI) von 96<br \/>\nEinschlie\u00dflich SL944 Duo-Koffer<\/p>","protected":false},"excerpt":{"rendered":"<p>Sea Dragon Duo 9000 Set Product Nr. SL692 LET OP DIT PRODUCT IS BEPERKT LEVERBAAR. De Sea Dragon Duo 9000 Set is [&hellip;]<\/p>\n","protected":false},"featured_media":2787,"comment_status":"closed","ping_status":"closed","template":"","meta":{"_acf_changed":false},"product_brand":[],"product_cat":[142],"product_tag":[152,282,146,213,168,252,377,378,379,57,237,380],"class_list":{"0":"post-2347","1":"product","2":"type-product","3":"status-publish","4":"has-post-thumbnail","6":"product_cat-foto-en-videolampen","7":"product_tag-camera","8":"product_tag-diving","9":"product_tag-fotografie","10":"product_tag-light","11":"product_tag-onderwater","12":"product_tag-onderwaterwereld","13":"product_tag-photography","14":"product_tag-sea-dragon","15":"product_tag-sealife","16":"product_tag-set","17":"product_tag-underwater","18":"product_tag-universal","19":"product_shipping_class-pakket","21":"first","22":"instock","23":"product-type-simple"},"acf":[],"_links":{"self":[{"href":"https:\/\/sealife-cameras.eu\/de\/wp-json\/wp\/v2\/product\/2347","targetHints":{"allow":["GET"]}}],"collection":[{"href":"https:\/\/sealife-cameras.eu\/de\/wp-json\/wp\/v2\/product"}],"about":[{"href":"https:\/\/sealife-cameras.eu\/de\/wp-json\/wp\/v2\/types\/product"}],"replies":[{"embeddable":true,"href":"https:\/\/sealife-cameras.eu\/de\/wp-json\/wp\/v2\/comments?post=2347"}],"wp:featuredmedia":[{"embeddable":true,"href":"https:\/\/sealife-cameras.eu\/de\/wp-json\/wp\/v2\/media\/2787"}],"wp:attachment":[{"href":"https:\/\/sealife-cameras.eu\/de\/wp-json\/wp\/v2\/media?parent=2347"}],"wp:term":[{"taxonomy":"product_brand","embeddable":true,"href":"https:\/\/sealife-cameras.eu\/de\/wp-json\/wp\/v2\/product_brand?post=2347"},{"taxonomy":"product_cat","embeddable":true,"href":"https:\/\/sealife-cameras.eu\/de\/wp-json\/wp\/v2\/product_cat?post=2347"},{"taxonomy":"product_tag","embeddable":true,"href":"https:\/\/sealife-cameras.eu\/de\/wp-json\/wp\/v2\/product_tag?post=2347"}],"curies":[{"name":"wp","href":"https:\/\/api.w.org\/{rel}","templated":true}]}}