{"id":2351,"date":"2024-05-13T09:25:36","date_gmt":"2024-05-13T07:25:36","guid":{"rendered":"https:\/\/modest-cartwright.45-82-188-209.plesk.page\/?post_type=product&#038;p=2351"},"modified":"2024-08-20T12:42:50","modified_gmt":"2024-08-20T10:42:50","slug":"sea-dragon-mini-fluoro","status":"publish","type":"product","link":"https:\/\/sealife-cameras.eu\/de\/produkt\/sea-dragon-mini-fluoro\/","title":{"rendered":"Seedrache Mini Fluoro"},"content":{"rendered":"<p><em>Seedrache Mini Fluoro<br \/>\nProdukt-Nr. SL655<\/em><\/p>\n<p>ACHTUNG: BEGRENZTES ANGEBOT<\/p>\n<p>Unterwasserfluoreszenz ist mit der Sea Dragon Mini Fluoro leicht zu erkennen. Die k\u00f6nigsblaue LED der Sea Dragon Mini Fluoro Unterwasser-Fluoreszenzleuchte emittiert ein blaues Licht in Kombination mit einem fein abgestimmten und patentierten dichroitischen Filter, der die genaue Lichtwellenl\u00e4nge festlegt, um die h\u00f6chste Energiereaktion von der Unterwasserpflanze oder -kreatur f\u00fcr eine gro\u00dfartige Unterwasser-Lichtshow zu erhalten. Inklusive gelbem Sperrmaskenfilter, um \u00fcbersch\u00fcssiges blaues Licht zu filtern.<\/p>\n<p>Spezifikationen<\/p>\n<p>Entwickelt f\u00fcr die Fluoroskopie<br \/>\n14 \u00b0 blauer \/ dichroitischer Spotstrahl<br \/>\n7 Watt\/m\u00b2 Leistung<br \/>\nEin-Knopf-Bedienung<br \/>\n120 Minuten Betriebszeit bei voller Leistung<br \/>\nTiefe getestet bis 100 m \/ 330 ft<\/p>","protected":false},"excerpt":{"rendered":"<p>Sea Dragon Mini Fluoro Product Nr. SL655 LET OP BEPERKT LEVERBAAR Onderwaterfluorescentie is gemakkelijk te zien met de Sea Dragon Mini Fluoro. [&hellip;]<\/p>\n","protected":false},"featured_media":2765,"comment_status":"closed","ping_status":"closed","template":"","meta":{"_acf_changed":false},"product_brand":[],"product_cat":[44],"product_tag":[152,282,384,146,213,168,252,377,378,379,237,380],"class_list":{"0":"post-2351","1":"product","2":"type-product","3":"status-publish","4":"has-post-thumbnail","6":"product_cat-duiklampen","7":"product_tag-camera","8":"product_tag-diving","9":"product_tag-fluoro","10":"product_tag-fotografie","11":"product_tag-light","12":"product_tag-onderwater","13":"product_tag-onderwaterwereld","14":"product_tag-photography","15":"product_tag-sea-dragon","16":"product_tag-sealife","17":"product_tag-underwater","18":"product_tag-universal","19":"product_shipping_class-pakket","21":"first","22":"instock","23":"product-type-simple"},"acf":[],"_links":{"self":[{"href":"https:\/\/sealife-cameras.eu\/de\/wp-json\/wp\/v2\/product\/2351","targetHints":{"allow":["GET"]}}],"collection":[{"href":"https:\/\/sealife-cameras.eu\/de\/wp-json\/wp\/v2\/product"}],"about":[{"href":"https:\/\/sealife-cameras.eu\/de\/wp-json\/wp\/v2\/types\/product"}],"replies":[{"embeddable":true,"href":"https:\/\/sealife-cameras.eu\/de\/wp-json\/wp\/v2\/comments?post=2351"}],"wp:featuredmedia":[{"embeddable":true,"href":"https:\/\/sealife-cameras.eu\/de\/wp-json\/wp\/v2\/media\/2765"}],"wp:attachment":[{"href":"https:\/\/sealife-cameras.eu\/de\/wp-json\/wp\/v2\/media?parent=2351"}],"wp:term":[{"taxonomy":"product_brand","embeddable":true,"href":"https:\/\/sealife-cameras.eu\/de\/wp-json\/wp\/v2\/product_brand?post=2351"},{"taxonomy":"product_cat","embeddable":true,"href":"https:\/\/sealife-cameras.eu\/de\/wp-json\/wp\/v2\/product_cat?post=2351"},{"taxonomy":"product_tag","embeddable":true,"href":"https:\/\/sealife-cameras.eu\/de\/wp-json\/wp\/v2\/product_tag?post=2351"}],"curies":[{"name":"wp","href":"https:\/\/api.w.org\/{rel}","templated":true}]}}